{"id":8593,"date":"2025-06-05T12:20:10","date_gmt":"2025-06-05T10:20:10","guid":{"rendered":"https:\/\/ipec2025.ipec-group.com\/mahle\/"},"modified":"2025-08-15T12:46:22","modified_gmt":"2025-08-15T10:46:22","slug":"mahle","status":"publish","type":"page","link":"https:\/\/ipec2025.ipec-group.com\/sk\/mahle\/","title":{"rendered":"MAHLE"},"content":{"rendered":"\t\t<div data-elementor-type=\"wp-page\" data-elementor-id=\"8593\" class=\"elementor elementor-8593 elementor-7221\" data-elementor-post-type=\"page\">\n\t\t\t\t<div class=\"elementor-element elementor-element-232b62f e-con-full e-flex e-con e-parent\" data-id=\"232b62f\" data-element_type=\"container\" data-settings=\"{&quot;background_background&quot;:&quot;classic&quot;}\">\n\t\t<div class=\"elementor-element elementor-element-8ea97f2 animated-fast e-flex e-con-boxed elementor-invisible e-con e-child\" data-id=\"8ea97f2\" data-element_type=\"container\" data-settings=\"{&quot;animation&quot;:&quot;fadeIn&quot;,&quot;animation_delay&quot;:300}\">\n\t\t\t\t\t<div class=\"e-con-inner\">\n\t\t\t\t<div class=\"elementor-element elementor-element-09e33de elementor-widget elementor-widget-heading\" data-id=\"09e33de\" data-element_type=\"widget\" data-widget_type=\"heading.default\">\n\t\t\t\t<div class=\"elementor-widget-container\">\n\t\t\t\t\t<h2 class=\"elementor-heading-title elementor-size-default\">MAHLE Behr Senica<\/h2>\t\t\t\t<\/div>\n\t\t\t\t<\/div>\n\t\t\t\t<div class=\"elementor-element elementor-element-1a0cad6 elementor-widget elementor-widget-heading\" data-id=\"1a0cad6\" data-element_type=\"widget\" data-widget_type=\"heading.default\">\n\t\t\t\t<div class=\"elementor-widget-container\">\n\t\t\t\t\t<h2 class=\"elementor-heading-title elementor-size-default\">Vlajkov\u00e1 lo\u010f automobilov\u00e9ho v\u00fdskumu a v\u00fdvoja a v\u00fdrobn\u00e9 centrum<\/h2>\t\t\t\t<\/div>\n\t\t\t\t<\/div>\n\t\t\t\t\t<\/div>\n\t\t\t\t<\/div>\n\t\t\t\t<\/div>\n\t\t<div class=\"elementor-element elementor-element-a244a3a animated-fast e-flex e-con-boxed elementor-invisible e-con e-parent\" data-id=\"a244a3a\" data-element_type=\"container\" data-settings=\"{&quot;background_background&quot;:&quot;classic&quot;,&quot;animation&quot;:&quot;fadeIn&quot;,&quot;animation_delay&quot;:300}\">\n\t\t\t\t\t<div class=\"e-con-inner\">\n\t\t<div class=\"elementor-element elementor-element-0b0e249 e-con-full e-flex e-con e-child\" data-id=\"0b0e249\" data-element_type=\"container\">\n\t\t<div class=\"elementor-element elementor-element-c371d6b e-con-full e-flex e-con e-child\" data-id=\"c371d6b\" data-element_type=\"container\">\n\t\t\t\t<div class=\"elementor-element elementor-element-a39da2d elementor-widget elementor-widget-counter\" data-id=\"a39da2d\" data-element_type=\"widget\" data-widget_type=\"counter.default\">\n\t\t\t\t<div class=\"elementor-widget-container\">\n\t\t\t\t\t\t\t<div class=\"elementor-counter\">\n\t\t\t\t\t\t<div class=\"elementor-counter-number-wrapper\">\n\t\t\t\t<span class=\"elementor-counter-number-prefix\"><\/span>\n\t\t\t\t<span class=\"elementor-counter-number\" data-duration=\"1500\" data-to-value=\"30000\" data-from-value=\"0\" data-delimiter=\".\">0<\/span>\n\t\t\t\t<span class=\"elementor-counter-number-suffix\">m\u00b2<\/span>\n\t\t\t<\/div>\n\t\t<\/div>\n\t\t\t\t\t\t<\/div>\n\t\t\t\t<\/div>\n\t\t\t\t<div class=\"elementor-element elementor-element-e5813b0 elementor-widget elementor-widget-heading\" data-id=\"e5813b0\" data-element_type=\"widget\" data-widget_type=\"heading.default\">\n\t\t\t\t<div class=\"elementor-widget-container\">\n\t\t\t\t\t<h5 class=\"elementor-heading-title elementor-size-default\">Celkov\u00e1 plocha<\/h5>\t\t\t\t<\/div>\n\t\t\t\t<\/div>\n\t\t\t\t<\/div>\n\t\t<div class=\"elementor-element elementor-element-21902cc e-con-full e-flex e-con e-child\" data-id=\"21902cc\" data-element_type=\"container\">\n\t\t\t\t<div class=\"elementor-element elementor-element-c403280 elementor-widget elementor-widget-counter\" data-id=\"c403280\" data-element_type=\"widget\" data-widget_type=\"counter.default\">\n\t\t\t\t<div class=\"elementor-widget-container\">\n\t\t\t\t\t\t\t<div class=\"elementor-counter\">\n\t\t\t\t\t\t<div class=\"elementor-counter-number-wrapper\">\n\t\t\t\t<span class=\"elementor-counter-number-prefix\"><\/span>\n\t\t\t\t<span class=\"elementor-counter-number\" data-duration=\"1500\" data-to-value=\"13000\" data-from-value=\"0\" data-delimiter=\".\">0<\/span>\n\t\t\t\t<span class=\"elementor-counter-number-suffix\">m\u00b2<\/span>\n\t\t\t<\/div>\n\t\t<\/div>\n\t\t\t\t\t\t<\/div>\n\t\t\t\t<\/div>\n\t\t\t\t<div class=\"elementor-element elementor-element-7e9b553 elementor-widget elementor-widget-heading\" data-id=\"7e9b553\" data-element_type=\"widget\" data-widget_type=\"heading.default\">\n\t\t\t\t<div class=\"elementor-widget-container\">\n\t\t\t\t\t<h5 class=\"elementor-heading-title elementor-size-default\">V\u00fdrobn\u00e1 hala<\/h5>\t\t\t\t<\/div>\n\t\t\t\t<\/div>\n\t\t\t\t<\/div>\n\t\t<div class=\"elementor-element elementor-element-092cad6 e-con-full e-flex e-con e-child\" data-id=\"092cad6\" data-element_type=\"container\">\n\t\t\t\t<div class=\"elementor-element elementor-element-7e605a1 elementor-widget elementor-widget-counter\" data-id=\"7e605a1\" data-element_type=\"widget\" data-widget_type=\"counter.default\">\n\t\t\t\t<div class=\"elementor-widget-container\">\n\t\t\t\t\t\t\t<div class=\"elementor-counter\">\n\t\t\t\t\t\t<div class=\"elementor-counter-number-wrapper\">\n\t\t\t\t<span class=\"elementor-counter-number-prefix\"><\/span>\n\t\t\t\t<span class=\"elementor-counter-number\" data-duration=\"1500\" data-to-value=\"350\" data-from-value=\"0\" data-delimiter=\".\">0<\/span>\n\t\t\t\t<span class=\"elementor-counter-number-suffix\">+<\/span>\n\t\t\t<\/div>\n\t\t<\/div>\n\t\t\t\t\t\t<\/div>\n\t\t\t\t<\/div>\n\t\t\t\t<div class=\"elementor-element elementor-element-5b2ae05 elementor-widget elementor-widget-heading\" data-id=\"5b2ae05\" data-element_type=\"widget\" data-widget_type=\"heading.default\">\n\t\t\t\t<div class=\"elementor-widget-container\">\n\t\t\t\t\t<h5 class=\"elementor-heading-title elementor-size-default\">Nov\u00e9 pracovn\u00e9 miesta<\/h5>\t\t\t\t<\/div>\n\t\t\t\t<\/div>\n\t\t\t\t<\/div>\n\t\t\t\t<\/div>\n\t\t<div class=\"elementor-element elementor-element-7196d66 e-con-full e-flex e-con e-child\" data-id=\"7196d66\" data-element_type=\"container\">\n\t\t\t\t<div class=\"elementor-element elementor-element-f1997c4 elementor-widget elementor-widget-text-editor\" data-id=\"f1997c4\" data-element_type=\"widget\" data-widget_type=\"text-editor.default\">\n\t\t\t\t<div class=\"elementor-widget-container\">\n\t\t\t\t\t\t\t\t\t<p>Nemeck\u00e1 skupina <strong>MAHLE Behr je<\/strong> popredn\u00fdm svetov\u00fdm dod\u00e1vate\u013eom automobilov\u00fdch komponentov a priekopn\u00edkom v oblasti rie\u0161en\u00ed mobility bud\u00facnosti.<\/p><p> <\/p><p><strong>Skupina<\/strong> IPEC <strong>je<\/strong> u\u017e viac ako 20 rokov hnacou silou rozvoja <strong>priemyseln\u00e9ho parku v Senici,<\/strong> kde <strong>p\u00f4sob\u00ed<\/strong> ako investor a developer v\u00fdrobn\u00fdch h\u00e1l a v\u00fdskumn\u00fdch zariaden\u00ed pre spolo\u010dnos\u0165 MAHLE Behr. T\u00e1to iniciat\u00edva, ktor\u00e1 sa uskuto\u010dnila bez verejn\u00e9ho financovania, zah\u0155\u0148a viac ako 30 000 <strong>m\u00b2 vyu\u017eite\u013enej plochy.<\/strong> <\/p><p> <\/p><p>Spolo\u010dnos\u0165 IPEC riadila pr\u00edpravu pozemkov, rozvoj infra\u0161trukt\u00fary a v\u00fdstavbu v\u00fdrobn\u00fdch a v\u00fdskumno-v\u00fdvojov\u00fdch zariaden\u00ed. Nov\u00e1 <strong>v\u00fdrobn\u00e1<\/strong> hala s rozlohou <strong>13 000 m\u00b2<\/strong>, ktorej dokon\u010denie a odovzdanie je napl\u00e1novan\u00e9 na jese\u0148 2023, vytvor\u00ed 350 nov\u00fdch pracovn\u00fdch miest, <strong>zv\u00fd\u0161i protipovod\u0148ov\u00fa ochranu<\/strong> obce a vytvor\u00ed verejne pr\u00edstupn\u00fa zelen\u00fa z\u00f3nu s upraven\u00fdm parkom na rekrea\u010dn\u00e9 a \u0161portov\u00e9 aktivity.<\/p><p> <\/p><p>Tieto v\u00fdrobn\u00e9 a v\u00fdskumn\u00e9 priestory s\u00fa ur\u010den\u00e9 na v\u00fdrobu a v\u00fdskum automobilov\u00fdch chladiacich syst\u00e9mov. Roz\u0161\u00edrenie z\u00e1vodu MAHLE Behr Senica podpor\u00ed a\u017e <strong>1 000 pracovn\u00fdch miest, z<\/strong> ktor\u00fdch <strong>mnoh\u00e9<\/strong> bud\u00fa ur\u010den\u00e9 pre vysokokvalifikovan\u00fdch odborn\u00edkov.<\/p>\t\t\t\t\t\t\t\t<\/div>\n\t\t\t\t<\/div>\n\t\t\t\t<div class=\"elementor-element elementor-element-144b566 elementor-widget elementor-widget-video\" data-id=\"144b566\" data-element_type=\"widget\" data-settings=\"{&quot;youtube_url&quot;:&quot;https:\\\/\\\/www.youtube.com\\\/watch?v=XNmxMYnties&quot;,&quot;show_image_overlay&quot;:&quot;yes&quot;,&quot;image_overlay&quot;:{&quot;url&quot;:&quot;https:\\\/\\\/ipec2025.ipec-group.com\\\/wp-content\\\/uploads\\\/2025\\\/06\\\/mahle-headquarter-entrance-2017_keyvisualcontent.jpg&quot;,&quot;id&quot;:7224,&quot;size&quot;:&quot;&quot;,&quot;alt&quot;:&quot;&quot;,&quot;source&quot;:&quot;library&quot;},&quot;video_type&quot;:&quot;youtube&quot;,&quot;controls&quot;:&quot;yes&quot;}\" data-widget_type=\"video.default\">\n\t\t\t\t<div class=\"elementor-widget-container\">\n\t\t\t\t\t\t\t<div class=\"elementor-wrapper elementor-open-inline\">\n\t\t\t<div class=\"elementor-video\"><\/div>\t\t\t\t<div class=\"elementor-custom-embed-image-overlay\" style=\"background-image: url(https:\/\/ipec2025.ipec-group.com\/wp-content\/uploads\/2025\/06\/mahle-headquarter-entrance-2017_keyvisualcontent.jpg);\">\n\t\t\t\t\t\t\t\t\t\t\t\t\t\t\t\t<div class=\"elementor-custom-embed-play\" role=\"button\" aria-label=\"Prehra\u0165 video\" tabindex=\"0\">\n\t\t\t\t\t\t\t<svg aria-hidden=\"true\" class=\"e-font-icon-svg e-eicon-play\" viewBox=\"0 0 1000 1000\" xmlns=\"http:\/\/www.w3.org\/2000\/svg\"><path d=\"M838 162C746 71 633 25 500 25 371 25 258 71 163 162 71 254 25 367 25 500 25 633 71 746 163 837 254 929 367 979 500 979 633 979 746 933 838 837 929 746 975 633 975 500 975 367 929 254 838 162M808 192C892 279 933 379 933 500 933 621 892 725 808 808 725 892 621 938 500 938 379 938 279 896 196 808 113 725 67 621 67 500 67 379 108 279 196 192 279 108 383 62 500 62 621 62 721 108 808 192M438 392V642L642 517 438 392Z\"><\/path><\/svg>\t\t\t\t\t\t<\/div>\n\t\t\t\t\t\t\t\t\t<\/div>\n\t\t\t\t\t<\/div>\n\t\t\t\t\t\t<\/div>\n\t\t\t\t<\/div>\n\t\t\t\t<div class=\"elementor-element elementor-element-db9e632 elementor-widget elementor-widget-image\" data-id=\"db9e632\" data-element_type=\"widget\" data-widget_type=\"image.default\">\n\t\t\t\t<div class=\"elementor-widget-container\">\n\t\t\t\t\t\t\t\t\t\t\t\t\t\t\t\t<a href=\"https:\/\/www.mahle.com\/en\/\" target=\"_blank\">\n\t\t\t\t\t\t\t<img decoding=\"async\" width=\"113\" height=\"25\" src=\"https:\/\/ipec2025.ipec-group.com\/wp-content\/uploads\/2025\/06\/mahle_logo_2020.png\" class=\"attachment-full size-full wp-image-8263\" alt=\"\" \/>\t\t\t\t\t\t\t\t<\/a>\n\t\t\t\t\t\t\t\t\t\t\t\t\t\t\t<\/div>\n\t\t\t\t<\/div>\n\t\t\t\t<\/div>\n\t\t\t\t\t<\/div>\n\t\t\t\t<\/div>\n\t\t<div class=\"elementor-element elementor-element-aeb55f4 button-default animated-fast elementor-hidden-desktop elementor-hidden-tablet elementor-hidden-mobile e-flex e-con-boxed elementor-invisible e-con e-parent\" data-id=\"aeb55f4\" data-element_type=\"container\" data-settings=\"{&quot;background_background&quot;:&quot;classic&quot;,&quot;animation&quot;:&quot;fadeIn&quot;,&quot;animation_delay&quot;:300}\">\n\t\t\t\t\t<div class=\"e-con-inner\">\n\t\t\t\t<div class=\"elementor-element elementor-element-a8eb5be elementor-widget elementor-widget-button\" data-id=\"a8eb5be\" data-element_type=\"widget\" data-widget_type=\"button.default\">\n\t\t\t\t<div class=\"elementor-widget-container\">\n\t\t\t\t\t\t\t\t\t<div class=\"elementor-button-wrapper\">\n\t\t\t\t\t<a class=\"elementor-button elementor-button-link elementor-size-sm\" href=\"https:\/\/www.mahle.com\/en\/\" target=\"_blank\">\n\t\t\t\t\t\t<span class=\"elementor-button-content-wrapper\">\n\t\t\t\t\t\t\t\t\t<span class=\"elementor-button-text\">Zistite viac o spolo\u010dnosti MAHLE<\/span>\n\t\t\t\t\t<\/span>\n\t\t\t\t\t<\/a>\n\t\t\t\t<\/div>\n\t\t\t\t\t\t\t\t<\/div>\n\t\t\t\t<\/div>\n\t\t\t\t\t<\/div>\n\t\t\t\t<\/div>\n\t\t<div class=\"elementor-element elementor-element-3ef6ea9 e-con-full animated-fast e-flex elementor-invisible e-con e-parent\" data-id=\"3ef6ea9\" data-element_type=\"container\" data-settings=\"{&quot;animation&quot;:&quot;fadeIn&quot;,&quot;animation_delay&quot;:300}\">\n\t\t\t\t<div class=\"elementor-element elementor-element-e9e3ab6 elementor-widget elementor-widget-html\" data-id=\"e9e3ab6\" data-element_type=\"widget\" data-widget_type=\"html.default\">\n\t\t\t\t<div class=\"elementor-widget-container\">\n\t\t\t\t\t<!-- Contact CTA -->\r\n    <section class=\"py-20 bg-ipec-blue\">\r\n        <div class=\"container mx-auto px-6 text-center mb-20\">\r\n            <h2 class=\"text-4xl font-bold text-white mb-6\">Ste pripraven\u00ed zabezpe\u010di\u0165 si strategick\u00fa polohu?<\/h2>\r\n            <p class=\"text-xl text-blue-200 mb-8 max-w-3xl mx-auto\">\r\n  Ak h\u013ead\u00e1te nehnute\u013enosti a chcete sa dosta\u0165 na vy\u0161\u0161iu \u00farove\u0148, IPEC poskytuje infra\u0161trukt\u00faru a lokalitu na podporu rastu v\u00e1\u0161ho podnikania.\r\n            <\/p>\r\n            <div class=\"flex flex-wrap gap-4 justify-center\">\r\n                <a href=\"#contact\">\r\n                    <button class=\"button-success w-full sm:w-auto\" data-topic=\"mahle\">\r\n  Kontaktujte n\u00e1s na adrese IPEC\r\n                    <\/button>\r\n                <\/a>\r\n            <\/div>\r\n        <\/div>\r\n        \r\n        <div class=\"container mx-auto px-6\">\r\n            <div class=\"flex justify-center gap-8 max-w-4xl mx-auto\">\r\n\r\n                <!-- IPEC Group Link -->\r\n                <a href=\"https:\/\/ipec2025.ipec-group.com\/sk\/\" class=\"bg-white rounded-2xl !shadow-lg hover:shadow-xl transition-all duration-300 overflow-hidden group\">\r\n                    <div class=\"aspect-video bg-gradient-to-br from-green-500 to-blue-600 flex items-center justify-center\">\r\n                        <div class=\"text-center text-white\">\r\n                            <i class=\"fas fa-building text-4xl mb-4\"><\/i>\r\n                            <h3 class=\"text-2xl font-bold\">O skupine IPEC<\/h3>\r\n                        <\/div>\r\n                    <\/div>\r\n                    <div class=\"p-6\">\r\n                        <h4 class=\"text-xl font-bold text-gray-800 mb-2\">Zozn\u00e1mte sa so svoj\u00edm partnerom pre v\u00fdvoj<\/h4>\r\n                        <p class=\"text-gray-600 mb-4\">Viac ako 30 rokov excelentnosti v oblasti eur\u00f3pskych nehnute\u013enost\u00ed<\/p>\r\n                        <div class=\"flex items-center text-ipec-blue font-semibold group-hover:text-blue-800 transition-colors\">\r\n                            <span>Zistite o n\u00e1s viac<\/span>\r\n                            <i class=\"fas fa-arrow-right ml-2 transform group-hover:translate-x-1 transition-transform\"><\/i>\r\n                        <\/div>\r\n                    <\/div>\r\n                <\/a>\r\n\r\n            <\/div>\r\n        <\/div>\r\n    <\/section>\t\t\t\t<\/div>\n\t\t\t\t<\/div>\n\t\t\t\t<\/div>\n\t\t\t\t<\/div>\n\t\t","protected":false},"excerpt":{"rendered":"<p>MAHLE Behr Senica Vlajkov\u00e1 lo\u010f automobilov\u00e9ho v\u00fdskumu a v\u00fdvoja a v\u00fdrobn\u00e9 centrum 0 m\u00b2 Celkov\u00e1 plocha 0 m\u00b2 V\u00fdrobn\u00e1 hala 0 + Nov\u00e9 pracovn\u00e9 miesta Nemeck\u00e1 skupina MAHLE Behr je popredn\u00fdm svetov\u00fdm dod\u00e1vate\u013eom automobilov\u00fdch komponentov a priekopn\u00edkom v oblasti rie\u0161en\u00ed mobility bud\u00facnosti. Skupina IPEC je u\u017e viac ako 20 rokov hnacou silou rozvoja priemyseln\u00e9ho parku [&hellip;]<\/p>\n","protected":false},"author":1,"featured_media":0,"parent":0,"menu_order":0,"comment_status":"closed","ping_status":"closed","template":"","meta":{"footnotes":""},"class_list":["post-8593","page","type-page","status-publish","hentry"],"yoast_head":"<!-- This site is optimized with the Yoast SEO plugin v25.3 - https:\/\/yoast.com\/wordpress\/plugins\/seo\/ -->\n<title>MAHLE - IPEC-Group<\/title>\n<meta name=\"robots\" content=\"index, follow, max-snippet:-1, max-image-preview:large, max-video-preview:-1\" \/>\n<link rel=\"canonical\" href=\"https:\/\/ipec2025.ipec-group.com\/sk\/mahle\/\" \/>\n<meta property=\"og:locale\" content=\"sk_SK\" \/>\n<meta property=\"og:type\" content=\"article\" \/>\n<meta property=\"og:title\" content=\"MAHLE - IPEC-Group\" \/>\n<meta property=\"og:description\" content=\"MAHLE Behr Senica Vlajkov\u00e1 lo\u010f automobilov\u00e9ho v\u00fdskumu a v\u00fdvoja a v\u00fdrobn\u00e9 centrum 0 m\u00b2 Celkov\u00e1 plocha 0 m\u00b2 V\u00fdrobn\u00e1 hala 0 + Nov\u00e9 pracovn\u00e9 miesta Nemeck\u00e1 skupina MAHLE Behr je popredn\u00fdm svetov\u00fdm dod\u00e1vate\u013eom automobilov\u00fdch komponentov a priekopn\u00edkom v oblasti rie\u0161en\u00ed mobility bud\u00facnosti. Skupina IPEC je u\u017e viac ako 20 rokov hnacou silou rozvoja priemyseln\u00e9ho parku [&hellip;]\" \/>\n<meta property=\"og:url\" content=\"https:\/\/ipec2025.ipec-group.com\/sk\/mahle\/\" \/>\n<meta property=\"og:site_name\" content=\"IPEC-Group\" \/>\n<meta property=\"article:modified_time\" content=\"2025-08-15T10:46:22+00:00\" \/>\n<meta property=\"og:image\" content=\"https:\/\/ipec2025.ipec-group.com\/wp-content\/uploads\/2025\/06\/mahle_logo_2020.png\" \/>\n\t<meta property=\"og:image:width\" content=\"113\" \/>\n\t<meta property=\"og:image:height\" content=\"25\" \/>\n\t<meta property=\"og:image:type\" content=\"image\/png\" \/>\n<meta name=\"twitter:card\" content=\"summary_large_image\" \/>\n<meta name=\"twitter:label1\" content=\"Predpokladan\u00fd \u010das \u010d\u00edtania\" \/>\n\t<meta name=\"twitter:data1\" content=\"2 min\u00faty\" \/>\n<script type=\"application\/ld+json\" class=\"yoast-schema-graph\">{\"@context\":\"https:\/\/schema.org\",\"@graph\":[{\"@type\":\"WebPage\",\"@id\":\"https:\/\/ipec2025.ipec-group.com\/sk\/mahle\/\",\"url\":\"https:\/\/ipec2025.ipec-group.com\/sk\/mahle\/\",\"name\":\"MAHLE - IPEC-Group\",\"isPartOf\":{\"@id\":\"https:\/\/ipec2025.ipec-group.com\/sk\/#website\"},\"primaryImageOfPage\":{\"@id\":\"https:\/\/ipec2025.ipec-group.com\/sk\/mahle\/#primaryimage\"},\"image\":{\"@id\":\"https:\/\/ipec2025.ipec-group.com\/sk\/mahle\/#primaryimage\"},\"thumbnailUrl\":\"https:\/\/ipec2025.ipec-group.com\/wp-content\/uploads\/2025\/06\/mahle_logo_2020.png\",\"datePublished\":\"2025-06-05T10:20:10+00:00\",\"dateModified\":\"2025-08-15T10:46:22+00:00\",\"breadcrumb\":{\"@id\":\"https:\/\/ipec2025.ipec-group.com\/sk\/mahle\/#breadcrumb\"},\"inLanguage\":\"sk-SK\",\"potentialAction\":[{\"@type\":\"ReadAction\",\"target\":[\"https:\/\/ipec2025.ipec-group.com\/sk\/mahle\/\"]}]},{\"@type\":\"ImageObject\",\"inLanguage\":\"sk-SK\",\"@id\":\"https:\/\/ipec2025.ipec-group.com\/sk\/mahle\/#primaryimage\",\"url\":\"https:\/\/ipec2025.ipec-group.com\/wp-content\/uploads\/2025\/06\/mahle_logo_2020.png\",\"contentUrl\":\"https:\/\/ipec2025.ipec-group.com\/wp-content\/uploads\/2025\/06\/mahle_logo_2020.png\"},{\"@type\":\"BreadcrumbList\",\"@id\":\"https:\/\/ipec2025.ipec-group.com\/sk\/mahle\/#breadcrumb\",\"itemListElement\":[{\"@type\":\"ListItem\",\"position\":1,\"name\":\"Startseite\",\"item\":\"https:\/\/ipec2025.ipec-group.com\/sk\/\"},{\"@type\":\"ListItem\",\"position\":2,\"name\":\"MAHLE\"}]},{\"@type\":\"WebSite\",\"@id\":\"https:\/\/ipec2025.ipec-group.com\/sk\/#website\",\"url\":\"https:\/\/ipec2025.ipec-group.com\/sk\/\",\"name\":\"IPEC-Group\",\"description\":\"\",\"potentialAction\":[{\"@type\":\"SearchAction\",\"target\":{\"@type\":\"EntryPoint\",\"urlTemplate\":\"https:\/\/ipec2025.ipec-group.com\/sk\/?s={search_term_string}\"},\"query-input\":{\"@type\":\"PropertyValueSpecification\",\"valueRequired\":true,\"valueName\":\"search_term_string\"}}],\"inLanguage\":\"sk-SK\"}]}<\/script>\n<!-- \/ Yoast SEO plugin. -->","yoast_head_json":{"title":"MAHLE - IPEC-Group","robots":{"index":"index","follow":"follow","max-snippet":"max-snippet:-1","max-image-preview":"max-image-preview:large","max-video-preview":"max-video-preview:-1"},"canonical":"https:\/\/ipec2025.ipec-group.com\/sk\/mahle\/","og_locale":"sk_SK","og_type":"article","og_title":"MAHLE - IPEC-Group","og_description":"MAHLE Behr Senica Vlajkov\u00e1 lo\u010f automobilov\u00e9ho v\u00fdskumu a v\u00fdvoja a v\u00fdrobn\u00e9 centrum 0 m\u00b2 Celkov\u00e1 plocha 0 m\u00b2 V\u00fdrobn\u00e1 hala 0 + Nov\u00e9 pracovn\u00e9 miesta Nemeck\u00e1 skupina MAHLE Behr je popredn\u00fdm svetov\u00fdm dod\u00e1vate\u013eom automobilov\u00fdch komponentov a priekopn\u00edkom v oblasti rie\u0161en\u00ed mobility bud\u00facnosti. Skupina IPEC je u\u017e viac ako 20 rokov hnacou silou rozvoja priemyseln\u00e9ho parku [&hellip;]","og_url":"https:\/\/ipec2025.ipec-group.com\/sk\/mahle\/","og_site_name":"IPEC-Group","article_modified_time":"2025-08-15T10:46:22+00:00","og_image":[{"width":113,"height":25,"url":"https:\/\/ipec2025.ipec-group.com\/wp-content\/uploads\/2025\/06\/mahle_logo_2020.png","type":"image\/png"}],"twitter_card":"summary_large_image","twitter_misc":{"Predpokladan\u00fd \u010das \u010d\u00edtania":"2 min\u00faty"},"schema":{"@context":"https:\/\/schema.org","@graph":[{"@type":"WebPage","@id":"https:\/\/ipec2025.ipec-group.com\/sk\/mahle\/","url":"https:\/\/ipec2025.ipec-group.com\/sk\/mahle\/","name":"MAHLE - IPEC-Group","isPartOf":{"@id":"https:\/\/ipec2025.ipec-group.com\/sk\/#website"},"primaryImageOfPage":{"@id":"https:\/\/ipec2025.ipec-group.com\/sk\/mahle\/#primaryimage"},"image":{"@id":"https:\/\/ipec2025.ipec-group.com\/sk\/mahle\/#primaryimage"},"thumbnailUrl":"https:\/\/ipec2025.ipec-group.com\/wp-content\/uploads\/2025\/06\/mahle_logo_2020.png","datePublished":"2025-06-05T10:20:10+00:00","dateModified":"2025-08-15T10:46:22+00:00","breadcrumb":{"@id":"https:\/\/ipec2025.ipec-group.com\/sk\/mahle\/#breadcrumb"},"inLanguage":"sk-SK","potentialAction":[{"@type":"ReadAction","target":["https:\/\/ipec2025.ipec-group.com\/sk\/mahle\/"]}]},{"@type":"ImageObject","inLanguage":"sk-SK","@id":"https:\/\/ipec2025.ipec-group.com\/sk\/mahle\/#primaryimage","url":"https:\/\/ipec2025.ipec-group.com\/wp-content\/uploads\/2025\/06\/mahle_logo_2020.png","contentUrl":"https:\/\/ipec2025.ipec-group.com\/wp-content\/uploads\/2025\/06\/mahle_logo_2020.png"},{"@type":"BreadcrumbList","@id":"https:\/\/ipec2025.ipec-group.com\/sk\/mahle\/#breadcrumb","itemListElement":[{"@type":"ListItem","position":1,"name":"Startseite","item":"https:\/\/ipec2025.ipec-group.com\/sk\/"},{"@type":"ListItem","position":2,"name":"MAHLE"}]},{"@type":"WebSite","@id":"https:\/\/ipec2025.ipec-group.com\/sk\/#website","url":"https:\/\/ipec2025.ipec-group.com\/sk\/","name":"IPEC-Group","description":"","potentialAction":[{"@type":"SearchAction","target":{"@type":"EntryPoint","urlTemplate":"https:\/\/ipec2025.ipec-group.com\/sk\/?s={search_term_string}"},"query-input":{"@type":"PropertyValueSpecification","valueRequired":true,"valueName":"search_term_string"}}],"inLanguage":"sk-SK"}]}},"_links":{"self":[{"href":"https:\/\/ipec2025.ipec-group.com\/sk\/wp-json\/wp\/v2\/pages\/8593","targetHints":{"allow":["GET"]}}],"collection":[{"href":"https:\/\/ipec2025.ipec-group.com\/sk\/wp-json\/wp\/v2\/pages"}],"about":[{"href":"https:\/\/ipec2025.ipec-group.com\/sk\/wp-json\/wp\/v2\/types\/page"}],"author":[{"embeddable":true,"href":"https:\/\/ipec2025.ipec-group.com\/sk\/wp-json\/wp\/v2\/users\/1"}],"replies":[{"embeddable":true,"href":"https:\/\/ipec2025.ipec-group.com\/sk\/wp-json\/wp\/v2\/comments?post=8593"}],"version-history":[{"count":1,"href":"https:\/\/ipec2025.ipec-group.com\/sk\/wp-json\/wp\/v2\/pages\/8593\/revisions"}],"predecessor-version":[{"id":8594,"href":"https:\/\/ipec2025.ipec-group.com\/sk\/wp-json\/wp\/v2\/pages\/8593\/revisions\/8594"}],"wp:attachment":[{"href":"https:\/\/ipec2025.ipec-group.com\/sk\/wp-json\/wp\/v2\/media?parent=8593"}],"curies":[{"name":"wp","href":"https:\/\/api.w.org\/{rel}","templated":true}]}}