{"id":8581,"date":"2025-08-11T19:48:49","date_gmt":"2025-08-11T17:48:49","guid":{"rendered":"https:\/\/ipec2025.ipec-group.com\/objekt-b-senec\/"},"modified":"2025-08-15T12:53:53","modified_gmt":"2025-08-15T10:53:53","slug":"property-b-senec","status":"publish","type":"page","link":"https:\/\/ipec2025.ipec-group.com\/sk\/d1-park\/property-b-senec\/","title":{"rendered":"Objekt B, Senec"},"content":{"rendered":"\t\t<div data-elementor-type=\"wp-page\" data-elementor-id=\"8581\" class=\"elementor elementor-8581 elementor-7983\" data-elementor-post-type=\"page\">\n\t\t\t\t<div class=\"elementor-element elementor-element-78bb07d e-con-full e-flex e-con e-parent\" data-id=\"78bb07d\" data-element_type=\"container\" data-settings=\"{&quot;background_background&quot;:&quot;classic&quot;}\">\n\t\t<div class=\"elementor-element elementor-element-7691659 animated-fast e-flex e-con-boxed elementor-invisible e-con e-child\" data-id=\"7691659\" data-element_type=\"container\" data-settings=\"{&quot;animation&quot;:&quot;fadeIn&quot;,&quot;animation_delay&quot;:300}\">\n\t\t\t\t\t<div class=\"e-con-inner\">\n\t\t\t\t<div class=\"elementor-element elementor-element-7ba205c elementor-widget elementor-widget-heading\" data-id=\"7ba205c\" data-element_type=\"widget\" data-widget_type=\"heading.default\">\n\t\t\t\t<div class=\"elementor-widget-container\">\n\t\t\t\t\t<h2 class=\"elementor-heading-title elementor-size-default\">Rozvojov\u00fd pozemok s rozlohou 2000m\u00b2<\/h2>\t\t\t\t<\/div>\n\t\t\t\t<\/div>\n\t\t\t\t<div class=\"elementor-element elementor-element-44a731d elementor-widget elementor-widget-heading\" data-id=\"44a731d\" data-element_type=\"widget\" data-widget_type=\"heading.default\">\n\t\t\t\t<div class=\"elementor-widget-container\">\n\t\t\t\t\t<span class=\"elementor-heading-title elementor-size-default\">Prvorad\u00e1 pr\u00edle\u017eitos\u0165 pre stavite\u013eov a investorov. Inteligentn\u00fd pozemok. Siln\u00e9 v\u00fdnosy.    <\/span>\t\t\t\t<\/div>\n\t\t\t\t<\/div>\n\t\t\t\t<div class=\"elementor-element elementor-element-02f7ed6 elementor-hidden-desktop elementor-hidden-tablet elementor-hidden-mobile elementor-widget elementor-widget-heading\" data-id=\"02f7ed6\" data-element_type=\"widget\" data-widget_type=\"heading.default\">\n\t\t\t\t<div class=\"elementor-widget-container\">\n\t\t\t\t\t<h3 class=\"elementor-heading-title elementor-size-default\">\u20ac 600.000<\/h3>\t\t\t\t<\/div>\n\t\t\t\t<\/div>\n\t\t\t\t\t<\/div>\n\t\t\t\t<\/div>\n\t\t\t\t<\/div>\n\t\t<div class=\"elementor-element elementor-element-a33d56 e-flex e-con-boxed e-con e-parent\" data-id=\"a33d56\" data-element_type=\"container\" data-settings=\"{&quot;background_background&quot;:&quot;classic&quot;}\">\n\t\t\t\t\t<div class=\"e-con-inner\">\n\t\t<div class=\"elementor-element elementor-element-273b4d45 e-con-full animated-fast e-flex elementor-invisible e-con e-child\" data-id=\"273b4d45\" data-element_type=\"container\" data-settings=\"{&quot;animation&quot;:&quot;fadeIn&quot;,&quot;animation_delay&quot;:500}\">\n\t\t\t\t<div class=\"elementor-element elementor-element-954be4d elementor-widget elementor-widget-html\" data-id=\"954be4d\" data-element_type=\"widget\" data-widget_type=\"html.default\">\n\t\t\t\t<div class=\"elementor-widget-container\">\n\t\t\t\t\t<!-- Property Details -->\r\n            <div class=\"grid grid-cols-1 lg:grid-cols-2 gap-12 items-center\">\r\n                <div>\r\n                    <h2 class=\"text-3xl md:text-4xl font-bold text-gray-900 mb-6\">Objekt B, Senec<\/h2>\r\n                    <div class=\"space-y-4 text-lg text-gray-700\">\r\n                        <p class=\"leading-relaxed\">\r\n  Tento kompaktn\u00fd <strong>pozemok s rozlohou 2 730 m\u00b2 v D1 Parku<\/strong> <strong>Senec je vz\u00e1cnou pr\u00edle\u017eitos\u0165ou<\/strong> pre developerov, stavebn\u00edkov a investorov, ako si zabezpe\u010di\u0165 strategick\u00fa polohu v jednom z najr\u00fdchlej\u0161ie sa rozv\u00edjaj\u00facich komer\u010dn\u00fdch centier na Slovensku.\r\n                        <\/p>\r\n                        <p class=\"leading-relaxed\">\r\n  Pozemok je ide\u00e1lny na <strong>pr\u00edstavby kancel\u00e1ri\u00ed, men\u0161ie objekty, budovy slu\u017eieb alebo investi\u010dn\u00e9 projekty na mieru.<\/strong> V\u010faka priamemu pr\u00edstupu na <strong>dia\u013enicu D1,<\/strong> vidite\u013enosti a bl\u00edzkosti k\u013e\u00fa\u010dov\u00fdch n\u00e1jomcov a infra\u0161trukt\u00fary bude v\u00e1\u0161 projekt vo v\u00fdbornej spolo\u010dnosti. \r\n                        <\/p>\r\n                    <\/div>\r\n                <\/div>\r\n                \r\n                <!-- Key Stats -->\r\n                <div class=\"bg-gray-50 rounded-2xl p-8\">\r\n                    <h3 class=\"text-2xl font-bold text-gray-900 mb-6\">K\u013e\u00fa\u010dov\u00e9 inform\u00e1cie<\/h3>\r\n                    <div class=\"space-y-6\">\r\n                        <div class=\"flex items-center space-x-4\">\r\n                            <div class=\"flex-shrink-0\">\r\n                                <svg class=\"w-8 h-8 text-blue-600\" fill=\"none\" stroke=\"currentColor\" viewbox=\"0 0 24 24\">\r\n                                    <path stroke-linecap=\"round\" stroke-linejoin=\"round\" stroke-width=\"2\" d=\"M4 8V6a2 2 0 012-2h2M4 16v2a2 2 0 002 2h2M20 8V6a2 2 0 00-2-2h-2M20 16v2a2 2 0 01-2 2h-2\"><\/path>\r\n                                <\/svg>\r\n                            <\/div>\r\n                            <div>\r\n                                <div class=\"font-semibold text-gray-500\">Celkov\u00e1 plocha<\/div>\r\n                                <div class=\"text-xl font-bold\">2.730 m\u00b2<\/div>\r\n                            <\/div>\r\n                        <\/div>\r\n                        \r\n                        <div class=\"flex items-center space-x-4\">\r\n                            <div class=\"flex-shrink-0\">\r\n                                <svg class=\"w-8 h-8 text-blue-600\" fill=\"none\" stroke=\"currentColor\" viewbox=\"0 0 24 24\">\r\n                                    <path stroke-linecap=\"round\" stroke-linejoin=\"round\" stroke-width=\"2\" d=\"M17.657 16.657L13.414 20.9a1.998 1.998 0 01-2.827 0l-4.244-4.243a8 8 0 1111.314 0z\"><\/path>\r\n                                    <path stroke-linecap=\"round\" stroke-linejoin=\"round\" stroke-width=\"2\" d=\"M15 11a3 3 0 11-6 0 3 3 0 016 0z\"><\/path>\r\n                                <\/svg>\r\n                            <\/div>\r\n                            <div>\r\n                                <div class=\"font-semibold text-gray-500\">Umiestnenie<\/div>\r\n                                <div class=\"text-xl font-bold\">D1 Park Senec<\/div>\r\n                            <\/div>\r\n                        <\/div>\r\n                        \r\n                        <div class=\"flex items-center space-x-4\">\r\n                            <div class=\"flex-shrink-0\">\r\n                                <svg class=\"w-8 h-8 text-blue-600\" fill=\"none\" stroke=\"currentColor\" viewbox=\"0 0 24 24\">\r\n                                    <path stroke-linecap=\"round\" stroke-linejoin=\"round\" stroke-width=\"2\" d=\"M12 8c-1.657 0-3 .895-3 2s1.343 2 3 2 3 .895 3 2-1.343 2-3 2m0-8c1.11 0 2.08.402 2.599 1M12 8V7m0 1v8m0 0v1m0-1c-1.11 0-2.08-.402-2.599-1M21 12a9 9 0 11-18 0 9 9 0 0118 0z\"><\/path>\r\n                                <\/svg>\r\n                            <\/div>\r\n                            <div>\r\n                                <div class=\"font-semibold text-gray-500\">Cena<\/div>\r\n                                <div class=\"text-xl font-bold\">\u20ac 600.000<\/div>\r\n                            <\/div>\r\n                        <\/div>\r\n                    <\/div>\r\n                <\/div>\r\n            <\/div>\t\t\t\t<\/div>\n\t\t\t\t<\/div>\n\t\t\t\t<div class=\"elementor-element elementor-element-b2a74df elementor-widget elementor-widget-html\" data-id=\"b2a74df\" data-element_type=\"widget\" data-widget_type=\"html.default\">\n\t\t\t\t<div class=\"elementor-widget-container\">\n\t\t\t\t\t<div class=\"bg-blue-50 border-l-4 border-blue-400 p-6\">\r\n    <p class=\"text-lg font-medium text-blue-800\">\r\n  Nepreme\u0161kajte svoju \u0161ancu stava\u0165 v jednom z najs\u013eubnej\u0161\u00edch logistick\u00fdch koridorov v Bratislavskom kraji - prisp\u00f4sobite\u013enom, dostupnom a pripravenom na invest\u00edcie.\r\n    <\/p>\r\n    \r\n    <div class=\"flex flex-wrap justify-center pt-8\">\r\n        <a href=\"#contact\" class=\"w-full sm:w-auto\">\r\n            <button class=\"button-default w-full sm:w-auto text-wrap\" data-topic=\"property-b-senec\">\r\n  Kontaktujte n\u00e1s e\u0161te dnes, aby ste z\u00edskali podrobn\u00e9 inform\u00e1cie, dispozi\u010dn\u00e9 pl\u00e1ny alebo sa z\u00fa\u010dastnili n\u00e1v\u0161tevy na mieste\r\n            <\/button>\r\n        <\/a>\r\n    <\/div>\r\n<\/div>\t\t\t\t<\/div>\n\t\t\t\t<\/div>\n\t\t\t\t<\/div>\n\t\t\t\t\t<\/div>\n\t\t\t\t<\/div>\n\t\t<div class=\"elementor-element elementor-element-0143878 e-con-full e-flex e-con e-parent\" data-id=\"0143878\" data-element_type=\"container\" data-settings=\"{&quot;background_background&quot;:&quot;classic&quot;}\">\n\t\t\t\t<\/div>\n\t\t<div class=\"elementor-element elementor-element-d90a744 e-flex e-con-boxed e-con e-parent\" data-id=\"d90a744\" data-element_type=\"container\" data-settings=\"{&quot;background_background&quot;:&quot;classic&quot;}\">\n\t\t\t\t\t<div class=\"e-con-inner\">\n\t\t<div class=\"elementor-element elementor-element-f6f7946 e-con-full animated-fast e-flex elementor-invisible e-con e-child\" data-id=\"f6f7946\" data-element_type=\"container\" data-settings=\"{&quot;animation&quot;:&quot;fadeIn&quot;,&quot;animation_delay&quot;:500}\">\n\t\t\t\t<div class=\"elementor-element elementor-element-a7a7ab1 elementor-widget elementor-widget-html\" data-id=\"a7a7ab1\" data-element_type=\"widget\" data-widget_type=\"html.default\">\n\t\t\t\t<div class=\"elementor-widget-container\">\n\t\t\t\t\t<div class=\"bg-blue-50 rounded-2xl p-8 md:p-12\">\r\n                <h3 class=\"text-3xl font-bold text-gray-900 mb-8 text-center\">Pre\u010do pr\u00e1ve tento pozemok?<\/h3>\r\n                <div class=\"grid grid-cols-1 md:grid-cols-2 gap-8\">\r\n                    <div class=\"space-y-6\">\r\n                        <div class=\"flex items-start space-x-4\">\r\n                            <div class=\"flex-shrink-0 w-3 h-3 bg-blue-500 rounded-full mt-2\"><\/div>\r\n                            <div>\r\n                                <h4 class=\"font-semibold text-gray-900 mb-2\">Vysok\u00e1 vidite\u013enos\u0165 a dostupnos\u0165<\/h4>\r\n                                <p class=\"text-gray-700\">Prvotriedna poloha s vynikaj\u00facou expoz\u00edciou a \u013eahk\u00fdm pr\u00edstupom<\/p>\r\n                            <\/div>\r\n                        <\/div>\r\n                        \r\n                        <div class=\"flex items-start space-x-4\">\r\n                            <div class=\"flex-shrink-0 w-3 h-3 bg-blue-500 rounded-full mt-2\"><\/div>\r\n                            <div>\r\n                                <h4 class=\"font-semibold text-gray-900 mb-2\">Pripraven\u00e9 na r\u00fdchle vydanie povolenia<\/h4>\r\n                                <p class=\"text-gray-700\">Zjednodu\u0161en\u00fd schva\u013eovac\u00ed proces na r\u00fdchle spustenie projektu<\/p>\r\n                            <\/div>\r\n                        <\/div>\r\n                        \r\n                        <div class=\"flex items-start space-x-4\">\r\n                            <div class=\"flex-shrink-0 w-3 h-3 bg-blue-500 rounded-full mt-2\"><\/div>\r\n                            <div>\r\n                                <h4 class=\"font-semibold text-gray-900 mb-2\">Plne obsluhovan\u00e1 oblas\u0165<\/h4>\r\n                                <p class=\"text-gray-700\">Kompletn\u00e1 infra\u0161trukt\u00fara je u\u017e zaveden\u00e1<\/p>\r\n                            <\/div>\r\n                        <\/div>\r\n                    <\/div>\r\n                    \r\n                    <div class=\"space-y-6\">\r\n                        <div class=\"flex items-start space-x-4\">\r\n                            <div class=\"flex-shrink-0 w-3 h-3 bg-blue-500 rounded-full mt-2\"><\/div>\r\n                            <div>\r\n                                <h4 class=\"font-semibold text-gray-900 mb-2\">Nach\u00e1dza sa v akt\u00edvnej priemyselnej z\u00f3ne<\/h4>\r\n                                <p class=\"text-gray-700\">S\u00fa\u010das\u0165 prosperuj\u00faceho podnikate\u013esk\u00e9ho ekosyst\u00e9mu<\/p>\r\n                            <\/div>\r\n                        <\/div>\r\n                        \r\n                        <div class=\"flex items-start space-x-4\">\r\n                            <div class=\"flex-shrink-0 w-3 h-3 bg-blue-500 rounded-full mt-2\"><\/div>\r\n                            <div>\r\n                                <h4 class=\"font-semibold text-gray-900 mb-2\">Obklopen\u00fd rast\u00facim dopytom<\/h4>\r\n                                <p class=\"text-gray-700\">\u0165a\u017ei\u0165 z roz\u0161iruj\u00facej sa obchodnej \u010dinnosti<\/p>\r\n                            <\/div>\r\n                        <\/div>\r\n                        \r\n                        <div class=\"flex items-start space-x-4\">\r\n                            <div class=\"flex-shrink-0 w-3 h-3 bg-blue-500 rounded-full mt-2\"><\/div>\r\n                            <div>\r\n                                <h4 class=\"font-semibold text-gray-900 mb-2\">D\u00f4veryhodn\u00fd partner pre v\u00fdvoj<\/h4>\r\n                                <p class=\"text-gray-700\">Zav\u00e4zujeme sa doda\u0165 v\u00e1\u0161 projekt na\u010das a prec\u00edzne<\/p>\r\n                            <\/div>\r\n                        <\/div>\r\n                    <\/div>\r\n                <\/div>\r\n            <\/div>\t\t\t\t<\/div>\n\t\t\t\t<\/div>\n\t\t\t\t<div class=\"elementor-element elementor-element-9ad9d0c elementor-widget elementor-widget-heading\" data-id=\"9ad9d0c\" data-element_type=\"widget\" data-widget_type=\"heading.default\">\n\t\t\t\t<div class=\"elementor-widget-container\">\n\t\t\t\t\t<h3 class=\"elementor-heading-title elementor-size-default\">V\u00e1\u0161 pozemok, va\u0161e n\u00e1pady. Za\u010dnite s v\u00edziou teraz <\/h3>\t\t\t\t<\/div>\n\t\t\t\t<\/div>\n\t\t\t\t<div class=\"elementor-element elementor-element-1052d28 elementor-widget elementor-widget-html\" data-id=\"1052d28\" data-element_type=\"widget\" data-widget_type=\"html.default\">\n\t\t\t\t<div class=\"elementor-widget-container\">\n\t\t\t\t\t\r\n<div class=\"flex flex-wrap justify-center\">\r\n    <a href=\"#contact\" class=\"w-full sm:w-auto\">\r\n        <button class=\"button-default w-full sm:w-auto text-wrap\" data-topic=\"property-b-senec\">\r\n  Obr\u00e1\u0165te sa na n\u00e1s teraz, aby ste z\u00edskali inform\u00e1cie o cen\u00e1ch, poradenstvo pri v\u00fdvoji alebo osobn\u00fa konzult\u00e1ciu\r\n        <\/button>\r\n    <\/a>\r\n<\/div>\t\t\t\t<\/div>\n\t\t\t\t<\/div>\n\t\t\t\t<\/div>\n\t\t\t\t\t<\/div>\n\t\t\t\t<\/div>\n\t\t<div class=\"elementor-element elementor-element-3619c5a e-con-full e-flex e-con e-parent\" data-id=\"3619c5a\" data-element_type=\"container\">\n\t\t\t\t<div class=\"elementor-element elementor-element-35cb62e elementor-widget elementor-widget-html\" data-id=\"35cb62e\" data-element_type=\"widget\" data-widget_type=\"html.default\">\n\t\t\t\t<div class=\"elementor-widget-container\">\n\t\t\t\t\t<!-- Contact CTA -->\r\n    <section class=\"py-20 bg-ipec-blue\">\r\n        <div class=\"container mx-auto px-6 text-center mb-20\">\r\n            <h2 class=\"text-4xl font-bold text-white mb-6\">Ste pripraven\u00ed zabezpe\u010di\u0165 si strategick\u00fa polohu?<\/h2>\r\n            <p class=\"text-xl text-blue-200 mb-8 max-w-4xl mx-auto\">\r\n  Pridajte sa k viac ako 70 medzin\u00e1rodn\u00fdm spolo\u010dnostiam, ktor\u00e9 si vybrali D1 Park pre svoje stredoeur\u00f3pske prev\u00e1dzky.\r\n            <\/p>\r\n            <div class=\"flex flex-wrap gap-4 justify-center\">\r\n                <a href=\"#contact\">\r\n                    <button class=\"button-success\" data-topic=\"schedule-visit\">\r\n  Napl\u00e1nujte si n\u00e1v\u0161tevu e\u0161te dnes\r\n                    <\/button>\r\n                <\/a>\r\n            <\/div>\r\n        <\/div>\r\n        \r\n        <div class=\"container mx-auto px-6\">\r\n            <div class=\"grid lg:grid-cols-2 gap-8 max-w-4xl mx-auto\">\r\n                \r\n                <!-- D1 Park Link -->\r\n                <a href=\"https:\/\/ipec2025.ipec-group.com\/sk\/d1-park\/\" class=\"bg-white rounded-2xl !shadow-lg hover:shadow-xl transition-all duration-300 overflow-hidden group\">\r\n                    <div class=\"aspect-video bg-gradient-to-br from-green-500 to-blue-600 flex items-center justify-center\">\r\n                        <div class=\"text-center text-white\">\r\n                            <i class=\"fas fa-industry text-4xl mb-4\"><\/i>\r\n                            <h3 class=\"text-2xl font-bold\">Presk\u00famajte D1 Park<\/h3>\r\n                        <\/div>\r\n                    <\/div>\r\n                    <div class=\"p-6\">\r\n                        <h4 class=\"text-xl font-bold text-gray-800 mb-2\">\u010eal\u0161ie inform\u00e1cie o D1 Park<\/h4>\r\n                        <p class=\"text-gray-600 mb-4\">Objavte cel\u00fd rozsah hlavn\u00e9ho logistick\u00e9ho centra v strednej Eur\u00f3pe<\/p>\r\n                        <div class=\"flex items-center text-ipec-blue font-semibold group-hover:text-blue-800 transition-colors\">\r\n                            <span>\u010c\u00edtajte viac<\/span>\r\n                            <i class=\"fas fa-arrow-right ml-2 transform group-hover:translate-x-1 transition-transform\"><\/i>\r\n                        <\/div>\r\n                    <\/div>\r\n                <\/a>\r\n\r\n                <!-- IPEC Group Link -->\r\n                <a href=\"https:\/\/ipec2025.ipec-group.com\/sk\/\" class=\"bg-white rounded-2xl !shadow-lg hover:shadow-xl transition-all duration-300 overflow-hidden group\">\r\n                    <div class=\"aspect-video bg-gradient-to-br from-green-500 to-blue-600 flex items-center justify-center\">\r\n                        <div class=\"text-center text-white\">\r\n                            <i class=\"fas fa-building text-4xl mb-4\"><\/i>\r\n                            <h3 class=\"text-2xl font-bold\">O skupine IPEC<\/h3>\r\n                        <\/div>\r\n                    <\/div>\r\n                    <div class=\"p-6\">\r\n                        <h4 class=\"text-xl font-bold text-gray-800 mb-2\">Zozn\u00e1mte sa so svoj\u00edm partnerom pre v\u00fdvoj<\/h4>\r\n                        <p class=\"text-gray-600 mb-4\">Viac ako 30 rokov excelentnosti v oblasti nehnute\u013enost\u00ed v strednej Eur\u00f3pe<\/p>\r\n                        <div class=\"flex items-center text-ipec-blue font-semibold group-hover:text-blue-800 transition-colors\">\r\n                            <span>Zistite o n\u00e1s viac<\/span>\r\n                            <i class=\"fas fa-arrow-right ml-2 transform group-hover:translate-x-1 transition-transform\"><\/i>\r\n                        <\/div>\r\n                    <\/div>\r\n                <\/a>\r\n\r\n            <\/div>\r\n        <\/div>\r\n    <\/section>\t\t\t\t<\/div>\n\t\t\t\t<\/div>\n\t\t\t\t<\/div>\n\t\t\t\t<\/div>\n\t\t","protected":false},"excerpt":{"rendered":"<p>Rozvojov\u00fd pozemok s rozlohou 2000m\u00b2 Prvorad\u00e1 pr\u00edle\u017eitos\u0165 pre stavite\u013eov a investorov. Inteligentn\u00fd pozemok. Siln\u00e9 v\u00fdnosy. \u20ac 600.000 Objekt B, Senec Tento kompaktn\u00fd pozemok s rozlohou 2 730 m\u00b2 v D1 Parku Senec je vz\u00e1cnou pr\u00edle\u017eitos\u0165ou pre developerov, stavebn\u00edkov a investorov, ako si zabezpe\u010di\u0165 strategick\u00fa polohu v jednom z najr\u00fdchlej\u0161ie sa rozv\u00edjaj\u00facich komer\u010dn\u00fdch centier na Slovensku. [&hellip;]<\/p>\n","protected":false},"author":1,"featured_media":0,"parent":8603,"menu_order":0,"comment_status":"closed","ping_status":"closed","template":"","meta":{"footnotes":""},"class_list":["post-8581","page","type-page","status-publish","hentry"],"yoast_head":"<!-- This site is optimized with the Yoast SEO plugin v25.3 - https:\/\/yoast.com\/wordpress\/plugins\/seo\/ -->\n<title>Objekt B, Senec - IPEC-Group<\/title>\n<meta name=\"robots\" content=\"index, follow, max-snippet:-1, max-image-preview:large, max-video-preview:-1\" \/>\n<link rel=\"canonical\" href=\"https:\/\/ipec2025.ipec-group.com\/sk\/d1-park\/property-b-senec\/\" \/>\n<meta property=\"og:locale\" content=\"sk_SK\" \/>\n<meta property=\"og:type\" content=\"article\" \/>\n<meta property=\"og:title\" content=\"Objekt B, Senec - IPEC-Group\" \/>\n<meta property=\"og:description\" content=\"Rozvojov\u00fd pozemok s rozlohou 2000m\u00b2 Prvorad\u00e1 pr\u00edle\u017eitos\u0165 pre stavite\u013eov a investorov. Inteligentn\u00fd pozemok. Siln\u00e9 v\u00fdnosy. \u20ac 600.000 Objekt B, Senec Tento kompaktn\u00fd pozemok s rozlohou 2 730 m\u00b2 v D1 Parku Senec je vz\u00e1cnou pr\u00edle\u017eitos\u0165ou pre developerov, stavebn\u00edkov a investorov, ako si zabezpe\u010di\u0165 strategick\u00fa polohu v jednom z najr\u00fdchlej\u0161ie sa rozv\u00edjaj\u00facich komer\u010dn\u00fdch centier na Slovensku. [&hellip;]\" \/>\n<meta property=\"og:url\" content=\"https:\/\/ipec2025.ipec-group.com\/sk\/d1-park\/property-b-senec\/\" \/>\n<meta property=\"og:site_name\" content=\"IPEC-Group\" \/>\n<meta property=\"article:modified_time\" content=\"2025-08-15T10:53:53+00:00\" \/>\n<meta name=\"twitter:card\" content=\"summary_large_image\" \/>\n<meta name=\"twitter:label1\" content=\"Predpokladan\u00fd \u010das \u010d\u00edtania\" \/>\n\t<meta name=\"twitter:data1\" content=\"2 min\u00faty\" \/>\n<script type=\"application\/ld+json\" class=\"yoast-schema-graph\">{\"@context\":\"https:\/\/schema.org\",\"@graph\":[{\"@type\":\"WebPage\",\"@id\":\"https:\/\/ipec2025.ipec-group.com\/sk\/d1-park\/property-b-senec\/\",\"url\":\"https:\/\/ipec2025.ipec-group.com\/sk\/d1-park\/property-b-senec\/\",\"name\":\"Objekt B, Senec - IPEC-Group\",\"isPartOf\":{\"@id\":\"https:\/\/ipec2025.ipec-group.com\/sk\/#website\"},\"datePublished\":\"2025-08-11T17:48:49+00:00\",\"dateModified\":\"2025-08-15T10:53:53+00:00\",\"breadcrumb\":{\"@id\":\"https:\/\/ipec2025.ipec-group.com\/sk\/d1-park\/property-b-senec\/#breadcrumb\"},\"inLanguage\":\"sk-SK\",\"potentialAction\":[{\"@type\":\"ReadAction\",\"target\":[\"https:\/\/ipec2025.ipec-group.com\/sk\/d1-park\/property-b-senec\/\"]}]},{\"@type\":\"BreadcrumbList\",\"@id\":\"https:\/\/ipec2025.ipec-group.com\/sk\/d1-park\/property-b-senec\/#breadcrumb\",\"itemListElement\":[{\"@type\":\"ListItem\",\"position\":1,\"name\":\"Startseite\",\"item\":\"https:\/\/ipec2025.ipec-group.com\/sk\/\"},{\"@type\":\"ListItem\",\"position\":2,\"name\":\"D1 Park\",\"item\":\"https:\/\/ipec2025.ipec-group.com\/sk\/d1-park\/\"},{\"@type\":\"ListItem\",\"position\":3,\"name\":\"Objekt B, Senec\"}]},{\"@type\":\"WebSite\",\"@id\":\"https:\/\/ipec2025.ipec-group.com\/sk\/#website\",\"url\":\"https:\/\/ipec2025.ipec-group.com\/sk\/\",\"name\":\"IPEC-Group\",\"description\":\"\",\"potentialAction\":[{\"@type\":\"SearchAction\",\"target\":{\"@type\":\"EntryPoint\",\"urlTemplate\":\"https:\/\/ipec2025.ipec-group.com\/sk\/?s={search_term_string}\"},\"query-input\":{\"@type\":\"PropertyValueSpecification\",\"valueRequired\":true,\"valueName\":\"search_term_string\"}}],\"inLanguage\":\"sk-SK\"}]}<\/script>\n<!-- \/ Yoast SEO plugin. -->","yoast_head_json":{"title":"Objekt B, Senec - IPEC-Group","robots":{"index":"index","follow":"follow","max-snippet":"max-snippet:-1","max-image-preview":"max-image-preview:large","max-video-preview":"max-video-preview:-1"},"canonical":"https:\/\/ipec2025.ipec-group.com\/sk\/d1-park\/property-b-senec\/","og_locale":"sk_SK","og_type":"article","og_title":"Objekt B, Senec - IPEC-Group","og_description":"Rozvojov\u00fd pozemok s rozlohou 2000m\u00b2 Prvorad\u00e1 pr\u00edle\u017eitos\u0165 pre stavite\u013eov a investorov. Inteligentn\u00fd pozemok. Siln\u00e9 v\u00fdnosy. \u20ac 600.000 Objekt B, Senec Tento kompaktn\u00fd pozemok s rozlohou 2 730 m\u00b2 v D1 Parku Senec je vz\u00e1cnou pr\u00edle\u017eitos\u0165ou pre developerov, stavebn\u00edkov a investorov, ako si zabezpe\u010di\u0165 strategick\u00fa polohu v jednom z najr\u00fdchlej\u0161ie sa rozv\u00edjaj\u00facich komer\u010dn\u00fdch centier na Slovensku. [&hellip;]","og_url":"https:\/\/ipec2025.ipec-group.com\/sk\/d1-park\/property-b-senec\/","og_site_name":"IPEC-Group","article_modified_time":"2025-08-15T10:53:53+00:00","twitter_card":"summary_large_image","twitter_misc":{"Predpokladan\u00fd \u010das \u010d\u00edtania":"2 min\u00faty"},"schema":{"@context":"https:\/\/schema.org","@graph":[{"@type":"WebPage","@id":"https:\/\/ipec2025.ipec-group.com\/sk\/d1-park\/property-b-senec\/","url":"https:\/\/ipec2025.ipec-group.com\/sk\/d1-park\/property-b-senec\/","name":"Objekt B, Senec - IPEC-Group","isPartOf":{"@id":"https:\/\/ipec2025.ipec-group.com\/sk\/#website"},"datePublished":"2025-08-11T17:48:49+00:00","dateModified":"2025-08-15T10:53:53+00:00","breadcrumb":{"@id":"https:\/\/ipec2025.ipec-group.com\/sk\/d1-park\/property-b-senec\/#breadcrumb"},"inLanguage":"sk-SK","potentialAction":[{"@type":"ReadAction","target":["https:\/\/ipec2025.ipec-group.com\/sk\/d1-park\/property-b-senec\/"]}]},{"@type":"BreadcrumbList","@id":"https:\/\/ipec2025.ipec-group.com\/sk\/d1-park\/property-b-senec\/#breadcrumb","itemListElement":[{"@type":"ListItem","position":1,"name":"Startseite","item":"https:\/\/ipec2025.ipec-group.com\/sk\/"},{"@type":"ListItem","position":2,"name":"D1 Park","item":"https:\/\/ipec2025.ipec-group.com\/sk\/d1-park\/"},{"@type":"ListItem","position":3,"name":"Objekt B, Senec"}]},{"@type":"WebSite","@id":"https:\/\/ipec2025.ipec-group.com\/sk\/#website","url":"https:\/\/ipec2025.ipec-group.com\/sk\/","name":"IPEC-Group","description":"","potentialAction":[{"@type":"SearchAction","target":{"@type":"EntryPoint","urlTemplate":"https:\/\/ipec2025.ipec-group.com\/sk\/?s={search_term_string}"},"query-input":{"@type":"PropertyValueSpecification","valueRequired":true,"valueName":"search_term_string"}}],"inLanguage":"sk-SK"}]}},"_links":{"self":[{"href":"https:\/\/ipec2025.ipec-group.com\/sk\/wp-json\/wp\/v2\/pages\/8581","targetHints":{"allow":["GET"]}}],"collection":[{"href":"https:\/\/ipec2025.ipec-group.com\/sk\/wp-json\/wp\/v2\/pages"}],"about":[{"href":"https:\/\/ipec2025.ipec-group.com\/sk\/wp-json\/wp\/v2\/types\/page"}],"author":[{"embeddable":true,"href":"https:\/\/ipec2025.ipec-group.com\/sk\/wp-json\/wp\/v2\/users\/1"}],"replies":[{"embeddable":true,"href":"https:\/\/ipec2025.ipec-group.com\/sk\/wp-json\/wp\/v2\/comments?post=8581"}],"version-history":[{"count":3,"href":"https:\/\/ipec2025.ipec-group.com\/sk\/wp-json\/wp\/v2\/pages\/8581\/revisions"}],"predecessor-version":[{"id":8658,"href":"https:\/\/ipec2025.ipec-group.com\/sk\/wp-json\/wp\/v2\/pages\/8581\/revisions\/8658"}],"up":[{"embeddable":true,"href":"https:\/\/ipec2025.ipec-group.com\/sk\/wp-json\/wp\/v2\/pages\/8603"}],"wp:attachment":[{"href":"https:\/\/ipec2025.ipec-group.com\/sk\/wp-json\/wp\/v2\/media?parent=8581"}],"curies":[{"name":"wp","href":"https:\/\/api.w.org\/{rel}","templated":true}]}}