{"id":8449,"date":"2025-06-05T12:43:26","date_gmt":"2025-06-05T10:43:26","guid":{"rendered":"https:\/\/ipec2025.ipec-group.com\/verejna-hodnota\/"},"modified":"2025-08-13T19:53:31","modified_gmt":"2025-08-13T17:53:31","slug":"public-value","status":"publish","type":"page","link":"https:\/\/ipec2025.ipec-group.com\/sk\/public-value\/","title":{"rendered":"Verejn\u00e1 hodnota"},"content":{"rendered":"\t\t<div data-elementor-type=\"wp-page\" data-elementor-id=\"8449\" class=\"elementor elementor-8449 elementor-7235\" data-elementor-post-type=\"page\">\n\t\t\t\t<div class=\"elementor-element elementor-element-5338a8c1 e-flex e-con-boxed e-con e-parent\" data-id=\"5338a8c1\" data-element_type=\"container\" data-settings=\"{&quot;background_background&quot;:&quot;classic&quot;}\">\n\t\t\t\t\t<div class=\"e-con-inner\">\n\t\t<div class=\"elementor-element elementor-element-4c78effd e-con-full e-flex e-con e-child\" data-id=\"4c78effd\" data-element_type=\"container\">\n\t\t\t\t<div class=\"elementor-element elementor-element-6b9b7166 elementor-widget elementor-widget-heading\" data-id=\"6b9b7166\" data-element_type=\"widget\" data-widget_type=\"heading.default\">\n\t\t\t\t<div class=\"elementor-widget-container\">\n\t\t\t\t\t<h2 class=\"elementor-heading-title elementor-size-default\">Projekty s verejnou hodnotou<\/h2>\t\t\t\t<\/div>\n\t\t\t\t<\/div>\n\t\t\t\t<div class=\"elementor-element elementor-element-1b7f5316 elementor-widget elementor-widget-heading\" data-id=\"1b7f5316\" data-element_type=\"widget\" data-widget_type=\"heading.default\">\n\t\t\t\t<div class=\"elementor-widget-container\">\n\t\t\t\t\t<h5 class=\"elementor-heading-title elementor-size-default\">Spolo\u010densk\u00e1 zodpovednos\u0165 prostredn\u00edctvom projektov verejnej hodnoty<\/h5>\t\t\t\t<\/div>\n\t\t\t\t<\/div>\n\t\t\t\t<\/div>\n\t\t<div class=\"elementor-element elementor-element-e52a397 e-con-full e-flex e-con e-child\" data-id=\"e52a397\" data-element_type=\"container\">\n\t\t\t\t<div class=\"elementor-element elementor-element-772964c elementor-widget elementor-widget-text-editor\" data-id=\"772964c\" data-element_type=\"widget\" data-widget_type=\"text-editor.default\">\n\t\t\t\t<div class=\"elementor-widget-container\">\n\t\t\t\t\t\t\t\t\t<p>V spolo\u010dnosti IPEC GROUP si uvedomujeme, \u017ee udr\u017eate\u013en\u00fd \u00faspech ide ruka v ruke so spolo\u010denskou zodpovednos\u0165ou. Na\u0161e projekty verejnej hodnoty s\u00fa \u00fastrednou s\u00fa\u010das\u0165ou na\u0161ej firemnej filozofie a ich cie\u013eom je pozit\u00edvne prispie\u0165 ku komunit\u00e1m, v ktor\u00fdch p\u00f4sob\u00edme.<\/p>\t\t\t\t\t\t\t\t<\/div>\n\t\t\t\t<\/div>\n\t\t\t\t<\/div>\n\t\t\t\t<div class=\"elementor-element elementor-element-da9641c animated-fast elementor-invisible elementor-widget elementor-widget-html\" data-id=\"da9641c\" data-element_type=\"widget\" data-settings=\"{&quot;_animation&quot;:&quot;fadeIn&quot;,&quot;_animation_delay&quot;:300}\" data-widget_type=\"html.default\">\n\t\t\t\t<div class=\"elementor-widget-container\">\n\t\t\t\t\t<!-- Current Initiatives -->\r\n<div class=\"mb-16\">\r\n    <div class=\"bg-white rounded-2xl shadow-xl p-8 lg:p-12 mb-8\">\r\n        <h3 class=\"text-2xl lg:text-3xl font-bold text-gray-800 mb-8 flex items-center justify-center\">\r\n            <!--\r\n            <div class=\"w-12 h-12 bg-gradient-to-r from-green-500 to-green-600 rounded-full flex items-center justify-center mr-4\">\r\n                <i class=\"fas fa-seedling text-white text-xl\"><\/i>\r\n            <\/div>-->\r\n  Aktu\u00e1lne iniciat\u00edvy\r\n        <\/h3>\r\n\r\n        <!-- Environmental Protection -->\r\n        <div class=\"mb-10\">\r\n            <h4 class=\"text-xl font-bold text-gray-700 mb-6 flex items-center\">\r\n                <i class=\"fas fa-leaf text-green-500 mr-3\"><\/i>\r\n  Ochrana \u017eivotn\u00e9ho prostredia a udr\u017eate\u013enos\u0165\r\n            <\/h4>\r\n            <div class=\"space-y-4\">\r\n                <div class=\"flex items-center space-x-4 p-4 bg-green-50 rounded-lg hover:bg-green-100 transition-colors duration-300\">\r\n                    <div class=\"w-6 h-6 bg-green-500 rounded-full flex items-center justify-center flex-shrink-0\">\r\n                        <i class=\"fas fa-check text-white text-xs\"><\/i>\r\n                    <\/div>\r\n                    <p class=\"text-gray-700 leading-relaxed\">Integr\u00e1cia zelen\u00fdch pl\u00f4ch a parkov do na\u0161ich rozvojov\u00fdch projektov<\/p>\r\n                <\/div>\r\n                <div class=\"flex items-center space-x-4 p-4 bg-green-50 rounded-lg hover:bg-green-100 transition-colors duration-300\">\r\n                    <div class=\"w-6 h-6 bg-green-500 rounded-full flex items-center justify-center flex-shrink-0\">\r\n                        <i class=\"fas fa-check text-white text-xs\"><\/i>\r\n                    <\/div>\r\n                    <p class=\"text-gray-700 leading-relaxed\">Zavedenie energeticky \u00fa\u010dinn\u00fdch technol\u00f3gi\u00ed vo v\u0161etk\u00fdch nov\u00fdch budov\u00e1ch<\/p>\r\n                <\/div>\r\n                <div class=\"flex items-center space-x-4 p-4 bg-green-50 rounded-lg hover:bg-green-100 transition-colors duration-300\">\r\n                    <div class=\"w-6 h-6 bg-green-500 rounded-full flex items-center justify-center flex-shrink-0\">\r\n                        <i class=\"fas fa-check text-white text-xs\"><\/i>\r\n                    <\/div>\r\n                    <p class=\"text-gray-700 leading-relaxed\">Podpora udr\u017eate\u013en\u00fdch stavebn\u00fdch met\u00f3d<\/p>\r\n                <\/div>\r\n            <\/div>\r\n        <\/div>\r\n\r\n        <!-- Local Economic Development -->\r\n        <div class=\"mb-10\">\r\n            <h4 class=\"text-xl font-bold text-gray-700 mb-6 flex items-center\">\r\n                <i class=\"fas fa-chart-line text-blue-500 mr-3\"><\/i>\r\n  Miestny hospod\u00e1rsky rozvoj\r\n            <\/h4>\r\n            <div class=\"space-y-4\">\r\n                <div class=\"flex items-center space-x-4 p-4 bg-blue-50 rounded-lg hover:bg-blue-100 transition-colors duration-300\">\r\n                    <div class=\"w-6 h-6 bg-blue-500 rounded-full flex items-center justify-center flex-shrink-0\">\r\n                        <i class=\"fas fa-check text-white text-xs\"><\/i>\r\n                    <\/div>\r\n                    <p class=\"text-gray-700 leading-relaxed\">Podpora miestnych podnikov prostredn\u00edctvom preferovan\u00fdch partnerstiev<\/p>\r\n                <\/div>\r\n                <div class=\"flex items-center space-x-4 p-4 bg-blue-50 rounded-lg hover:bg-blue-100 transition-colors duration-300\">\r\n                    <div class=\"w-6 h-6 bg-blue-500 rounded-full flex items-center justify-center flex-shrink-0\">\r\n                        <i class=\"fas fa-check text-white text-xs\"><\/i>\r\n                    <\/div>\r\n                    <p class=\"text-gray-700 leading-relaxed\">Tvorba pracovn\u00fdch miest v \u0161truktur\u00e1lne slab\u00fdch regi\u00f3noch<\/p>\r\n                <\/div>\r\n            <\/div>\r\n        <\/div>\r\n\r\n        <!-- Social Initiatives -->\r\n        <div>\r\n            <h4 class=\"text-xl font-bold text-gray-700 mb-6 flex items-center\">\r\n                <i class=\"fas fa-heart text-purple-500 mr-3\"><\/i>\r\n  Soci\u00e1lne iniciat\u00edvy\r\n            <\/h4>\r\n            <div class=\"space-y-4\">\r\n                <div class=\"flex items-center space-x-4 p-4 bg-purple-50 rounded-lg hover:bg-purple-100 transition-colors duration-300\">\r\n                    <div class=\"w-6 h-6 bg-purple-500 rounded-full flex items-center justify-center flex-shrink-0\">\r\n                        <i class=\"fas fa-check text-white text-xs\"><\/i>\r\n                    <\/div>\r\n                    <p class=\"text-gray-700 leading-relaxed\">Priebe\u017en\u00e1 podpora neziskov\u00fdch organiz\u00e1ci\u00ed v projektov\u00fdch regi\u00f3noch<\/p>\r\n                <\/div>\r\n                <div class=\"flex items-center space-x-4 p-4 bg-purple-50 rounded-lg hover:bg-purple-100 transition-colors duration-300\">\r\n                    <div class=\"w-6 h-6 bg-purple-500 rounded-full flex items-center justify-center flex-shrink-0\">\r\n                        <i class=\"fas fa-star text-white text-xs\"><\/i>\r\n                    <\/div>\r\n                    <div class=\"text-gray-700 leading-relaxed\">\r\n                        <span class=\"font-semibold\">Festival Zogrod -<\/span> iniciovan\u00fd a financovan\u00fd IPEC, v s\u00fa\u010dasnosti nez\u00e1visle pokra\u010duje miestnymi obyvate\u013emi na pozemku vo vlastn\u00edctve IPEC s mal\u00fdm amfite\u00e1trom.\r\n                    <\/div>\r\n                <\/div>\r\n            <\/div>\r\n        <\/div>\r\n    <\/div>\r\n<\/div>\r\n\r\n<!-- Past Initiatives -->\r\n<div class=\"mb-16\">\r\n    <div class=\"bg-white rounded-2xl shadow-xl p-8 lg:p-12\">\r\n        <h3 class=\"text-2xl lg:text-3xl font-bold text-gray-800 mb-8 flex items-center justify-center\">\r\n            <!--\r\n            <div class=\"w-12 h-12 bg-gradient-to-r from-orange-500 to-red-500 rounded-full flex items-center justify-center mr-4\">\r\n                <i class=\"fas fa-history text-white text-xl\"><\/i>\r\n            <\/div>-->\r\n  Minul\u00e9 iniciat\u00edvy\r\n        <\/h3>\r\n\r\n        <div class=\"space-y-6\">\r\n            <div class=\"flex items-center space-x-4 p-6 bg-orange-50 rounded-lg hover:bg-orange-100 transition-colors duration-300\">\r\n                <div class=\"w-8 h-8 bg-orange-500 rounded-full flex items-center justify-center flex-shrink-0\">\r\n                    <i class=\"fas fa-landmark text-white text-sm\"><\/i>\r\n                <\/div>\r\n                <p class=\"text-gray-700 leading-relaxed text-lg\">Obnova historick\u00fdch budov<\/p>\r\n            <\/div>\r\n            <div class=\"flex items-center space-x-4 p-6 bg-orange-50 rounded-lg hover:bg-orange-100 transition-colors duration-300\">\r\n                <div class=\"w-8 h-8 bg-orange-500 rounded-full flex items-center justify-center flex-shrink-0\">\r\n                    <i class=\"fas fa-music text-white text-sm\"><\/i>\r\n                <\/div>\r\n                <div class=\"text-gray-700 leading-relaxed text-lg\">\r\n                    <span class=\"font-semibold\">Cig\u00e1nska noc -<\/span> podpora kult\u00farneho prejavu a zvidite\u013enenia komun\u00edt Sintov a R\u00f3mov\r\n                <\/div>\r\n            <\/div>\r\n        <\/div>\r\n    <\/div>\r\n<\/div>\r\n\r\n<!-- Mission Statement -->\r\n<div class=\"bg-gradient-to-r from-blue-600 to-purple-600 rounded-2xl shadow-2xl p-8 lg:p-12 text-center text-white\">\r\n    <div class=\"max-w-4xl mx-auto\">\r\n        <div class=\"w-16 h-16 bg-white\/20 rounded-full flex items-center justify-center mx-auto mb-6\">\r\n            <i class=\"fas fa-globe-europe text-3xl\"><\/i>\r\n        <\/div>\r\n        <h3 class=\"text-2xl lg:text-3xl font-bold mb-6\">Na\u0161e poslanie<\/h3>\r\n        <p class=\"text-xl lg:text-2xl leading-relaxed font-light\">\r\n  Prostredn\u00edctvom na\u0161ich projektov Public Value sa sna\u017e\u00edme nielen vytv\u00e1ra\u0165 ekonomick\u00fa hodnotu, ale aj prispieva\u0165 <span class=\"font-semibold\">k soci\u00e1lnemu a ekologick\u00e9mu<\/span> rozvoju \r\n.\r\n        <\/p>\r\n    <\/div>\r\n<\/div>\t\t\t\t<\/div>\n\t\t\t\t<\/div>\n\t\t\t\t\t<\/div>\n\t\t\t\t<\/div>\n\t\t\t\t<\/div>\n\t\t","protected":false},"excerpt":{"rendered":"<p>Projekty s verejnou hodnotou Spolo\u010densk\u00e1 zodpovednos\u0165 prostredn\u00edctvom projektov verejnej hodnoty V spolo\u010dnosti IPEC GROUP si uvedomujeme, \u017ee udr\u017eate\u013en\u00fd \u00faspech ide ruka v ruke so spolo\u010denskou zodpovednos\u0165ou. Na\u0161e projekty verejnej hodnoty s\u00fa \u00fastrednou s\u00fa\u010das\u0165ou na\u0161ej firemnej filozofie a ich cie\u013eom je pozit\u00edvne prispie\u0165 ku komunit\u00e1m, v ktor\u00fdch p\u00f4sob\u00edme. Aktu\u00e1lne iniciat\u00edvy Ochrana \u017eivotn\u00e9ho prostredia a udr\u017eate\u013enos\u0165 Integr\u00e1cia [&hellip;]<\/p>\n","protected":false},"author":1,"featured_media":0,"parent":0,"menu_order":0,"comment_status":"closed","ping_status":"closed","template":"","meta":{"footnotes":""},"class_list":["post-8449","page","type-page","status-publish","hentry"],"yoast_head":"<!-- This site is optimized with the Yoast SEO plugin v25.3 - https:\/\/yoast.com\/wordpress\/plugins\/seo\/ -->\n<title>Verejn\u00e1 hodnota - IPEC-Group<\/title>\n<meta name=\"robots\" content=\"index, follow, max-snippet:-1, max-image-preview:large, max-video-preview:-1\" \/>\n<link rel=\"canonical\" href=\"https:\/\/ipec2025.ipec-group.com\/sk\/public-value\/\" \/>\n<meta property=\"og:locale\" content=\"sk_SK\" \/>\n<meta property=\"og:type\" content=\"article\" \/>\n<meta property=\"og:title\" content=\"Verejn\u00e1 hodnota - IPEC-Group\" \/>\n<meta property=\"og:description\" content=\"Projekty s verejnou hodnotou Spolo\u010densk\u00e1 zodpovednos\u0165 prostredn\u00edctvom projektov verejnej hodnoty V spolo\u010dnosti IPEC GROUP si uvedomujeme, \u017ee udr\u017eate\u013en\u00fd \u00faspech ide ruka v ruke so spolo\u010denskou zodpovednos\u0165ou. Na\u0161e projekty verejnej hodnoty s\u00fa \u00fastrednou s\u00fa\u010das\u0165ou na\u0161ej firemnej filozofie a ich cie\u013eom je pozit\u00edvne prispie\u0165 ku komunit\u00e1m, v ktor\u00fdch p\u00f4sob\u00edme. Aktu\u00e1lne iniciat\u00edvy Ochrana \u017eivotn\u00e9ho prostredia a udr\u017eate\u013enos\u0165 Integr\u00e1cia [&hellip;]\" \/>\n<meta property=\"og:url\" content=\"https:\/\/ipec2025.ipec-group.com\/sk\/public-value\/\" \/>\n<meta property=\"og:site_name\" content=\"IPEC-Group\" \/>\n<meta property=\"article:modified_time\" content=\"2025-08-13T17:53:31+00:00\" \/>\n<meta name=\"twitter:card\" content=\"summary_large_image\" \/>\n<meta name=\"twitter:label1\" content=\"Predpokladan\u00fd \u010das \u010d\u00edtania\" \/>\n\t<meta name=\"twitter:data1\" content=\"1 min\u00fata\" \/>\n<script type=\"application\/ld+json\" class=\"yoast-schema-graph\">{\"@context\":\"https:\/\/schema.org\",\"@graph\":[{\"@type\":\"WebPage\",\"@id\":\"https:\/\/ipec2025.ipec-group.com\/sk\/public-value\/\",\"url\":\"https:\/\/ipec2025.ipec-group.com\/sk\/public-value\/\",\"name\":\"Verejn\u00e1 hodnota - IPEC-Group\",\"isPartOf\":{\"@id\":\"https:\/\/ipec2025.ipec-group.com\/sk\/#website\"},\"datePublished\":\"2025-06-05T10:43:26+00:00\",\"dateModified\":\"2025-08-13T17:53:31+00:00\",\"breadcrumb\":{\"@id\":\"https:\/\/ipec2025.ipec-group.com\/sk\/public-value\/#breadcrumb\"},\"inLanguage\":\"sk-SK\",\"potentialAction\":[{\"@type\":\"ReadAction\",\"target\":[\"https:\/\/ipec2025.ipec-group.com\/sk\/public-value\/\"]}]},{\"@type\":\"BreadcrumbList\",\"@id\":\"https:\/\/ipec2025.ipec-group.com\/sk\/public-value\/#breadcrumb\",\"itemListElement\":[{\"@type\":\"ListItem\",\"position\":1,\"name\":\"Startseite\",\"item\":\"https:\/\/ipec2025.ipec-group.com\/sk\/\"},{\"@type\":\"ListItem\",\"position\":2,\"name\":\"Verejn\u00e1 hodnota\"}]},{\"@type\":\"WebSite\",\"@id\":\"https:\/\/ipec2025.ipec-group.com\/sk\/#website\",\"url\":\"https:\/\/ipec2025.ipec-group.com\/sk\/\",\"name\":\"IPEC-Group\",\"description\":\"\",\"potentialAction\":[{\"@type\":\"SearchAction\",\"target\":{\"@type\":\"EntryPoint\",\"urlTemplate\":\"https:\/\/ipec2025.ipec-group.com\/sk\/?s={search_term_string}\"},\"query-input\":{\"@type\":\"PropertyValueSpecification\",\"valueRequired\":true,\"valueName\":\"search_term_string\"}}],\"inLanguage\":\"sk-SK\"}]}<\/script>\n<!-- \/ Yoast SEO plugin. -->","yoast_head_json":{"title":"Verejn\u00e1 hodnota - IPEC-Group","robots":{"index":"index","follow":"follow","max-snippet":"max-snippet:-1","max-image-preview":"max-image-preview:large","max-video-preview":"max-video-preview:-1"},"canonical":"https:\/\/ipec2025.ipec-group.com\/sk\/public-value\/","og_locale":"sk_SK","og_type":"article","og_title":"Verejn\u00e1 hodnota - IPEC-Group","og_description":"Projekty s verejnou hodnotou Spolo\u010densk\u00e1 zodpovednos\u0165 prostredn\u00edctvom projektov verejnej hodnoty V spolo\u010dnosti IPEC GROUP si uvedomujeme, \u017ee udr\u017eate\u013en\u00fd \u00faspech ide ruka v ruke so spolo\u010denskou zodpovednos\u0165ou. Na\u0161e projekty verejnej hodnoty s\u00fa \u00fastrednou s\u00fa\u010das\u0165ou na\u0161ej firemnej filozofie a ich cie\u013eom je pozit\u00edvne prispie\u0165 ku komunit\u00e1m, v ktor\u00fdch p\u00f4sob\u00edme. Aktu\u00e1lne iniciat\u00edvy Ochrana \u017eivotn\u00e9ho prostredia a udr\u017eate\u013enos\u0165 Integr\u00e1cia [&hellip;]","og_url":"https:\/\/ipec2025.ipec-group.com\/sk\/public-value\/","og_site_name":"IPEC-Group","article_modified_time":"2025-08-13T17:53:31+00:00","twitter_card":"summary_large_image","twitter_misc":{"Predpokladan\u00fd \u010das \u010d\u00edtania":"1 min\u00fata"},"schema":{"@context":"https:\/\/schema.org","@graph":[{"@type":"WebPage","@id":"https:\/\/ipec2025.ipec-group.com\/sk\/public-value\/","url":"https:\/\/ipec2025.ipec-group.com\/sk\/public-value\/","name":"Verejn\u00e1 hodnota - IPEC-Group","isPartOf":{"@id":"https:\/\/ipec2025.ipec-group.com\/sk\/#website"},"datePublished":"2025-06-05T10:43:26+00:00","dateModified":"2025-08-13T17:53:31+00:00","breadcrumb":{"@id":"https:\/\/ipec2025.ipec-group.com\/sk\/public-value\/#breadcrumb"},"inLanguage":"sk-SK","potentialAction":[{"@type":"ReadAction","target":["https:\/\/ipec2025.ipec-group.com\/sk\/public-value\/"]}]},{"@type":"BreadcrumbList","@id":"https:\/\/ipec2025.ipec-group.com\/sk\/public-value\/#breadcrumb","itemListElement":[{"@type":"ListItem","position":1,"name":"Startseite","item":"https:\/\/ipec2025.ipec-group.com\/sk\/"},{"@type":"ListItem","position":2,"name":"Verejn\u00e1 hodnota"}]},{"@type":"WebSite","@id":"https:\/\/ipec2025.ipec-group.com\/sk\/#website","url":"https:\/\/ipec2025.ipec-group.com\/sk\/","name":"IPEC-Group","description":"","potentialAction":[{"@type":"SearchAction","target":{"@type":"EntryPoint","urlTemplate":"https:\/\/ipec2025.ipec-group.com\/sk\/?s={search_term_string}"},"query-input":{"@type":"PropertyValueSpecification","valueRequired":true,"valueName":"search_term_string"}}],"inLanguage":"sk-SK"}]}},"_links":{"self":[{"href":"https:\/\/ipec2025.ipec-group.com\/sk\/wp-json\/wp\/v2\/pages\/8449","targetHints":{"allow":["GET"]}}],"collection":[{"href":"https:\/\/ipec2025.ipec-group.com\/sk\/wp-json\/wp\/v2\/pages"}],"about":[{"href":"https:\/\/ipec2025.ipec-group.com\/sk\/wp-json\/wp\/v2\/types\/page"}],"author":[{"embeddable":true,"href":"https:\/\/ipec2025.ipec-group.com\/sk\/wp-json\/wp\/v2\/users\/1"}],"replies":[{"embeddable":true,"href":"https:\/\/ipec2025.ipec-group.com\/sk\/wp-json\/wp\/v2\/comments?post=8449"}],"version-history":[{"count":1,"href":"https:\/\/ipec2025.ipec-group.com\/sk\/wp-json\/wp\/v2\/pages\/8449\/revisions"}],"predecessor-version":[{"id":8450,"href":"https:\/\/ipec2025.ipec-group.com\/sk\/wp-json\/wp\/v2\/pages\/8449\/revisions\/8450"}],"wp:attachment":[{"href":"https:\/\/ipec2025.ipec-group.com\/sk\/wp-json\/wp\/v2\/media?parent=8449"}],"curies":[{"name":"wp","href":"https:\/\/api.w.org\/{rel}","templated":true}]}}