{"id":8445,"date":"2025-06-04T09:52:00","date_gmt":"2025-06-04T07:52:00","guid":{"rendered":"https:\/\/ipec2025.ipec-group.com\/kariera\/"},"modified":"2025-08-13T19:54:22","modified_gmt":"2025-08-13T17:54:22","slug":"career","status":"publish","type":"page","link":"https:\/\/ipec2025.ipec-group.com\/sk\/career\/","title":{"rendered":"Kari\u00e9ra"},"content":{"rendered":"\t\t<div data-elementor-type=\"wp-page\" data-elementor-id=\"8445\" class=\"elementor elementor-8445 elementor-6710\" data-elementor-post-type=\"page\">\n\t\t\t\t<div class=\"elementor-element elementor-element-4e187ac4 e-flex e-con-boxed e-con e-parent\" data-id=\"4e187ac4\" data-element_type=\"container\" data-settings=\"{&quot;background_background&quot;:&quot;classic&quot;}\">\n\t\t\t\t\t<div class=\"e-con-inner\">\n\t\t<div class=\"elementor-element elementor-element-65c7eec e-con-full e-flex e-con e-child\" data-id=\"65c7eec\" data-element_type=\"container\">\n\t\t\t\t<div class=\"elementor-element elementor-element-79caa700 elementor-widget elementor-widget-heading\" data-id=\"79caa700\" data-element_type=\"widget\" data-widget_type=\"heading.default\">\n\t\t\t\t<div class=\"elementor-widget-container\">\n\t\t\t\t\t<h2 class=\"elementor-heading-title elementor-size-default\">Kari\u00e9ra<\/h2>\t\t\t\t<\/div>\n\t\t\t\t<\/div>\n\t\t\t\t<div class=\"elementor-element elementor-element-749456a6 elementor-widget elementor-widget-heading\" data-id=\"749456a6\" data-element_type=\"widget\" data-widget_type=\"heading.default\">\n\t\t\t\t<div class=\"elementor-widget-container\">\n\t\t\t\t\t<h5 class=\"elementor-heading-title elementor-size-default\">Sta\u0148te sa s\u00fa\u010das\u0165ou n\u00e1\u0161ho t\u00edmu<\/h5>\t\t\t\t<\/div>\n\t\t\t\t<\/div>\n\t\t\t\t<\/div>\n\t\t<div class=\"elementor-element elementor-element-fb43760 e-con-full e-flex e-con e-child\" data-id=\"fb43760\" data-element_type=\"container\">\n\t\t\t\t<div class=\"elementor-element elementor-element-908ad77 elementor-widget elementor-widget-text-editor\" data-id=\"908ad77\" data-element_type=\"widget\" data-widget_type=\"text-editor.default\">\n\t\t\t\t<div class=\"elementor-widget-container\">\n\t\t\t\t\t\t\t\t\t<p>Skupina IPEC pon\u00faka zauj\u00edmav\u00e9 kari\u00e9rne pr\u00edle\u017eitosti v dynamickom a rast\u00facom prostred\u00ed. H\u013ead\u00e1me talentovan\u00fdch a motivovan\u00fdch odborn\u00edkov, ktor\u00ed zdie\u013eaj\u00fa na\u0161u v\u00e1\u0161e\u0148 pre inovat\u00edvny rozvoj nehnute\u013enost\u00ed.<\/p>\t\t\t\t\t\t\t\t<\/div>\n\t\t\t\t<\/div>\n\t\t\t\t<\/div>\n\t\t\t\t<div class=\"elementor-element elementor-element-7537c11 animated-fast elementor-invisible elementor-widget elementor-widget-html\" data-id=\"7537c11\" data-element_type=\"widget\" data-settings=\"{&quot;_animation&quot;:&quot;fadeIn&quot;,&quot;_animation_delay&quot;:300}\" data-widget_type=\"html.default\">\n\t\t\t\t<div class=\"elementor-widget-container\">\n\t\t\t\t\t<section>\r\n    <div class=\"container mx-auto max-w-6xl\">\r\n        <!-- Why IPEC GROUP Section -->\r\n        <div class=\"mb-16\">\r\n            <div class=\"bg-white rounded-2xl shadow-xl p-8 lg:p-12\">\r\n                <h3 class=\"text-2xl lg:text-3xl font-bold text-gray-800 mb-8 flex items-center justify-center\">\r\n  Pre\u010do IPEC GROUP?\r\n                <\/h3>\r\n\r\n                <div class=\"grid md:grid-cols-2 gap-8\">\r\n                    <div class=\"space-y-6\">\r\n                        <div class=\"flex items-start\">\r\n                            <div class=\"w-8 h-8 bg-blue-500 rounded-full flex items-center justify-center flex-shrink-0 mr-4 mt-1\">\r\n                                <i class=\"fas fa-building text-white text-sm\"><\/i>\r\n                            <\/div>\r\n                            <div>\r\n                                <p class=\"text-gray-700 text-lg leading-relaxed\">\r\n  Pr\u00e1ca na <span class=\"font-semibold text-blue-600\">progres\u00edvnych projektoch v<\/span> strednej Eur\u00f3pe\r\n                                <\/p>\r\n                            <\/div>\r\n                        <\/div>\r\n\r\n                        <div class=\"flex items-start\">\r\n                            <div class=\"w-8 h-8 bg-blue-500 rounded-full flex items-center justify-center flex-shrink-0 mr-4 mt-1\">\r\n                                <i class=\"fas fa-globe text-white text-sm\"><\/i>\r\n                            <\/div>\r\n                            <div>\r\n                                <p class=\"text-gray-700 text-lg leading-relaxed\">\r\n  Rozmanit\u00e9 <span class=\"font-semibold text-blue-600\">mo\u017enosti rozvoja v<\/span> medzin\u00e1rodnom prostred\u00ed\r\n                                <\/p>\r\n                            <\/div>\r\n                        <\/div>\r\n\r\n                        <div class=\"flex items-start\">\r\n                            <div class=\"w-8 h-8 bg-blue-500 rounded-full flex items-center justify-center flex-shrink-0 mr-4 mt-1\">\r\n                                <i class=\"fas fa-users text-white text-sm\"><\/i>\r\n                            <\/div>\r\n                            <div>\r\n                                <p class=\"text-gray-700 text-lg leading-relaxed\">\r\n                                    <span class=\"font-semibold text-blue-600\">Ploch\u00e1 hierarchia a<\/span> auton\u00f3mna pr\u00e1ca\r\n                                <\/p>\r\n                            <\/div>\r\n                        <\/div>\r\n                    <\/div>\r\n\r\n                    <div class=\"space-y-6\">\r\n                        <div class=\"flex items-start\">\r\n                            <div class=\"w-8 h-8 bg-blue-500 rounded-full flex items-center justify-center flex-shrink-0 mr-4 mt-1\">\r\n                                <i class=\"fas fa-money-bill-wave text-white text-sm\"><\/i>\r\n                            <\/div>\r\n                            <div>\r\n                                <p class=\"text-gray-700 text-lg leading-relaxed\">\r\n                                    <span class=\"font-semibold text-blue-600\">Atrakt\u00edvne odme\u0148ovanie a<\/span> komplexn\u00e9 v\u00fdhody\r\n                                <\/p>\r\n                            <\/div>\r\n                        <\/div>\r\n\r\n                        <div class=\"flex items-start\">\r\n                            <div class=\"w-8 h-8 bg-blue-500 rounded-full flex items-center justify-center flex-shrink-0 mr-4 mt-1\">\r\n                                <i class=\"fas fa-balance-scale text-white text-sm\"><\/i>\r\n                            <\/div>\r\n                            <div>\r\n                                <p class=\"text-gray-700 text-lg leading-relaxed\">\r\n  Podpora <span class=\"font-semibold text-blue-600\">rovnov\u00e1hy medzi pracovn\u00fdm a s\u00fakromn\u00fdm \u017eivotom a<\/span> flexibiln\u00fdch pracovn\u00fdch modelov\r\n                                <\/p>\r\n                            <\/div>\r\n                        <\/div>\r\n                    <\/div>\r\n                <\/div>\r\n            <\/div>\r\n        <\/div>\r\n\r\n        <!-- Current Openings Section -->\r\n        <div class=\"mb-16\">\r\n            <div class=\"bg-white rounded-2xl shadow-xl p-8 lg:p-12\">\r\n                <h3 class=\"text-2xl lg:text-3xl font-bold text-gray-800 mb-8 flex items-center justify-center\">\r\n  Aktu\u00e1lne vo\u013en\u00e9 miesta\r\n                <\/h3>\r\n\r\n                <div class=\"text-center py-12\">\r\n                    <div class=\"w-24 h-24 bg-gray-100 rounded-full flex items-center justify-center mx-auto mb-6\">\r\n                        <i class=\"fas fa-clock text-gray-400 text-3xl\"><\/i>\r\n                    <\/div>\r\n                    <h4 class=\"text-xl font-bold text-gray-700 mb-4\">Nie s\u00fa k dispoz\u00edcii \u017eiadne vo\u013en\u00e9 poz\u00edcie<\/h4>\r\n                    <p class=\"text-gray-600 text-lg max-w-2xl mx-auto leading-relaxed\">\r\n  V s\u00fa\u010dasnosti nie s\u00fa k dispoz\u00edcii \u017eiadne vo\u013en\u00e9 pracovn\u00e9 miesta. V\u017edy v\u0161ak m\u00e1me z\u00e1ujem nadviaza\u0165 kontakt s talentovan\u00fdmi odborn\u00edkmi.\r\n                    <\/p>\r\n                <\/div>\r\n            <\/div>\r\n        <\/div>\r\n\r\n        <!-- Initiative Applications Section \r\n        <div class=\"mb-16\">\r\n            <div class=\"bg-gradient-to-r from-blue-600 to-purple-600 rounded-2xl shadow-2xl p-8 lg:p-12 text-white\">\r\n                <div class=\"text-center mb-8\">\r\n                    <div class=\"w-16 h-16 bg-white\/20 rounded-full flex items-center justify-center mx-auto mb-6\">\r\n                        <i class=\"fas fa-paper-plane text-3xl\"><\/i>\r\n                    <\/div>\r\n                    <h3 class=\"text-2xl lg:text-3xl font-bold mb-6\">Initiative Applications Welcome<\/h3>\r\n                    <p class=\"text-xl leading-relaxed max-w-3xl mx-auto opacity-90\">\r\n                        Nevertheless, we welcome initiative applications from talented professionals who would like to strengthen our team.\r\n                    <\/p>\r\n                <\/div>\r\n\r\n                <div class=\"grid md:grid-cols-3 gap-8 mb-8\">\r\n                    <div class=\"text-center\">\r\n                        <div class=\"w-12 h-12 bg-white\/20 rounded-full flex items-center justify-center mx-auto mb-4\">\r\n                            <i class=\"fas fa-file-alt text-xl\"><\/i>\r\n                        <\/div>\r\n                        <h4 class=\"font-bold text-lg mb-2\">Submit Your CV<\/h4>\r\n                        <p class=\"text-white\/80\">Send us your complete application documents<\/p>\r\n                    <\/div>\r\n                    \r\n                    <div class=\"text-center\">\r\n                        <div class=\"w-12 h-12 bg-white\/20 rounded-full flex items-center justify-center mx-auto mb-4\">\r\n                            <i class=\"fas fa-search text-xl\"><\/i>\r\n                        <\/div>\r\n                        <h4 class=\"font-bold text-lg mb-2\">We Review<\/h4>\r\n                        <p class=\"text-white\/80\">Our HR team evaluates your profile carefully<\/p>\r\n                    <\/div>\r\n                    \r\n                    <div class=\"text-center\">\r\n                        <div class=\"w-12 h-12 bg-white\/20 rounded-full flex items-center justify-center mx-auto mb-4\">\r\n                            <i class=\"fas fa-handshake text-xl\"><\/i>\r\n                        <\/div>\r\n                        <h4 class=\"font-bold text-lg mb-2\">Get in Touch<\/h4>\r\n                        <p class=\"text-white\/80\">We contact you when suitable positions arise<\/p>\r\n                    <\/div>\r\n                <\/div>\r\n\r\n                <div class=\"text-center\">\r\n                    <a href=\"mailto:info@ipec-group.com?subject=Initiative Application\" class=\"bg-white text-blue-600 hover:bg-gray-100 font-bold py-4 px-8 rounded-xl text-lg transition-all duration-300 transform hover:scale-105 shadow-xl inline-block\">\r\n                        <i class=\"fas fa-envelope mr-2\"><\/i>\r\n                        Send Your Application\r\n                    <\/a>\r\n                <\/div>\r\n            <\/div>\r\n        <\/div>\r\n\r\n        <div>\r\n            <div class=\"bg-white rounded-2xl shadow-xl p-8 lg:p-12\">\r\n                <h3 class=\"text-2xl lg:text-3xl font-bold text-gray-800 mb-8 flex items-center justify-center\">\r\n                    What We Look For\r\n                <\/h3>\r\n\r\n                <div class=\"grid md:grid-cols-2 lg:grid-cols-4 gap-6\">\r\n                    <div class=\"text-center p-6 bg-gray-50 rounded-xl hover:bg-gray-100 transition-colors\">\r\n                        <div class=\"w-12 h-12 bg-blue-500 rounded-full flex items-center justify-center mx-auto mb-4\">\r\n                            <i class=\"fas fa-lightbulb text-white\"><\/i>\r\n                        <\/div>\r\n                        <h4 class=\"font-bold text-gray-800 mb-2\">Innovation<\/h4>\r\n                        <p class=\"text-gray-600 text-sm\">Creative thinking and fresh perspectives<\/p>\r\n                    <\/div>\r\n\r\n                    <div class=\"text-center p-6 bg-gray-50 rounded-xl hover:bg-gray-100 transition-colors\">\r\n                        <div class=\"w-12 h-12 bg-blue-500 rounded-full flex items-center justify-center mx-auto mb-4\">\r\n                            <i class=\"fas fa-chart-line text-white\"><\/i>\r\n                        <\/div>\r\n                        <h4 class=\"font-bold text-gray-800 mb-2\">Growth Mindset<\/h4>\r\n                        <p class=\"text-gray-600 text-sm\">Passion for continuous learning<\/p>\r\n                    <\/div>\r\n\r\n                    <div class=\"text-center p-6 bg-gray-50 rounded-xl hover:bg-gray-100 transition-colors\">\r\n                        <div class=\"w-12 h-12 bg-blue-500 rounded-full flex items-center justify-center mx-auto mb-4\">\r\n                            <i class=\"fas fa-comments text-white\"><\/i>\r\n                        <\/div>\r\n                        <h4 class=\"font-bold text-gray-800 mb-2\">Communication<\/h4>\r\n                        <p class=\"text-gray-600 text-sm\">Strong interpersonal skills<\/p>\r\n                    <\/div>\r\n\r\n                    <div class=\"text-center p-6 bg-gray-50 rounded-xl hover:bg-gray-100 transition-colors\">\r\n                        <div class=\"w-12 h-12 bg-blue-500 rounded-full flex items-center justify-center mx-auto mb-4\">\r\n                            <i class=\"fas fa-trophy text-white\"><\/i>\r\n                        <\/div>\r\n                        <h4 class=\"font-bold text-gray-800 mb-2\">Excellence<\/h4>\r\n                        <p class=\"text-gray-600 text-sm\">Commitment to quality work<\/p>\r\n                    <\/div>\r\n                <\/div>\r\n            <\/div>\r\n        <\/div>\r\n        -->\r\n    <\/div>\r\n<\/section>\t\t\t\t<\/div>\n\t\t\t\t<\/div>\n\t\t\t\t\t<\/div>\n\t\t\t\t<\/div>\n\t\t\t\t<\/div>\n\t\t","protected":false},"excerpt":{"rendered":"<p>Kari\u00e9ra Sta\u0148te sa s\u00fa\u010das\u0165ou n\u00e1\u0161ho t\u00edmu Skupina IPEC pon\u00faka zauj\u00edmav\u00e9 kari\u00e9rne pr\u00edle\u017eitosti v dynamickom a rast\u00facom prostred\u00ed. H\u013ead\u00e1me talentovan\u00fdch a motivovan\u00fdch odborn\u00edkov, ktor\u00ed zdie\u013eaj\u00fa na\u0161u v\u00e1\u0161e\u0148 pre inovat\u00edvny rozvoj nehnute\u013enost\u00ed. Pre\u010do IPEC GROUP? Pr\u00e1ca na progres\u00edvnych projektoch v strednej Eur\u00f3pe Rozmanit\u00e9 mo\u017enosti rozvoja v medzin\u00e1rodnom prostred\u00ed Ploch\u00e1 hierarchia a auton\u00f3mna pr\u00e1ca Atrakt\u00edvne odme\u0148ovanie a komplexn\u00e9 [&hellip;]<\/p>\n","protected":false},"author":1,"featured_media":0,"parent":0,"menu_order":0,"comment_status":"closed","ping_status":"closed","template":"","meta":{"footnotes":""},"class_list":["post-8445","page","type-page","status-publish","hentry"],"yoast_head":"<!-- This site is optimized with the Yoast SEO plugin v25.3 - https:\/\/yoast.com\/wordpress\/plugins\/seo\/ -->\n<title>Kari\u00e9ra - IPEC-Group<\/title>\n<meta name=\"robots\" content=\"index, follow, max-snippet:-1, max-image-preview:large, max-video-preview:-1\" \/>\n<link rel=\"canonical\" href=\"https:\/\/ipec2025.ipec-group.com\/sk\/career\/\" \/>\n<meta property=\"og:locale\" content=\"sk_SK\" \/>\n<meta property=\"og:type\" content=\"article\" \/>\n<meta property=\"og:title\" content=\"Kari\u00e9ra - IPEC-Group\" \/>\n<meta property=\"og:description\" content=\"Kari\u00e9ra Sta\u0148te sa s\u00fa\u010das\u0165ou n\u00e1\u0161ho t\u00edmu Skupina IPEC pon\u00faka zauj\u00edmav\u00e9 kari\u00e9rne pr\u00edle\u017eitosti v dynamickom a rast\u00facom prostred\u00ed. H\u013ead\u00e1me talentovan\u00fdch a motivovan\u00fdch odborn\u00edkov, ktor\u00ed zdie\u013eaj\u00fa na\u0161u v\u00e1\u0161e\u0148 pre inovat\u00edvny rozvoj nehnute\u013enost\u00ed. Pre\u010do IPEC GROUP? Pr\u00e1ca na progres\u00edvnych projektoch v strednej Eur\u00f3pe Rozmanit\u00e9 mo\u017enosti rozvoja v medzin\u00e1rodnom prostred\u00ed Ploch\u00e1 hierarchia a auton\u00f3mna pr\u00e1ca Atrakt\u00edvne odme\u0148ovanie a komplexn\u00e9 [&hellip;]\" \/>\n<meta property=\"og:url\" content=\"https:\/\/ipec2025.ipec-group.com\/sk\/career\/\" \/>\n<meta property=\"og:site_name\" content=\"IPEC-Group\" \/>\n<meta property=\"article:modified_time\" content=\"2025-08-13T17:54:22+00:00\" \/>\n<meta name=\"twitter:card\" content=\"summary_large_image\" \/>\n<meta name=\"twitter:label1\" content=\"Predpokladan\u00fd \u010das \u010d\u00edtania\" \/>\n\t<meta name=\"twitter:data1\" content=\"1 min\u00fata\" \/>\n<script type=\"application\/ld+json\" class=\"yoast-schema-graph\">{\"@context\":\"https:\/\/schema.org\",\"@graph\":[{\"@type\":\"WebPage\",\"@id\":\"https:\/\/ipec2025.ipec-group.com\/sk\/career\/\",\"url\":\"https:\/\/ipec2025.ipec-group.com\/sk\/career\/\",\"name\":\"Kari\u00e9ra - IPEC-Group\",\"isPartOf\":{\"@id\":\"https:\/\/ipec2025.ipec-group.com\/sk\/#website\"},\"datePublished\":\"2025-06-04T07:52:00+00:00\",\"dateModified\":\"2025-08-13T17:54:22+00:00\",\"breadcrumb\":{\"@id\":\"https:\/\/ipec2025.ipec-group.com\/sk\/career\/#breadcrumb\"},\"inLanguage\":\"sk-SK\",\"potentialAction\":[{\"@type\":\"ReadAction\",\"target\":[\"https:\/\/ipec2025.ipec-group.com\/sk\/career\/\"]}]},{\"@type\":\"BreadcrumbList\",\"@id\":\"https:\/\/ipec2025.ipec-group.com\/sk\/career\/#breadcrumb\",\"itemListElement\":[{\"@type\":\"ListItem\",\"position\":1,\"name\":\"Startseite\",\"item\":\"https:\/\/ipec2025.ipec-group.com\/sk\/\"},{\"@type\":\"ListItem\",\"position\":2,\"name\":\"Kari\u00e9ra\"}]},{\"@type\":\"WebSite\",\"@id\":\"https:\/\/ipec2025.ipec-group.com\/sk\/#website\",\"url\":\"https:\/\/ipec2025.ipec-group.com\/sk\/\",\"name\":\"IPEC-Group\",\"description\":\"\",\"potentialAction\":[{\"@type\":\"SearchAction\",\"target\":{\"@type\":\"EntryPoint\",\"urlTemplate\":\"https:\/\/ipec2025.ipec-group.com\/sk\/?s={search_term_string}\"},\"query-input\":{\"@type\":\"PropertyValueSpecification\",\"valueRequired\":true,\"valueName\":\"search_term_string\"}}],\"inLanguage\":\"sk-SK\"}]}<\/script>\n<!-- \/ Yoast SEO plugin. -->","yoast_head_json":{"title":"Kari\u00e9ra - IPEC-Group","robots":{"index":"index","follow":"follow","max-snippet":"max-snippet:-1","max-image-preview":"max-image-preview:large","max-video-preview":"max-video-preview:-1"},"canonical":"https:\/\/ipec2025.ipec-group.com\/sk\/career\/","og_locale":"sk_SK","og_type":"article","og_title":"Kari\u00e9ra - IPEC-Group","og_description":"Kari\u00e9ra Sta\u0148te sa s\u00fa\u010das\u0165ou n\u00e1\u0161ho t\u00edmu Skupina IPEC pon\u00faka zauj\u00edmav\u00e9 kari\u00e9rne pr\u00edle\u017eitosti v dynamickom a rast\u00facom prostred\u00ed. H\u013ead\u00e1me talentovan\u00fdch a motivovan\u00fdch odborn\u00edkov, ktor\u00ed zdie\u013eaj\u00fa na\u0161u v\u00e1\u0161e\u0148 pre inovat\u00edvny rozvoj nehnute\u013enost\u00ed. Pre\u010do IPEC GROUP? Pr\u00e1ca na progres\u00edvnych projektoch v strednej Eur\u00f3pe Rozmanit\u00e9 mo\u017enosti rozvoja v medzin\u00e1rodnom prostred\u00ed Ploch\u00e1 hierarchia a auton\u00f3mna pr\u00e1ca Atrakt\u00edvne odme\u0148ovanie a komplexn\u00e9 [&hellip;]","og_url":"https:\/\/ipec2025.ipec-group.com\/sk\/career\/","og_site_name":"IPEC-Group","article_modified_time":"2025-08-13T17:54:22+00:00","twitter_card":"summary_large_image","twitter_misc":{"Predpokladan\u00fd \u010das \u010d\u00edtania":"1 min\u00fata"},"schema":{"@context":"https:\/\/schema.org","@graph":[{"@type":"WebPage","@id":"https:\/\/ipec2025.ipec-group.com\/sk\/career\/","url":"https:\/\/ipec2025.ipec-group.com\/sk\/career\/","name":"Kari\u00e9ra - IPEC-Group","isPartOf":{"@id":"https:\/\/ipec2025.ipec-group.com\/sk\/#website"},"datePublished":"2025-06-04T07:52:00+00:00","dateModified":"2025-08-13T17:54:22+00:00","breadcrumb":{"@id":"https:\/\/ipec2025.ipec-group.com\/sk\/career\/#breadcrumb"},"inLanguage":"sk-SK","potentialAction":[{"@type":"ReadAction","target":["https:\/\/ipec2025.ipec-group.com\/sk\/career\/"]}]},{"@type":"BreadcrumbList","@id":"https:\/\/ipec2025.ipec-group.com\/sk\/career\/#breadcrumb","itemListElement":[{"@type":"ListItem","position":1,"name":"Startseite","item":"https:\/\/ipec2025.ipec-group.com\/sk\/"},{"@type":"ListItem","position":2,"name":"Kari\u00e9ra"}]},{"@type":"WebSite","@id":"https:\/\/ipec2025.ipec-group.com\/sk\/#website","url":"https:\/\/ipec2025.ipec-group.com\/sk\/","name":"IPEC-Group","description":"","potentialAction":[{"@type":"SearchAction","target":{"@type":"EntryPoint","urlTemplate":"https:\/\/ipec2025.ipec-group.com\/sk\/?s={search_term_string}"},"query-input":{"@type":"PropertyValueSpecification","valueRequired":true,"valueName":"search_term_string"}}],"inLanguage":"sk-SK"}]}},"_links":{"self":[{"href":"https:\/\/ipec2025.ipec-group.com\/sk\/wp-json\/wp\/v2\/pages\/8445","targetHints":{"allow":["GET"]}}],"collection":[{"href":"https:\/\/ipec2025.ipec-group.com\/sk\/wp-json\/wp\/v2\/pages"}],"about":[{"href":"https:\/\/ipec2025.ipec-group.com\/sk\/wp-json\/wp\/v2\/types\/page"}],"author":[{"embeddable":true,"href":"https:\/\/ipec2025.ipec-group.com\/sk\/wp-json\/wp\/v2\/users\/1"}],"replies":[{"embeddable":true,"href":"https:\/\/ipec2025.ipec-group.com\/sk\/wp-json\/wp\/v2\/comments?post=8445"}],"version-history":[{"count":1,"href":"https:\/\/ipec2025.ipec-group.com\/sk\/wp-json\/wp\/v2\/pages\/8445\/revisions"}],"predecessor-version":[{"id":8446,"href":"https:\/\/ipec2025.ipec-group.com\/sk\/wp-json\/wp\/v2\/pages\/8445\/revisions\/8446"}],"wp:attachment":[{"href":"https:\/\/ipec2025.ipec-group.com\/sk\/wp-json\/wp\/v2\/media?parent=8445"}],"curies":[{"name":"wp","href":"https:\/\/api.w.org\/{rel}","templated":true}]}}