{"id":8422,"date":"2024-02-15T10:55:01","date_gmt":"2024-02-15T08:55:01","guid":{"rendered":"https:\/\/ipec2025.ipec-group.com\/odtlacok\/"},"modified":"2025-08-13T19:57:45","modified_gmt":"2025-08-13T17:57:45","slug":"imprint","status":"publish","type":"page","link":"https:\/\/ipec2025.ipec-group.com\/sk\/imprint\/","title":{"rendered":"Odtla\u010dok"},"content":{"rendered":"\t\t<div data-elementor-type=\"wp-page\" data-elementor-id=\"8422\" class=\"elementor elementor-8422 elementor-1262\" data-elementor-post-type=\"page\">\n\t\t\t\t<div class=\"elementor-element elementor-element-32bd3fba e-flex e-con-boxed e-con e-parent\" data-id=\"32bd3fba\" data-element_type=\"container\" data-settings=\"{&quot;background_background&quot;:&quot;classic&quot;}\">\n\t\t\t\t\t<div class=\"e-con-inner\">\n\t\t<div class=\"elementor-element elementor-element-612739ef e-con-full e-flex e-con e-child\" data-id=\"612739ef\" data-element_type=\"container\">\n\t\t\t\t<div class=\"elementor-element elementor-element-3e36fb25 elementor-widget elementor-widget-heading\" data-id=\"3e36fb25\" data-element_type=\"widget\" data-widget_type=\"heading.default\">\n\t\t\t\t<div class=\"elementor-widget-container\">\n\t\t\t\t\t<h2 class=\"elementor-heading-title elementor-size-default\">Odtla\u010dok<\/h2>\t\t\t\t<\/div>\n\t\t\t\t<\/div>\n\t\t\t\t<div class=\"elementor-element elementor-element-5349ff80 elementor-widget elementor-widget-heading\" data-id=\"5349ff80\" data-element_type=\"widget\" data-widget_type=\"heading.default\">\n\t\t\t\t<div class=\"elementor-widget-container\">\n\t\t\t\t\t<h5 class=\"elementor-heading-title elementor-size-default\">Pr\u00e1vne inform\u00e1cie a kontaktn\u00e9 \u00fadaje pod\u013ea z\u00e1konn\u00fdch po\u017eiadaviek<\/h5>\t\t\t\t<\/div>\n\t\t\t\t<\/div>\n\t\t\t\t<\/div>\n\t\t\t\t<div class=\"elementor-element elementor-element-1226b2b elementor-widget elementor-widget-html\" data-id=\"1226b2b\" data-element_type=\"widget\" data-widget_type=\"html.default\">\n\t\t\t\t<div class=\"elementor-widget-container\">\n\t\t\t\t\t<div class=\"container mx-auto\">\r\n\r\n    <!-- Main Content -->\r\n    <div class=\"space-y-8\">\r\n        <!-- Company Information -->\r\n        <div class=\"bg-white rounded-2xl shadow-xl p-8 lg:p-12\">\r\n            <h2 class=\"text-2xl lg:text-3xl font-bold text-gray-800 mb-8 flex items-center justify-center\"><!--\r\n                <div class=\"w-12 h-12 bg-gradient-to-r from-blue-500 to-blue-600 rounded-full flex items-center justify-center mr-4\">\r\n                    <i class=\"fas fa-building text-white text-xl\"><\/i>\r\n                <\/div>-->\r\n  Inform\u00e1cie o spolo\u010dnosti\r\n            <\/h2>\r\n\r\n            <div class=\"grid md:grid-cols-2 gap-8\">\r\n                <!-- Company Details -->\r\n                <div class=\"space-y-6\">\r\n                    <div class=\"flex items-center\">\r\n                        <i class=\"fas fa-industry text-blue-600 mr-4 ml-[-5px] text-xl\"><\/i>\r\n                        <div>\r\n                            <span class=\"text-lg font-bold text-gray-800\">Spolo\u010dnos\u0165<\/span>\r\n                            <p class=\"text-gray-700\">IPEC (s), spol. s.r.o.<\/p>\r\n                        <\/div>\r\n                    <\/div>\r\n\r\n                    <div class=\"flex items-start\">\r\n                        <i class=\"fas fa-map-marker-alt text-blue-600 mr-4 text-xl mt-1\"><\/i>\r\n                        <div>\r\n                            <span class=\"text-lg font-bold text-gray-800\">Adresa<\/span>\r\n                            <p class=\"text-gray-700\">Dia\u013eni\u010dn\u00e1 cesta 22B, Senec, 903 01, Slovensko<\/p>\r\n                        <\/div>\r\n                    <\/div>\r\n                <\/div>\r\n\r\n                <!-- Contact Information -->\r\n                <div class=\"space-y-6\">\r\n                    <div class=\"flex items-center\">\r\n                        <i class=\"fas fa-phone text-blue-600 mr-4 text-xl\"><\/i>\r\n                        <div>\r\n                            <span class=\"text-lg font-bold text-gray-800\">Telef\u00f3n<\/span>\r\n                            <p>\r\n                                <a href=\"tel:+421240100200\" class=\"text-blue-700 hover:text-blue-900 font-semibold transition-colors\">\r\n  +421 240 100 200\r\n                                <\/a>\r\n                            <\/p>\r\n                        <\/div>\r\n                    <\/div>\r\n\r\n                    <div class=\"flex items-center\">\r\n                        <i class=\"fas fa-envelope text-blue-600 mr-4 text-xl\"><\/i>\r\n                        <div>\r\n                            <span class=\"text-lg font-bold text-gray-800\">E-mail<\/span>\r\n                            <p>\r\n                                <a href=\"mailto:info@ipec-group.com\" class=\"text-blue-700 hover:text-blue-900 font-semibold transition-colors\">\r\n  info@ipec-group.com\r\n                                <\/a>\r\n                            <\/p>\r\n                        <\/div>\r\n                    <\/div>\r\n                <\/div>\r\n            <\/div>\r\n        <\/div>\r\n\r\n        <!-- Legal Information -->\r\n        <div class=\"bg-white rounded-2xl shadow-xl p-8 lg:p-12\">\r\n            <h2 class=\"text-2xl lg:text-3xl font-bold text-gray-800 mb-8 flex items-center justify-center\"><!--\r\n                <div class=\"w-12 h-12 bg-gradient-to-r from-red-500 to-red-600 rounded-full flex items-center justify-center mr-4\">\r\n                    <i class=\"fas fa-gavel text-white text-xl\"><\/i>\r\n                <\/div>-->\r\n  Pr\u00e1vne inform\u00e1cie\r\n            <\/h2>\r\n\r\n            <div class=\"grid md:grid-cols-2 gap-8\">\r\n                <div class=\"space-y-6\">\r\n                    <div class=\"flex items-center\">\r\n                        <i class=\"fas fa-certificate text-blue-600 mr-4 ml-[-3px] text-xl\"><\/i>\r\n                        <div>\r\n                            <span class=\"text-lg font-bold text-gray-800\">Zodpovednos\u0165 za obsah<\/span>\r\n                            <p class=\"text-gray-700\">IPEC (s), spol. s.r.o.<\/p>\r\n                        <\/div>\r\n                    <\/div>\r\n\r\n                    <div class=\"flex items-center\">\r\n                        <i class=\"fas fa-user-tie text-blue-600 mr-4 text-xl\"><\/i>\r\n                        <div>\r\n                            <span class=\"text-lg font-bold text-gray-800\">V\u00fdkonn\u00fd riadite\u013e<\/span>\r\n                            <p class=\"text-gray-700\">Ing. Jana \u010carnogursk\u00e1<\/p>\r\n                        <\/div>\r\n                    <\/div>\r\n                <\/div>\r\n\r\n                <div class=\"space-y-6\">\r\n                    <div class=\"flex items-center\">\r\n                        <i class=\"fas fa-file-contract text-blue-600 ml-1 mr-5 text-xl\"><\/i>\r\n                        <div>\r\n                            <span class=\"text-lg font-bold text-gray-800\">I\u010c DPH<\/span>\r\n                            <p class=\"text-gray-700\">SK2022500447<\/p>\r\n                        <\/div>\r\n                    <\/div>\r\n\r\n                    <div class=\"flex items-center\">\r\n                        <i class=\"fas fa-balance-scale text-blue-600 mr-4 text-xl\"><\/i>\r\n                        <div>\r\n                            <span class=\"text-lg font-bold text-gray-800\">Obchodn\u00fd register<\/span>\r\n                            <p class=\"text-gray-700\">Obchodn\u00fd register Mestsk\u00e9ho s\u00fadu Bratislava III<br>Vlo\u017eka \u010d. 49405\/B<\/p>\r\n                        <\/div>\r\n                    <\/div>\r\n                <\/div>\r\n            <\/div>\r\n        <\/div>\r\n\r\n        <!-- Disclaimer -->\r\n        <div class=\"bg-gradient-to-r from-gray-800 to-gray-900 rounded-2xl shadow-xl p-8 lg:p-12 text-white\">\r\n            <h2 class=\"text-2xl lg:text-3xl font-bold mb-8 flex items-center justify-center\">\r\n                <div class=\"w-12 h-12 bg-white\/20 rounded-full flex items-center justify-center mr-4\">\r\n                    <i class=\"fas fa-exclamation-triangle text-2xl\"><\/i>\r\n                <\/div>\r\n  Zrieknutie sa zodpovednosti\r\n            <\/h2>\r\n\r\n            <div class=\"grid md:grid-cols-2 gap-8\">\r\n                <div>\r\n                    <h3 class=\"text-xl font-bold mb-4 flex items-center\">\r\n                        <i class=\"fas fa-shield-alt text-blue-400 mr-3\"><\/i>\r\n  Zodpovednos\u0165 za obsah\r\n                    <\/h3>\r\n                    <p class=\"text-gray-300 leading-relaxed\">\r\n  Obsah na\u0161ich str\u00e1nok bol vytvoren\u00fd s maxim\u00e1lnou starostlivos\u0165ou. Nem\u00f4\u017eeme v\u0161ak zaru\u010di\u0165 presnos\u0165, \u00faplnos\u0165 a aktu\u00e1lnos\u0165 obsahu. Pod\u013ea z\u00e1konn\u00fdch ustanoven\u00ed sme \u010falej zodpovedn\u00ed za vlastn\u00fd obsah na t\u00fdchto webov\u00fdch str\u00e1nkach.\r\n                    <\/p>\r\n                <\/div>\r\n\r\n                <div>\r\n                    <h3 class=\"text-xl font-bold mb-4 flex items-center\">\r\n                        <i class=\"fas fa-link text-green-400 mr-3\"><\/i>\r\n  Zodpovednos\u0165 za odkazy\r\n                    <\/h3>\r\n                    <p class=\"text-gray-300 leading-relaxed\">\r\n  Na\u0161a ponuka obsahuje odkazy na extern\u00e9 webov\u00e9 str\u00e1nky tret\u00edch str\u00e1n. Na obsah t\u00fdchto webov\u00fdch str\u00e1nok nem\u00e1me \u017eiadny vplyv, preto za tento obsah nem\u00f4\u017eeme ru\u010di\u0165. Poskytovatelia alebo spr\u00e1vcovia prepojen\u00fdch webov\u00fdch str\u00e1nok s\u00fa v\u017edy zodpovedn\u00ed za obsah prepojen\u00fdch webov\u00fdch str\u00e1nok.\r\n                    <\/p>\r\n                <\/div>\r\n            <\/div>\r\n\r\n            <div class=\"mt-8 text-center\">\r\n                <p class=\"text-gray-400 text-sm\">\r\n  Tento odtla\u010dok je platn\u00fd ku d\u0148u poslednej aktualiz\u00e1cie webovej str\u00e1nky a m\u00f4\u017ee podlieha\u0165 zmen\u00e1m.\r\n                <\/p>\r\n            <\/div>\r\n        <\/div>\r\n    <\/div>\r\n<\/div>\t\t\t\t<\/div>\n\t\t\t\t<\/div>\n\t\t\t\t\t<\/div>\n\t\t\t\t<\/div>\n\t\t\t\t<\/div>\n\t\t","protected":false},"excerpt":{"rendered":"<p>Odtla\u010dok Pr\u00e1vne inform\u00e1cie a kontaktn\u00e9 \u00fadaje pod\u013ea z\u00e1konn\u00fdch po\u017eiadaviek Inform\u00e1cie o spolo\u010dnosti Spolo\u010dnos\u0165 IPEC (s), spol. s.r.o. Adresa Dia\u013eni\u010dn\u00e1 cesta 22B, Senec, 903 01, Slovensko Telef\u00f3n +421 240 100 200 E-mail info@ipec-group.com Pr\u00e1vne inform\u00e1cie Zodpovednos\u0165 za obsah IPEC (s), spol. s.r.o. V\u00fdkonn\u00fd riadite\u013e Ing. Jana \u010carnogursk\u00e1 I\u010c DPH SK2022500447 Obchodn\u00fd register Obchodn\u00fd register Mestsk\u00e9ho s\u00fadu [&hellip;]<\/p>\n","protected":false},"author":1,"featured_media":0,"parent":0,"menu_order":0,"comment_status":"closed","ping_status":"closed","template":"","meta":{"footnotes":""},"class_list":["post-8422","page","type-page","status-publish","hentry"],"yoast_head":"<!-- This site is optimized with the Yoast SEO plugin v25.3 - https:\/\/yoast.com\/wordpress\/plugins\/seo\/ -->\n<title>Odtla\u010dok - IPEC-Group<\/title>\n<meta name=\"robots\" content=\"index, follow, max-snippet:-1, max-image-preview:large, max-video-preview:-1\" \/>\n<link rel=\"canonical\" href=\"https:\/\/ipec2025.ipec-group.com\/sk\/imprint\/\" \/>\n<meta property=\"og:locale\" content=\"sk_SK\" \/>\n<meta property=\"og:type\" content=\"article\" \/>\n<meta property=\"og:title\" content=\"Odtla\u010dok - IPEC-Group\" \/>\n<meta property=\"og:description\" content=\"Odtla\u010dok Pr\u00e1vne inform\u00e1cie a kontaktn\u00e9 \u00fadaje pod\u013ea z\u00e1konn\u00fdch po\u017eiadaviek Inform\u00e1cie o spolo\u010dnosti Spolo\u010dnos\u0165 IPEC (s), spol. s.r.o. Adresa Dia\u013eni\u010dn\u00e1 cesta 22B, Senec, 903 01, Slovensko Telef\u00f3n +421 240 100 200 E-mail info@ipec-group.com Pr\u00e1vne inform\u00e1cie Zodpovednos\u0165 za obsah IPEC (s), spol. s.r.o. V\u00fdkonn\u00fd riadite\u013e Ing. Jana \u010carnogursk\u00e1 I\u010c DPH SK2022500447 Obchodn\u00fd register Obchodn\u00fd register Mestsk\u00e9ho s\u00fadu [&hellip;]\" \/>\n<meta property=\"og:url\" content=\"https:\/\/ipec2025.ipec-group.com\/sk\/imprint\/\" \/>\n<meta property=\"og:site_name\" content=\"IPEC-Group\" \/>\n<meta property=\"article:modified_time\" content=\"2025-08-13T17:57:45+00:00\" \/>\n<meta name=\"twitter:card\" content=\"summary_large_image\" \/>\n<meta name=\"twitter:label1\" content=\"Predpokladan\u00fd \u010das \u010d\u00edtania\" \/>\n\t<meta name=\"twitter:data1\" content=\"1 min\u00fata\" \/>\n<script type=\"application\/ld+json\" class=\"yoast-schema-graph\">{\"@context\":\"https:\/\/schema.org\",\"@graph\":[{\"@type\":\"WebPage\",\"@id\":\"https:\/\/ipec2025.ipec-group.com\/sk\/imprint\/\",\"url\":\"https:\/\/ipec2025.ipec-group.com\/sk\/imprint\/\",\"name\":\"Odtla\u010dok - IPEC-Group\",\"isPartOf\":{\"@id\":\"https:\/\/ipec2025.ipec-group.com\/sk\/#website\"},\"datePublished\":\"2024-02-15T08:55:01+00:00\",\"dateModified\":\"2025-08-13T17:57:45+00:00\",\"breadcrumb\":{\"@id\":\"https:\/\/ipec2025.ipec-group.com\/sk\/imprint\/#breadcrumb\"},\"inLanguage\":\"sk-SK\",\"potentialAction\":[{\"@type\":\"ReadAction\",\"target\":[\"https:\/\/ipec2025.ipec-group.com\/sk\/imprint\/\"]}]},{\"@type\":\"BreadcrumbList\",\"@id\":\"https:\/\/ipec2025.ipec-group.com\/sk\/imprint\/#breadcrumb\",\"itemListElement\":[{\"@type\":\"ListItem\",\"position\":1,\"name\":\"Startseite\",\"item\":\"https:\/\/ipec2025.ipec-group.com\/sk\/\"},{\"@type\":\"ListItem\",\"position\":2,\"name\":\"Odtla\u010dok\"}]},{\"@type\":\"WebSite\",\"@id\":\"https:\/\/ipec2025.ipec-group.com\/sk\/#website\",\"url\":\"https:\/\/ipec2025.ipec-group.com\/sk\/\",\"name\":\"IPEC-Group\",\"description\":\"\",\"potentialAction\":[{\"@type\":\"SearchAction\",\"target\":{\"@type\":\"EntryPoint\",\"urlTemplate\":\"https:\/\/ipec2025.ipec-group.com\/sk\/?s={search_term_string}\"},\"query-input\":{\"@type\":\"PropertyValueSpecification\",\"valueRequired\":true,\"valueName\":\"search_term_string\"}}],\"inLanguage\":\"sk-SK\"}]}<\/script>\n<!-- \/ Yoast SEO plugin. -->","yoast_head_json":{"title":"Odtla\u010dok - IPEC-Group","robots":{"index":"index","follow":"follow","max-snippet":"max-snippet:-1","max-image-preview":"max-image-preview:large","max-video-preview":"max-video-preview:-1"},"canonical":"https:\/\/ipec2025.ipec-group.com\/sk\/imprint\/","og_locale":"sk_SK","og_type":"article","og_title":"Odtla\u010dok - IPEC-Group","og_description":"Odtla\u010dok Pr\u00e1vne inform\u00e1cie a kontaktn\u00e9 \u00fadaje pod\u013ea z\u00e1konn\u00fdch po\u017eiadaviek Inform\u00e1cie o spolo\u010dnosti Spolo\u010dnos\u0165 IPEC (s), spol. s.r.o. Adresa Dia\u013eni\u010dn\u00e1 cesta 22B, Senec, 903 01, Slovensko Telef\u00f3n +421 240 100 200 E-mail info@ipec-group.com Pr\u00e1vne inform\u00e1cie Zodpovednos\u0165 za obsah IPEC (s), spol. s.r.o. V\u00fdkonn\u00fd riadite\u013e Ing. Jana \u010carnogursk\u00e1 I\u010c DPH SK2022500447 Obchodn\u00fd register Obchodn\u00fd register Mestsk\u00e9ho s\u00fadu [&hellip;]","og_url":"https:\/\/ipec2025.ipec-group.com\/sk\/imprint\/","og_site_name":"IPEC-Group","article_modified_time":"2025-08-13T17:57:45+00:00","twitter_card":"summary_large_image","twitter_misc":{"Predpokladan\u00fd \u010das \u010d\u00edtania":"1 min\u00fata"},"schema":{"@context":"https:\/\/schema.org","@graph":[{"@type":"WebPage","@id":"https:\/\/ipec2025.ipec-group.com\/sk\/imprint\/","url":"https:\/\/ipec2025.ipec-group.com\/sk\/imprint\/","name":"Odtla\u010dok - IPEC-Group","isPartOf":{"@id":"https:\/\/ipec2025.ipec-group.com\/sk\/#website"},"datePublished":"2024-02-15T08:55:01+00:00","dateModified":"2025-08-13T17:57:45+00:00","breadcrumb":{"@id":"https:\/\/ipec2025.ipec-group.com\/sk\/imprint\/#breadcrumb"},"inLanguage":"sk-SK","potentialAction":[{"@type":"ReadAction","target":["https:\/\/ipec2025.ipec-group.com\/sk\/imprint\/"]}]},{"@type":"BreadcrumbList","@id":"https:\/\/ipec2025.ipec-group.com\/sk\/imprint\/#breadcrumb","itemListElement":[{"@type":"ListItem","position":1,"name":"Startseite","item":"https:\/\/ipec2025.ipec-group.com\/sk\/"},{"@type":"ListItem","position":2,"name":"Odtla\u010dok"}]},{"@type":"WebSite","@id":"https:\/\/ipec2025.ipec-group.com\/sk\/#website","url":"https:\/\/ipec2025.ipec-group.com\/sk\/","name":"IPEC-Group","description":"","potentialAction":[{"@type":"SearchAction","target":{"@type":"EntryPoint","urlTemplate":"https:\/\/ipec2025.ipec-group.com\/sk\/?s={search_term_string}"},"query-input":{"@type":"PropertyValueSpecification","valueRequired":true,"valueName":"search_term_string"}}],"inLanguage":"sk-SK"}]}},"_links":{"self":[{"href":"https:\/\/ipec2025.ipec-group.com\/sk\/wp-json\/wp\/v2\/pages\/8422","targetHints":{"allow":["GET"]}}],"collection":[{"href":"https:\/\/ipec2025.ipec-group.com\/sk\/wp-json\/wp\/v2\/pages"}],"about":[{"href":"https:\/\/ipec2025.ipec-group.com\/sk\/wp-json\/wp\/v2\/types\/page"}],"author":[{"embeddable":true,"href":"https:\/\/ipec2025.ipec-group.com\/sk\/wp-json\/wp\/v2\/users\/1"}],"replies":[{"embeddable":true,"href":"https:\/\/ipec2025.ipec-group.com\/sk\/wp-json\/wp\/v2\/comments?post=8422"}],"version-history":[{"count":1,"href":"https:\/\/ipec2025.ipec-group.com\/sk\/wp-json\/wp\/v2\/pages\/8422\/revisions"}],"predecessor-version":[{"id":8424,"href":"https:\/\/ipec2025.ipec-group.com\/sk\/wp-json\/wp\/v2\/pages\/8422\/revisions\/8424"}],"wp:attachment":[{"href":"https:\/\/ipec2025.ipec-group.com\/sk\/wp-json\/wp\/v2\/media?parent=8422"}],"curies":[{"name":"wp","href":"https:\/\/api.w.org\/{rel}","templated":true}]}}