{"id":8605,"date":"2024-02-15T08:09:30","date_gmt":"2024-02-15T06:09:30","guid":{"rendered":"https:\/\/ipec2025.ipec-group.com\/datenschutzbestimmungen\/"},"modified":"2025-08-15T12:46:28","modified_gmt":"2025-08-15T10:46:28","slug":"privacy-policy","status":"publish","type":"page","link":"https:\/\/ipec2025.ipec-group.com\/de\/privacy-policy\/","title":{"rendered":"Datenschutzbestimmungen"},"content":{"rendered":"\t\t<div data-elementor-type=\"wp-page\" data-elementor-id=\"8605\" class=\"elementor elementor-8605 elementor-3\" data-elementor-post-type=\"page\">\n\t\t\t\t<div class=\"elementor-element elementor-element-2b87829c e-flex e-con-boxed e-con e-parent\" data-id=\"2b87829c\" data-element_type=\"container\" data-settings=\"{&quot;background_background&quot;:&quot;classic&quot;}\">\n\t\t\t\t\t<div class=\"e-con-inner\">\n\t\t<div class=\"elementor-element elementor-element-fb7e141 e-con-full e-flex e-con e-child\" data-id=\"fb7e141\" data-element_type=\"container\">\n\t\t\t\t<div class=\"elementor-element elementor-element-517a0699 elementor-widget elementor-widget-heading\" data-id=\"517a0699\" data-element_type=\"widget\" data-widget_type=\"heading.default\">\n\t\t\t\t<div class=\"elementor-widget-container\">\n\t\t\t\t\t<h2 class=\"elementor-heading-title elementor-size-default\">Datenschutzbestimmungen<\/h2>\t\t\t\t<\/div>\n\t\t\t\t<\/div>\n\t\t\t\t<div class=\"elementor-element elementor-element-4ae458d2 elementor-widget elementor-widget-heading\" data-id=\"4ae458d2\" data-element_type=\"widget\" data-widget_type=\"heading.default\">\n\t\t\t\t<div class=\"elementor-widget-container\">\n\t\t\t\t\t<h5 class=\"elementor-heading-title elementor-size-default\">Schutz Ihrer pers\u00f6nlichen Daten und Transparenz unserer Datenverarbeitungspraktiken<\/h5>\t\t\t\t<\/div>\n\t\t\t\t<\/div>\n\t\t\t\t<\/div>\n\t\t\t\t<div class=\"elementor-element elementor-element-4d61907 elementor-widget elementor-widget-html\" data-id=\"4d61907\" data-element_type=\"widget\" data-widget_type=\"html.default\">\n\t\t\t\t<div class=\"elementor-widget-container\">\n\t\t\t\t\t\r\n<div class=\"container mx-auto\">\r\n    <!-- Content -->\r\n    <div class=\"space-y-12\">\r\n        <!-- Section 1: Data Protection at a Glance -->\r\n        <div class=\"bg-white rounded-2xl shadow-lg p-8 lg:p-12\">\r\n            <h2 class=\"text-2xl lg:text-3xl font-bold text-gray-800 mb-8 flex items-center justify-center\"><!--\r\n                <div class=\"w-12 h-12 bg-gradient-to-r from-blue-500 to-blue-600 rounded-full flex items-center justify-center mr-4\">\r\n                    <i class=\"fas fa-shield-alt text-white text-xl\"><\/i>\r\n                <\/div>-->\r\n  Datenschutz im \u00dcberblick\r\n            <\/h2>\r\n\r\n            <div class=\"space-y-8\">\r\n                <!-- General Information -->\r\n                <div>\r\n                    <h3 class=\"text-xl font-bold text-gray-700 flex items-center\">\r\n                        <i class=\"fas fa-info-circle text-blue-500 mr-3\"><\/i>\r\n  Allgemeine Informationen\r\n                    <\/h3>\r\n                    <div class=\"rounded-lg p-6\">\r\n                        <p class=\"text-gray-700 leading-relaxed\">\r\n  Die folgenden Informationen geben einen einfachen \u00dcberblick dar\u00fcber, was mit Ihren personenbezogenen Daten passiert, wenn Sie diese Website besuchen. Personenbezogene Daten sind alle Daten, mit denen Sie pers\u00f6nlich identifiziert werden k\u00f6nnen. Ausf\u00fchrliche Informationen zum Datenschutz finden Sie in unserer Datenschutzerkl\u00e4rung, die Sie unter diesem Text finden.  \r\n                        <\/p>\r\n                    <\/div>\r\n                <\/div>\r\n\r\n                <!-- Data Collection -->\r\n                <div>\r\n                    <h3 class=\"text-xl font-bold text-gray-700 mb-4 flex items-center\">\r\n                        <i class=\"fas fa-database text-green-500 mr-3\"><\/i>\r\n  Datenerfassung auf dieser Website\r\n                    <\/h3>\r\n                    \r\n                    <div class=\"space-y-6\">\r\n                        <div class=\"rounded-lg p-6\">\r\n                            <h4 class=\"font-bold text-gray-800 mb-3\">Wer ist f\u00fcr die Datenerfassung auf dieser Website verantwortlich?<\/h4>\r\n                            <p class=\"text-gray-700 leading-relaxed\">\r\n  Die Datenverarbeitung auf dieser Website erfolgt durch den Betreiber der Website. Deren Kontaktdaten finden Sie im Abschnitt \"Informationen \u00fcber den Verantwortlichen\" dieser Datenschutzerkl\u00e4rung. \r\n                            <\/p>\r\n                        <\/div>\r\n\r\n                        <div class=\"rounded-lg p-6\">\r\n                            <h4 class=\"font-bold text-gray-800 mb-3\">Wie sammeln wir Ihre Daten?<\/h4>\r\n                            <p class=\"text-gray-700 leading-relaxed mb-4\">\r\n  Ihre Daten werden auf zwei Arten erfasst: entweder Sie stellen sie uns zur Verf\u00fcgung (z. B. Daten, die Sie in ein Kontaktformular eingeben), oder sie werden automatisch von unseren IT-Systemen erfasst, wenn Sie die Website besuchen. Dazu geh\u00f6ren vor allem technische Daten wie Internet-Browser, Betriebssystem oder Uhrzeit des Seitenaufrufs. Diese Daten werden automatisch erfasst, sobald Sie diese Website betreten.  \r\n                            <\/p>\r\n                        <\/div>\r\n\r\n                        <div class=\"rounded-lg p-6\">\r\n                            <h4 class=\"font-bold text-gray-800 mb-3\">Wozu verwenden wir Ihre Daten?<\/h4>\r\n                            <p class=\"text-gray-700 leading-relaxed\">\r\n  Einige Daten werden erhoben, um eine fehlerfreie Bereitstellung der Website zu gew\u00e4hrleisten. Andere Daten k\u00f6nnen verwendet werden, um Ihr Nutzerverhalten zu analysieren. \r\n                            <\/p>\r\n                        <\/div>\r\n\r\n                        <div class=\"rounded-lg p-6\">\r\n                            <h4 class=\"font-bold text-gray-800 mb-3\">Welche Rechte haben Sie in Bezug auf Ihre Daten?<\/h4>\r\n                            <p class=\"text-gray-700 leading-relaxed\">\r\n  Sie haben jederzeit das Recht, unentgeltlich Auskunft \u00fcber Herkunft, Empf\u00e4nger und Zweck Ihrer gespeicherten personenbezogenen Daten zu erhalten. Sie haben au\u00dferdem das Recht, die Berichtigung oder L\u00f6schung dieser Daten zu verlangen. Wenn Sie in die Datenverarbeitung eingewilligt haben, k\u00f6nnen Sie diese Einwilligung jederzeit mit Wirkung f\u00fcr die Zukunft widerrufen. Sie haben auch das Recht, unter bestimmten Umst\u00e4nden die Einschr\u00e4nkung der Verarbeitung Ihrer personenbezogenen Daten zu verlangen. Au\u00dferdem haben Sie das Recht, eine Beschwerde bei der zust\u00e4ndigen Aufsichtsbeh\u00f6rde einzureichen.    \r\n                            <\/p>\r\n                        <\/div>\r\n                    <\/div>\r\n                <\/div>\r\n\r\n                <!-- Analysis Tools -->\r\n                <div>\r\n                    <h3 class=\"text-xl font-bold text-gray-700 flex items-center\">\r\n                        <i class=\"fas fa-chart-line text-purple-500 mr-3\"><\/i>\r\n  Analysetools und Tools von Drittanbietern\r\n                    <\/h3>\r\n                    <div class=\"rounded-lg p-6\">\r\n                        <p class=\"text-gray-700 leading-relaxed\">\r\n  Beim Besuch dieser Website kann Ihr Surfverhalten statistisch ausgewertet werden. Dies geschieht haupts\u00e4chlich mit Analyseprogrammen. Detaillierte Informationen zu diesen Analyseprogrammen finden Sie in der folgenden Datenschutzerkl\u00e4rung.  \r\n                        <\/p>\r\n                    <\/div>\r\n                <\/div>\r\n            <\/div>\r\n        <\/div>\r\n\r\n        <!-- Section 2: Hosting -->\r\n        <div class=\"bg-white rounded-2xl shadow-lg p-8 lg:p-12\">\r\n            <h2 class=\"text-2xl lg:text-3xl font-bold text-gray-800 mb-4 flex items-center justify-center\"><!--\r\n                <div class=\"w-12 h-12 bg-gradient-to-r from-green-500 to-green-600 rounded-full flex items-center justify-center mr-4\">\r\n                    <i class=\"fas fa-server text-white text-xl\"><\/i>\r\n                <\/div>-->\r\n  Hosting\r\n            <\/h2>\r\n\r\n            <div class=\"rounded-lg p-6\">\r\n                <p class=\"text-gray-700 leading-relaxed mb-4\">\r\n  Diese Website wird extern gehostet. Die auf dieser Website erhobenen personenbezogenen Daten werden auf den Servern des\/der Hoster(s) gespeichert. Dazu k\u00f6nnen IP-Adressen, Kontaktanfragen, Metadaten und Kommunikationsdaten, Vertragsdaten, Kontaktangaben, Namen, Website-Zugriffe und andere \u00fcber eine Website generierte Daten geh\u00f6ren.  \r\n                <\/p>\r\n                <p class=\"text-gray-700 leading-relaxed\">\r\n  Das externe Hosting erfolgt zum Zwecke der Vertragserf\u00fcllung gegen\u00fcber unseren potentiellen und bestehenden Kunden (Art. 6 Abs. 1 lit. b GDPR) und im Interesse einer sicheren, schnellen und effizienten Bereitstellung unseres Online-Angebots durch einen professionellen Anbieter (Art. 6 Abs. 1 lit. f GDPR).\r\n                <\/p>\r\n            <\/div>\r\n        <\/div>\r\n\r\n        <!-- Section 3: General Information and Mandatory Information -->\r\n        <div class=\"bg-white rounded-2xl shadow-lg p-8 lg:p-12\">\r\n            <h2 class=\"text-2xl lg:text-3xl font-bold text-gray-800 mb-8 flex items-center justify-center\"><!--\r\n                <div class=\"w-12 h-12 bg-gradient-to-r from-orange-500 to-red-500 rounded-full flex items-center justify-center mr-4\">\r\n                    <i class=\"fas fa-exclamation-triangle text-white text-xl\"><\/i>\r\n                <\/div>-->\r\n  Allgemeine Informationen und obligatorische Informationen\r\n            <\/h2>\r\n\r\n            <div class=\"space-y-8\">\r\n                <!-- Data Protection -->\r\n                <div>\r\n                    <h3 class=\"text-xl font-bold text-gray-700 flex items-center\">\r\n                        <i class=\"fas fa-lock text-orange-500 mr-3\"><\/i>\r\n  Datenschutz\r\n                    <\/h3>\r\n                    <div class=\"rounded-lg p-6\">\r\n                        <p class=\"text-gray-700 leading-relaxed mb-4\">\r\n  Die Betreiber dieser Website nehmen den Schutz Ihrer pers\u00f6nlichen Daten sehr ernst. Wir behandeln Ihre personenbezogenen Daten vertraulich und entsprechend der gesetzlichen Datenschutzvorschriften sowie dieser Datenschutzerkl\u00e4rung. \r\n                        <\/p>\r\n                        <p class=\"text-gray-700 leading-relaxed\">\r\n  Wenn Sie diese Website nutzen, werden verschiedene personenbezogene Daten erhoben. Personenbezogene Daten sind Daten, die dazu genutzt werden k\u00f6nnen, Sie pers\u00f6nlich zu identifizieren. In dieser Datenschutzerkl\u00e4rung wird erl\u00e4utert, welche Daten wir sammeln und wof\u00fcr wir sie verwenden. Sie erkl\u00e4rt auch, wie und zu welchem Zweck dies geschieht.   \r\n                        <\/p>\r\n                    <\/div>\r\n                <\/div>\r\n\r\n                <!-- Responsible Party -->\r\n                <div>\r\n                    <h3 class=\"text-xl font-bold text-gray-700 flex items-center\">\r\n                        <i class=\"fas fa-user-tie text-blue-500 mr-3\"><\/i>\r\n  Informationen \u00fcber die verantwortliche Partei\r\n                    <\/h3>\r\n                    <div class=\"rounded-lg p-6\">\r\n                        <p class=\"text-gray-700 leading-relaxed mb-4\">\r\n  Der Verantwortliche f\u00fcr die Datenverarbeitung auf dieser Website ist:\r\n                        <\/p>\r\n                        <div class=\"bg-blue-50 rounded-lg p-4 border-l-4 border-blue-500\">\r\n                            <p class=\"font-semibold text-gray-800\">IPEC-Gruppe s.r.o.<\/p>\r\n                            <p class=\"text-gray-700\">Dia\u013eni\u010dn\u00e1 cesta 22B, Senec, 903 01\r\nSlowakei<\/p>\r\n                            <p class=\"text-gray-700\"><i class=\"fas fa-phone mr-3\"><\/i>  +421 240 100 200<\/p>\r\n                            <p class=\"text-gray-700\"><i class=\"fas fa-envelope mr-3\"><\/i>  info@ipec-group.com<\/p>\r\n                        <\/div>\r\n                        <p class=\"text-gray-700 leading-relaxed mt-4\">\r\n  Der Verantwortliche ist die nat\u00fcrliche oder juristische Person, die allein oder gemeinsam mit anderen \u00fcber die Zwecke und Mittel der Verarbeitung personenbezogener Daten (z. B. Namen, E-Mail-Adressen usw.) entscheidet.\r\n                        <\/p>\r\n                    <\/div>\r\n                <\/div>\r\n\r\n                <!-- Storage Duration -->\r\n                <div>\r\n                    <h3 class=\"text-xl font-bold text-gray-700 flex items-center\">\r\n                        <i class=\"fas fa-clock text-purple-500 mr-3\"><\/i>\r\n  Lagerung Dauer\r\n                    <\/h3>\r\n                    <div class=\"rounded-lg p-6\">\r\n                        <p class=\"text-gray-700 leading-relaxed\">\r\n  Sofern in dieser Datenschutzerkl\u00e4rung keine genauere Speicherdauer angegeben ist, verbleiben Ihre personenbezogenen Daten bei uns, bis der Zweck der Datenverarbeitung entf\u00e4llt. Wenn Sie ein berechtigtes Verlangen auf L\u00f6schung geltend machen oder Ihre Einwilligung zur Datenverarbeitung widerrufen, werden Ihre Daten gel\u00f6scht, es sei denn, wir haben andere gesetzlich zul\u00e4ssige Gr\u00fcnde f\u00fcr die Speicherung Ihrer personenbezogenen Daten. \r\n                        <\/p>\r\n                    <\/div>\r\n                <\/div>\r\n            <\/div>\r\n        <\/div>\r\n\r\n        <!-- Section 4: Data Collection on This Website -->\r\n        <div class=\"bg-white rounded-2xl shadow-lg p-8 lg:p-12\">\r\n            <h2 class=\"text-2xl lg:text-3xl font-bold text-gray-800 mb-8 flex items-center justify-center\"><!--\r\n                <div class=\"w-12 h-12 bg-gradient-to-r from-indigo-500 to-purple-600 rounded-full flex items-center justify-center mr-4\">\r\n                    <i class=\"fas fa-globe text-white text-xl\"><\/i>\r\n                <\/div>-->\r\n  Datenerfassung auf dieser Website\r\n            <\/h2>\r\n\r\n            <div class=\"space-y-8\">\r\n                <!-- Cookies -->\r\n                <div>\r\n                    <h3 class=\"text-xl font-bold text-gray-700 flex items-center\">\r\n                        <i class=\"fas fa-cookie-bite text-indigo-500 mr-3\"><\/i>\r\n  Cookies\r\n                    <\/h3>\r\n                    <div class=\"rounded-lg p-6\">\r\n                        <p class=\"text-gray-700 leading-relaxed mb-4\">\r\n  Unsere Website verwendet sogenannte \"Cookies\". Cookies sind kleine Datenpakete und richten auf Ihrem Ger\u00e4t keinen Schaden an. Sie werden entweder vor\u00fcbergehend f\u00fcr die Dauer einer Sitzung (Session-Cookies) oder dauerhaft (permanente Cookies) auf Ihrem Ger\u00e4t gespeichert.  \r\n                        <\/p>\r\n                        <p class=\"text-gray-700 leading-relaxed\">\r\n  Cookies k\u00f6nnen von uns (Erstanbieter-Cookies) oder von Drittunternehmen (Drittanbieter-Cookies) stammen. Cookies haben verschiedene Funktionen. Viele Cookies sind technisch notwendig, da bestimmte Funktionen der Website ohne sie nicht funktionieren w\u00fcrden. Andere Cookies k\u00f6nnen zur Auswertung des Nutzerverhaltens oder f\u00fcr Werbezwecke verwendet werden.   \r\n                        <\/p>\r\n                    <\/div>\r\n                <\/div>\r\n\r\n                <!-- Contact Form -->\r\n                <div>\r\n                    <h3 class=\"text-xl font-bold text-gray-700 flex items-center\">\r\n                        <i class=\"fas fa-envelope text-green-500 mr-3\"><\/i>\r\n  Kontakt-Formular\r\n                    <\/h3>\r\n                    <div class=\"rounded-lg p-6\">\r\n                        <p class=\"text-gray-700 leading-relaxed\">\r\n  Wenn Sie uns per Kontaktformular Anfragen zukommen lassen, werden Ihre Angaben aus dem Anfrageformular inklusive der von Ihnen dort angegebenen Kontaktdaten zwecks Bearbeitung der Anfrage und f\u00fcr den Fall von Anschlussfragen bei uns gespeichert. Diese Daten geben wir nicht ohne Ihre Einwilligung weiter. \r\n                        <\/p>\r\n                    <\/div>\r\n                <\/div>\r\n            <\/div>\r\n        <\/div>\r\n\r\n        <!-- Section 5: Plugins and Tools -->\r\n        <div class=\"bg-white rounded-2xl shadow-lg p-8 lg:p-12\">\r\n            <h2 class=\"text-2xl lg:text-3xl font-bold text-gray-800 mb-8 flex items-center justify-center\"><!--\r\n                <div class=\"w-12 h-12 bg-gradient-to-r from-red-500 to-pink-500 rounded-full flex items-center justify-center mr-4\">\r\n                    <i class=\"fas fa-tools text-white text-xl\"><\/i>\r\n                <\/div>-->\r\n  Plugins und Tools\r\n            <\/h2>\r\n\r\n            <div class=\"space-y-8\">\r\n                <!-- Google Maps -->\r\n                <div>\r\n                    <h3 class=\"text-xl font-bold text-gray-700 flex items-center\">\r\n                        <i class=\"fas fa-map-marked-alt text-red-500 mr-3\"><\/i>\r\n  Google Maps\r\n                    <\/h3>\r\n                    <div class=\"rounded-lg p-6\">\r\n                        <p class=\"text-gray-700 leading-relaxed mb-4\">\r\n  Diese Website nutzt den Kartendienst Google Maps. Der Anbieter ist Google Ireland Limited (\"Google\"), Gordon House, Barrow Street, Dublin 4, Irland. \r\n                        <\/p>\r\n                        <p class=\"text-gray-700 leading-relaxed\">\r\n  Um die Funktionen von Google Maps nutzen zu k\u00f6nnen, ist es notwendig, Ihre IP-Adresse zu speichern. Diese Informationen werden in der Regel an einen Server von Google in den USA \u00fcbertragen und dort gespeichert. Der Anbieter dieser Seite hat keinen Einfluss auf diese Daten\u00fcbertragung.  \r\n                        <\/p>\r\n                    <\/div>\r\n                <\/div>\r\n\r\n                <!-- Google reCAPTCHA -->\r\n                <div>\r\n                    <h3 class=\"text-xl font-bold text-gray-700 flex items-center\">\r\n                        <i class=\"fas fa-robot text-blue-500 mr-3\"><\/i>\r\n  Google reCAPTCHA\r\n                    <\/h3>\r\n                    <div class=\"rounded-lg p-6\">\r\n                        <p class=\"text-gray-700 leading-relaxed\">\r\n  Wir verwenden \"Google reCAPTCHA\" auf dieser Website. Der Anbieter ist Google Ireland Limited (\"Google\"), Gordon House, Barrow Street, Dublin 4, Irland. reCAPTCHA wird verwendet, um zu pr\u00fcfen, ob die Dateneingabe auf dieser Website von einem Menschen oder von einem automatisierten Programm durchgef\u00fchrt wird.  \r\n                        <\/p>\r\n                    <\/div>\r\n                <\/div>\r\n            <\/div>\r\n        <\/div>\r\n    <\/div>\r\n<\/div>\t\t\t\t<\/div>\n\t\t\t\t<\/div>\n\t\t\t\t\t<\/div>\n\t\t\t\t<\/div>\n\t\t\t\t<\/div>\n\t\t","protected":false},"excerpt":{"rendered":"<p>Datenschutzbestimmungen Schutz Ihrer pers\u00f6nlichen Daten und Transparenz unserer Datenverarbeitungspraktiken Datenschutz im \u00dcberblick Allgemeine Informationen Die folgenden Informationen geben einen einfachen \u00dcberblick dar\u00fcber, was mit Ihren personenbezogenen Daten passiert, wenn Sie diese Website besuchen. Personenbezogene Daten sind alle Daten, mit denen Sie pers\u00f6nlich identifiziert werden k\u00f6nnen. Ausf\u00fchrliche Informationen zum Datenschutz finden Sie in unserer Datenschutzerkl\u00e4rung, die [&hellip;]<\/p>\n","protected":false},"author":1,"featured_media":0,"parent":0,"menu_order":0,"comment_status":"closed","ping_status":"closed","template":"","meta":{"footnotes":""},"class_list":["post-8605","page","type-page","status-publish","hentry"],"yoast_head":"<!-- This site is optimized with the Yoast SEO plugin v25.3 - https:\/\/yoast.com\/wordpress\/plugins\/seo\/ -->\n<title>Datenschutzbestimmungen - IPEC-Group<\/title>\n<meta name=\"robots\" content=\"index, follow, max-snippet:-1, max-image-preview:large, max-video-preview:-1\" \/>\n<link rel=\"canonical\" href=\"https:\/\/ipec2025.ipec-group.com\/de\/privacy-policy\/\" \/>\n<meta property=\"og:locale\" content=\"de_DE\" \/>\n<meta property=\"og:type\" content=\"article\" \/>\n<meta property=\"og:title\" content=\"Datenschutzbestimmungen - IPEC-Group\" \/>\n<meta property=\"og:description\" content=\"Datenschutzbestimmungen Schutz Ihrer pers\u00f6nlichen Daten und Transparenz unserer Datenverarbeitungspraktiken Datenschutz im \u00dcberblick Allgemeine Informationen Die folgenden Informationen geben einen einfachen \u00dcberblick dar\u00fcber, was mit Ihren personenbezogenen Daten passiert, wenn Sie diese Website besuchen. Personenbezogene Daten sind alle Daten, mit denen Sie pers\u00f6nlich identifiziert werden k\u00f6nnen. Ausf\u00fchrliche Informationen zum Datenschutz finden Sie in unserer Datenschutzerkl\u00e4rung, die [&hellip;]\" \/>\n<meta property=\"og:url\" content=\"https:\/\/ipec2025.ipec-group.com\/de\/privacy-policy\/\" \/>\n<meta property=\"og:site_name\" content=\"IPEC-Group\" \/>\n<meta property=\"article:modified_time\" content=\"2025-08-15T10:46:28+00:00\" \/>\n<meta name=\"twitter:card\" content=\"summary_large_image\" \/>\n<meta name=\"twitter:label1\" content=\"Gesch\u00e4tzte Lesezeit\" \/>\n\t<meta name=\"twitter:data1\" content=\"4\u00a0Minuten\" \/>\n<script type=\"application\/ld+json\" class=\"yoast-schema-graph\">{\"@context\":\"https:\/\/schema.org\",\"@graph\":[{\"@type\":\"WebPage\",\"@id\":\"https:\/\/ipec2025.ipec-group.com\/de\/privacy-policy\/\",\"url\":\"https:\/\/ipec2025.ipec-group.com\/de\/privacy-policy\/\",\"name\":\"Datenschutzbestimmungen - IPEC-Group\",\"isPartOf\":{\"@id\":\"https:\/\/ipec2025.ipec-group.com\/de\/#website\"},\"datePublished\":\"2024-02-15T06:09:30+00:00\",\"dateModified\":\"2025-08-15T10:46:28+00:00\",\"breadcrumb\":{\"@id\":\"https:\/\/ipec2025.ipec-group.com\/de\/privacy-policy\/#breadcrumb\"},\"inLanguage\":\"de\",\"potentialAction\":[{\"@type\":\"ReadAction\",\"target\":[\"https:\/\/ipec2025.ipec-group.com\/de\/privacy-policy\/\"]}]},{\"@type\":\"BreadcrumbList\",\"@id\":\"https:\/\/ipec2025.ipec-group.com\/de\/privacy-policy\/#breadcrumb\",\"itemListElement\":[{\"@type\":\"ListItem\",\"position\":1,\"name\":\"Startseite\",\"item\":\"https:\/\/ipec2025.ipec-group.com\/de\/\"},{\"@type\":\"ListItem\",\"position\":2,\"name\":\"Datenschutzbestimmungen\"}]},{\"@type\":\"WebSite\",\"@id\":\"https:\/\/ipec2025.ipec-group.com\/de\/#website\",\"url\":\"https:\/\/ipec2025.ipec-group.com\/de\/\",\"name\":\"IPEC-Group\",\"description\":\"\",\"potentialAction\":[{\"@type\":\"SearchAction\",\"target\":{\"@type\":\"EntryPoint\",\"urlTemplate\":\"https:\/\/ipec2025.ipec-group.com\/de\/?s={search_term_string}\"},\"query-input\":{\"@type\":\"PropertyValueSpecification\",\"valueRequired\":true,\"valueName\":\"search_term_string\"}}],\"inLanguage\":\"de\"}]}<\/script>\n<!-- \/ Yoast SEO plugin. -->","yoast_head_json":{"title":"Datenschutzbestimmungen - IPEC-Group","robots":{"index":"index","follow":"follow","max-snippet":"max-snippet:-1","max-image-preview":"max-image-preview:large","max-video-preview":"max-video-preview:-1"},"canonical":"https:\/\/ipec2025.ipec-group.com\/de\/privacy-policy\/","og_locale":"de_DE","og_type":"article","og_title":"Datenschutzbestimmungen - IPEC-Group","og_description":"Datenschutzbestimmungen Schutz Ihrer pers\u00f6nlichen Daten und Transparenz unserer Datenverarbeitungspraktiken Datenschutz im \u00dcberblick Allgemeine Informationen Die folgenden Informationen geben einen einfachen \u00dcberblick dar\u00fcber, was mit Ihren personenbezogenen Daten passiert, wenn Sie diese Website besuchen. Personenbezogene Daten sind alle Daten, mit denen Sie pers\u00f6nlich identifiziert werden k\u00f6nnen. Ausf\u00fchrliche Informationen zum Datenschutz finden Sie in unserer Datenschutzerkl\u00e4rung, die [&hellip;]","og_url":"https:\/\/ipec2025.ipec-group.com\/de\/privacy-policy\/","og_site_name":"IPEC-Group","article_modified_time":"2025-08-15T10:46:28+00:00","twitter_card":"summary_large_image","twitter_misc":{"Gesch\u00e4tzte Lesezeit":"4\u00a0Minuten"},"schema":{"@context":"https:\/\/schema.org","@graph":[{"@type":"WebPage","@id":"https:\/\/ipec2025.ipec-group.com\/de\/privacy-policy\/","url":"https:\/\/ipec2025.ipec-group.com\/de\/privacy-policy\/","name":"Datenschutzbestimmungen - IPEC-Group","isPartOf":{"@id":"https:\/\/ipec2025.ipec-group.com\/de\/#website"},"datePublished":"2024-02-15T06:09:30+00:00","dateModified":"2025-08-15T10:46:28+00:00","breadcrumb":{"@id":"https:\/\/ipec2025.ipec-group.com\/de\/privacy-policy\/#breadcrumb"},"inLanguage":"de","potentialAction":[{"@type":"ReadAction","target":["https:\/\/ipec2025.ipec-group.com\/de\/privacy-policy\/"]}]},{"@type":"BreadcrumbList","@id":"https:\/\/ipec2025.ipec-group.com\/de\/privacy-policy\/#breadcrumb","itemListElement":[{"@type":"ListItem","position":1,"name":"Startseite","item":"https:\/\/ipec2025.ipec-group.com\/de\/"},{"@type":"ListItem","position":2,"name":"Datenschutzbestimmungen"}]},{"@type":"WebSite","@id":"https:\/\/ipec2025.ipec-group.com\/de\/#website","url":"https:\/\/ipec2025.ipec-group.com\/de\/","name":"IPEC-Group","description":"","potentialAction":[{"@type":"SearchAction","target":{"@type":"EntryPoint","urlTemplate":"https:\/\/ipec2025.ipec-group.com\/de\/?s={search_term_string}"},"query-input":{"@type":"PropertyValueSpecification","valueRequired":true,"valueName":"search_term_string"}}],"inLanguage":"de"}]}},"_links":{"self":[{"href":"https:\/\/ipec2025.ipec-group.com\/de\/wp-json\/wp\/v2\/pages\/8605","targetHints":{"allow":["GET"]}}],"collection":[{"href":"https:\/\/ipec2025.ipec-group.com\/de\/wp-json\/wp\/v2\/pages"}],"about":[{"href":"https:\/\/ipec2025.ipec-group.com\/de\/wp-json\/wp\/v2\/types\/page"}],"author":[{"embeddable":true,"href":"https:\/\/ipec2025.ipec-group.com\/de\/wp-json\/wp\/v2\/users\/1"}],"replies":[{"embeddable":true,"href":"https:\/\/ipec2025.ipec-group.com\/de\/wp-json\/wp\/v2\/comments?post=8605"}],"version-history":[{"count":1,"href":"https:\/\/ipec2025.ipec-group.com\/de\/wp-json\/wp\/v2\/pages\/8605\/revisions"}],"predecessor-version":[{"id":8607,"href":"https:\/\/ipec2025.ipec-group.com\/de\/wp-json\/wp\/v2\/pages\/8605\/revisions\/8607"}],"wp:attachment":[{"href":"https:\/\/ipec2025.ipec-group.com\/de\/wp-json\/wp\/v2\/media?parent=8605"}],"curies":[{"name":"wp","href":"https:\/\/api.w.org\/{rel}","templated":true}]}}