{"id":8591,"date":"2025-06-05T12:20:10","date_gmt":"2025-06-05T10:20:10","guid":{"rendered":"https:\/\/ipec2025.ipec-group.com\/mahle\/"},"modified":"2025-08-15T12:46:22","modified_gmt":"2025-08-15T10:46:22","slug":"mahle","status":"publish","type":"page","link":"https:\/\/ipec2025.ipec-group.com\/de\/mahle\/","title":{"rendered":"MAHLE"},"content":{"rendered":"\t\t<div data-elementor-type=\"wp-page\" data-elementor-id=\"8591\" class=\"elementor elementor-8591 elementor-7221\" data-elementor-post-type=\"page\">\n\t\t\t\t<div class=\"elementor-element elementor-element-232b62f e-con-full e-flex e-con e-parent\" data-id=\"232b62f\" data-element_type=\"container\" data-settings=\"{&quot;background_background&quot;:&quot;classic&quot;}\">\n\t\t<div class=\"elementor-element elementor-element-8ea97f2 animated-fast e-flex e-con-boxed elementor-invisible e-con e-child\" data-id=\"8ea97f2\" data-element_type=\"container\" data-settings=\"{&quot;animation&quot;:&quot;fadeIn&quot;,&quot;animation_delay&quot;:300}\">\n\t\t\t\t\t<div class=\"e-con-inner\">\n\t\t\t\t<div class=\"elementor-element elementor-element-09e33de elementor-widget elementor-widget-heading\" data-id=\"09e33de\" data-element_type=\"widget\" data-widget_type=\"heading.default\">\n\t\t\t\t<div class=\"elementor-widget-container\">\n\t\t\t\t\t<h2 class=\"elementor-heading-title elementor-size-default\">MAHLE Behr Senica<\/h2>\t\t\t\t<\/div>\n\t\t\t\t<\/div>\n\t\t\t\t<div class=\"elementor-element elementor-element-1a0cad6 elementor-widget elementor-widget-heading\" data-id=\"1a0cad6\" data-element_type=\"widget\" data-widget_type=\"heading.default\">\n\t\t\t\t<div class=\"elementor-widget-container\">\n\t\t\t\t\t<h2 class=\"elementor-heading-title elementor-size-default\">Ein f\u00fchrendes Zentrum f\u00fcr Forschung, Entwicklung und Produktion in der Automobilindustrie<\/h2>\t\t\t\t<\/div>\n\t\t\t\t<\/div>\n\t\t\t\t\t<\/div>\n\t\t\t\t<\/div>\n\t\t\t\t<\/div>\n\t\t<div class=\"elementor-element elementor-element-a244a3a animated-fast e-flex e-con-boxed elementor-invisible e-con e-parent\" data-id=\"a244a3a\" data-element_type=\"container\" data-settings=\"{&quot;background_background&quot;:&quot;classic&quot;,&quot;animation&quot;:&quot;fadeIn&quot;,&quot;animation_delay&quot;:300}\">\n\t\t\t\t\t<div class=\"e-con-inner\">\n\t\t<div class=\"elementor-element elementor-element-0b0e249 e-con-full e-flex e-con e-child\" data-id=\"0b0e249\" data-element_type=\"container\">\n\t\t<div class=\"elementor-element elementor-element-c371d6b e-con-full e-flex e-con e-child\" data-id=\"c371d6b\" data-element_type=\"container\">\n\t\t\t\t<div class=\"elementor-element elementor-element-a39da2d elementor-widget elementor-widget-counter\" data-id=\"a39da2d\" data-element_type=\"widget\" data-widget_type=\"counter.default\">\n\t\t\t\t<div class=\"elementor-widget-container\">\n\t\t\t\t\t\t\t<div class=\"elementor-counter\">\n\t\t\t\t\t\t<div class=\"elementor-counter-number-wrapper\">\n\t\t\t\t<span class=\"elementor-counter-number-prefix\"><\/span>\n\t\t\t\t<span class=\"elementor-counter-number\" data-duration=\"1500\" data-to-value=\"30000\" data-from-value=\"0\" data-delimiter=\".\">0<\/span>\n\t\t\t\t<span class=\"elementor-counter-number-suffix\">m\u00b2<\/span>\n\t\t\t<\/div>\n\t\t<\/div>\n\t\t\t\t\t\t<\/div>\n\t\t\t\t<\/div>\n\t\t\t\t<div class=\"elementor-element elementor-element-e5813b0 elementor-widget elementor-widget-heading\" data-id=\"e5813b0\" data-element_type=\"widget\" data-widget_type=\"heading.default\">\n\t\t\t\t<div class=\"elementor-widget-container\">\n\t\t\t\t\t<h5 class=\"elementor-heading-title elementor-size-default\">Gesamtfl\u00e4che<\/h5>\t\t\t\t<\/div>\n\t\t\t\t<\/div>\n\t\t\t\t<\/div>\n\t\t<div class=\"elementor-element elementor-element-21902cc e-con-full e-flex e-con e-child\" data-id=\"21902cc\" data-element_type=\"container\">\n\t\t\t\t<div class=\"elementor-element elementor-element-c403280 elementor-widget elementor-widget-counter\" data-id=\"c403280\" data-element_type=\"widget\" data-widget_type=\"counter.default\">\n\t\t\t\t<div class=\"elementor-widget-container\">\n\t\t\t\t\t\t\t<div class=\"elementor-counter\">\n\t\t\t\t\t\t<div class=\"elementor-counter-number-wrapper\">\n\t\t\t\t<span class=\"elementor-counter-number-prefix\"><\/span>\n\t\t\t\t<span class=\"elementor-counter-number\" data-duration=\"1500\" data-to-value=\"13000\" data-from-value=\"0\" data-delimiter=\".\">0<\/span>\n\t\t\t\t<span class=\"elementor-counter-number-suffix\">m\u00b2<\/span>\n\t\t\t<\/div>\n\t\t<\/div>\n\t\t\t\t\t\t<\/div>\n\t\t\t\t<\/div>\n\t\t\t\t<div class=\"elementor-element elementor-element-7e9b553 elementor-widget elementor-widget-heading\" data-id=\"7e9b553\" data-element_type=\"widget\" data-widget_type=\"heading.default\">\n\t\t\t\t<div class=\"elementor-widget-container\">\n\t\t\t\t\t<h5 class=\"elementor-heading-title elementor-size-default\">Produktionshalle<\/h5>\t\t\t\t<\/div>\n\t\t\t\t<\/div>\n\t\t\t\t<\/div>\n\t\t<div class=\"elementor-element elementor-element-092cad6 e-con-full e-flex e-con e-child\" data-id=\"092cad6\" data-element_type=\"container\">\n\t\t\t\t<div class=\"elementor-element elementor-element-7e605a1 elementor-widget elementor-widget-counter\" data-id=\"7e605a1\" data-element_type=\"widget\" data-widget_type=\"counter.default\">\n\t\t\t\t<div class=\"elementor-widget-container\">\n\t\t\t\t\t\t\t<div class=\"elementor-counter\">\n\t\t\t\t\t\t<div class=\"elementor-counter-number-wrapper\">\n\t\t\t\t<span class=\"elementor-counter-number-prefix\"><\/span>\n\t\t\t\t<span class=\"elementor-counter-number\" data-duration=\"1500\" data-to-value=\"350\" data-from-value=\"0\" data-delimiter=\".\">0<\/span>\n\t\t\t\t<span class=\"elementor-counter-number-suffix\">+<\/span>\n\t\t\t<\/div>\n\t\t<\/div>\n\t\t\t\t\t\t<\/div>\n\t\t\t\t<\/div>\n\t\t\t\t<div class=\"elementor-element elementor-element-5b2ae05 elementor-widget elementor-widget-heading\" data-id=\"5b2ae05\" data-element_type=\"widget\" data-widget_type=\"heading.default\">\n\t\t\t\t<div class=\"elementor-widget-container\">\n\t\t\t\t\t<h5 class=\"elementor-heading-title elementor-size-default\">Neue Arbeitspl\u00e4tze<\/h5>\t\t\t\t<\/div>\n\t\t\t\t<\/div>\n\t\t\t\t<\/div>\n\t\t\t\t<\/div>\n\t\t<div class=\"elementor-element elementor-element-7196d66 e-con-full e-flex e-con e-child\" data-id=\"7196d66\" data-element_type=\"container\">\n\t\t\t\t<div class=\"elementor-element elementor-element-f1997c4 elementor-widget elementor-widget-text-editor\" data-id=\"f1997c4\" data-element_type=\"widget\" data-widget_type=\"text-editor.default\">\n\t\t\t\t<div class=\"elementor-widget-container\">\n\t\t\t\t\t\t\t\t\t<p>Der deutsche Konzern <strong>MAHLE Behr<\/strong> ist ein weltweit f\u00fchrender Automobilzulieferer und ein Vorreiter f\u00fcr zuk\u00fcnftige Mobilit\u00e4tsl\u00f6sungen.<\/p><p> <\/p><p>Seit mehr als 20 Jahren ist die <strong>IPEC-Gruppe<\/strong> die treibende Kraft hinter der Entwicklung des <strong>Industrieparks Senica<\/strong> und fungiert sowohl als Investor als auch als Entwickler von Produktionshallen und Forschungseinrichtungen f\u00fcr MAHLE Behr. Diese Initiative, die ohne \u00f6ffentliche Mittel durchgef\u00fchrt wurde, umfasst mehr als <strong>30.000 m\u00b2<\/strong> Nutzfl\u00e4che. <\/p><p> <\/p><p>IPEC hat die Grundst\u00fccksvorbereitung, die Entwicklung der Infrastruktur und den Bau von Produktions- und F&amp;E-Einrichtungen \u00fcbernommen. Eine neue <strong>13.000 m\u00b2 gro\u00dfe<\/strong> Produktionshalle, die im Herbst 2023 fertiggestellt und \u00fcbergeben werden soll, wird <strong>350 neue Arbeitspl\u00e4tze<\/strong> schaffen, den Hochwasserschutz f\u00fcr die Gemeinde verbessern und eine \u00f6ffentlich zug\u00e4ngliche Gr\u00fcnzone mit einem Landschaftspark f\u00fcr Freizeit- und Sportaktivit\u00e4ten einrichten. <\/p><p> <\/p><p>Diese Produktions- und F&amp;E-Fl\u00e4chen sind der Herstellung und Forschung von K\u00fchlsystemen f\u00fcr Kraftfahrzeuge gewidmet. Die Erweiterung des MAHLE Behr Senica Werks wird bis zu <strong>1.000 Arbeitspl\u00e4tze<\/strong> schaffen, viele davon f\u00fcr hochqualifizierte Fachkr\u00e4fte. <\/p>\t\t\t\t\t\t\t\t<\/div>\n\t\t\t\t<\/div>\n\t\t\t\t<div class=\"elementor-element elementor-element-144b566 elementor-widget elementor-widget-video\" data-id=\"144b566\" data-element_type=\"widget\" data-settings=\"{&quot;youtube_url&quot;:&quot;https:\\\/\\\/www.youtube.com\\\/watch?v=XNmxMYnties&quot;,&quot;show_image_overlay&quot;:&quot;yes&quot;,&quot;image_overlay&quot;:{&quot;url&quot;:&quot;https:\\\/\\\/ipec2025.ipec-group.com\\\/wp-content\\\/uploads\\\/2025\\\/06\\\/mahle-headquarter-entrance-2017_keyvisualcontent.jpg&quot;,&quot;id&quot;:7224,&quot;size&quot;:&quot;&quot;,&quot;alt&quot;:&quot;&quot;,&quot;source&quot;:&quot;library&quot;},&quot;video_type&quot;:&quot;youtube&quot;,&quot;controls&quot;:&quot;yes&quot;}\" data-widget_type=\"video.default\">\n\t\t\t\t<div class=\"elementor-widget-container\">\n\t\t\t\t\t\t\t<div class=\"elementor-wrapper elementor-open-inline\">\n\t\t\t<div class=\"elementor-video\"><\/div>\t\t\t\t<div class=\"elementor-custom-embed-image-overlay\" style=\"background-image: url(https:\/\/ipec2025.ipec-group.com\/wp-content\/uploads\/2025\/06\/mahle-headquarter-entrance-2017_keyvisualcontent.jpg);\">\n\t\t\t\t\t\t\t\t\t\t\t\t\t\t\t\t<div class=\"elementor-custom-embed-play\" role=\"button\" aria-label=\"Video abspielen\" tabindex=\"0\">\n\t\t\t\t\t\t\t<svg aria-hidden=\"true\" class=\"e-font-icon-svg e-eicon-play\" viewBox=\"0 0 1000 1000\" xmlns=\"http:\/\/www.w3.org\/2000\/svg\"><path d=\"M838 162C746 71 633 25 500 25 371 25 258 71 163 162 71 254 25 367 25 500 25 633 71 746 163 837 254 929 367 979 500 979 633 979 746 933 838 837 929 746 975 633 975 500 975 367 929 254 838 162M808 192C892 279 933 379 933 500 933 621 892 725 808 808 725 892 621 938 500 938 379 938 279 896 196 808 113 725 67 621 67 500 67 379 108 279 196 192 279 108 383 62 500 62 621 62 721 108 808 192M438 392V642L642 517 438 392Z\"><\/path><\/svg>\t\t\t\t\t\t<\/div>\n\t\t\t\t\t\t\t\t\t<\/div>\n\t\t\t\t\t<\/div>\n\t\t\t\t\t\t<\/div>\n\t\t\t\t<\/div>\n\t\t\t\t<div class=\"elementor-element elementor-element-db9e632 elementor-widget elementor-widget-image\" data-id=\"db9e632\" data-element_type=\"widget\" data-widget_type=\"image.default\">\n\t\t\t\t<div class=\"elementor-widget-container\">\n\t\t\t\t\t\t\t\t\t\t\t\t\t\t\t\t<a href=\"https:\/\/www.mahle.com\/en\/\" target=\"_blank\">\n\t\t\t\t\t\t\t<img decoding=\"async\" width=\"113\" height=\"25\" src=\"https:\/\/ipec2025.ipec-group.com\/wp-content\/uploads\/2025\/06\/mahle_logo_2020.png\" class=\"attachment-full size-full wp-image-8262\" alt=\"\" \/>\t\t\t\t\t\t\t\t<\/a>\n\t\t\t\t\t\t\t\t\t\t\t\t\t\t\t<\/div>\n\t\t\t\t<\/div>\n\t\t\t\t<\/div>\n\t\t\t\t\t<\/div>\n\t\t\t\t<\/div>\n\t\t<div class=\"elementor-element elementor-element-aeb55f4 button-default animated-fast elementor-hidden-desktop elementor-hidden-tablet elementor-hidden-mobile e-flex e-con-boxed elementor-invisible e-con e-parent\" data-id=\"aeb55f4\" data-element_type=\"container\" data-settings=\"{&quot;background_background&quot;:&quot;classic&quot;,&quot;animation&quot;:&quot;fadeIn&quot;,&quot;animation_delay&quot;:300}\">\n\t\t\t\t\t<div class=\"e-con-inner\">\n\t\t\t\t<div class=\"elementor-element elementor-element-a8eb5be elementor-widget elementor-widget-button\" data-id=\"a8eb5be\" data-element_type=\"widget\" data-widget_type=\"button.default\">\n\t\t\t\t<div class=\"elementor-widget-container\">\n\t\t\t\t\t\t\t\t\t<div class=\"elementor-button-wrapper\">\n\t\t\t\t\t<a class=\"elementor-button elementor-button-link elementor-size-sm\" href=\"https:\/\/www.mahle.com\/en\/\" target=\"_blank\">\n\t\t\t\t\t\t<span class=\"elementor-button-content-wrapper\">\n\t\t\t\t\t\t\t\t\t<span class=\"elementor-button-text\">Erfahren Sie mehr \u00fcber MAHLE<\/span>\n\t\t\t\t\t<\/span>\n\t\t\t\t\t<\/a>\n\t\t\t\t<\/div>\n\t\t\t\t\t\t\t\t<\/div>\n\t\t\t\t<\/div>\n\t\t\t\t\t<\/div>\n\t\t\t\t<\/div>\n\t\t<div class=\"elementor-element elementor-element-3ef6ea9 e-con-full animated-fast e-flex elementor-invisible e-con e-parent\" data-id=\"3ef6ea9\" data-element_type=\"container\" data-settings=\"{&quot;animation&quot;:&quot;fadeIn&quot;,&quot;animation_delay&quot;:300}\">\n\t\t\t\t<div class=\"elementor-element elementor-element-e9e3ab6 elementor-widget elementor-widget-html\" data-id=\"e9e3ab6\" data-element_type=\"widget\" data-widget_type=\"html.default\">\n\t\t\t\t<div class=\"elementor-widget-container\">\n\t\t\t\t\t<!-- Contact CTA -->\r\n    <section class=\"py-20 bg-ipec-blue\">\r\n        <div class=\"container mx-auto px-6 text-center mb-20\">\r\n            <h2 class=\"text-4xl font-bold text-white mb-6\">Sind Sie bereit, Ihren strategischen Standort zu sichern?<\/h2>\r\n            <p class=\"text-xl text-blue-200 mb-8 max-w-3xl mx-auto\">\r\n  Wenn Sie auf der Suche nach Immobilien sind und die n\u00e4chste Stufe erreichen wollen, bietet IPEC die Infrastruktur und den Standort, um Ihr Unternehmenswachstum zu unterst\u00fctzen.\r\n            <\/p>\r\n            <div class=\"flex flex-wrap gap-4 justify-center\">\r\n                <a href=\"#contact\">\r\n                    <button class=\"button-success w-full sm:w-auto\" data-topic=\"mahle\">\r\n  Kontakt bei IPEC\r\n                    <\/button>\r\n                <\/a>\r\n            <\/div>\r\n        <\/div>\r\n        \r\n        <div class=\"container mx-auto px-6\">\r\n            <div class=\"flex justify-center gap-8 max-w-4xl mx-auto\">\r\n\r\n                <!-- IPEC Group Link -->\r\n                <a href=\"https:\/\/ipec2025.ipec-group.com\/de\/\" class=\"bg-white rounded-2xl !shadow-lg hover:shadow-xl transition-all duration-300 overflow-hidden group\">\r\n                    <div class=\"aspect-video bg-gradient-to-br from-green-500 to-blue-600 flex items-center justify-center\">\r\n                        <div class=\"text-center text-white\">\r\n                            <i class=\"fas fa-building text-4xl mb-4\"><\/i>\r\n                            <h3 class=\"text-2xl font-bold\">\u00dcber die IPEC-Gruppe<\/h3>\r\n                        <\/div>\r\n                    <\/div>\r\n                    <div class=\"p-6\">\r\n                        <h4 class=\"text-xl font-bold text-gray-800 mb-2\">Treffen Sie Ihren Entwicklungspartner<\/h4>\r\n                        <p class=\"text-gray-600 mb-4\">Mehr als 30 Jahre Erfahrung in der europ\u00e4ischen Immobilienbranche<\/p>\r\n                        <div class=\"flex items-center text-ipec-blue font-semibold group-hover:text-blue-800 transition-colors\">\r\n                            <span>Erfahren Sie mehr \u00fcber uns<\/span>\r\n                            <i class=\"fas fa-arrow-right ml-2 transform group-hover:translate-x-1 transition-transform\"><\/i>\r\n                        <\/div>\r\n                    <\/div>\r\n                <\/a>\r\n\r\n            <\/div>\r\n        <\/div>\r\n    <\/section>\t\t\t\t<\/div>\n\t\t\t\t<\/div>\n\t\t\t\t<\/div>\n\t\t\t\t<\/div>\n\t\t","protected":false},"excerpt":{"rendered":"<p>MAHLE Behr Senica Ein f\u00fchrendes Zentrum f\u00fcr Forschung, Entwicklung und Produktion in der Automobilindustrie 0 m\u00b2 Gesamtfl\u00e4che 0 m\u00b2 Produktionshalle 0 + Neue Arbeitspl\u00e4tze Der deutsche Konzern MAHLE Behr ist ein weltweit f\u00fchrender Automobilzulieferer und ein Vorreiter f\u00fcr zuk\u00fcnftige Mobilit\u00e4tsl\u00f6sungen. Seit mehr als 20 Jahren ist die IPEC-Gruppe die treibende Kraft hinter der Entwicklung des [&hellip;]<\/p>\n","protected":false},"author":1,"featured_media":0,"parent":0,"menu_order":0,"comment_status":"closed","ping_status":"closed","template":"","meta":{"footnotes":""},"class_list":["post-8591","page","type-page","status-publish","hentry"],"yoast_head":"<!-- This site is optimized with the Yoast SEO plugin v25.3 - https:\/\/yoast.com\/wordpress\/plugins\/seo\/ -->\n<title>MAHLE - IPEC-Group<\/title>\n<meta name=\"robots\" content=\"index, follow, max-snippet:-1, max-image-preview:large, max-video-preview:-1\" \/>\n<link rel=\"canonical\" href=\"https:\/\/ipec2025.ipec-group.com\/de\/mahle\/\" \/>\n<meta property=\"og:locale\" content=\"de_DE\" \/>\n<meta property=\"og:type\" content=\"article\" \/>\n<meta property=\"og:title\" content=\"MAHLE - IPEC-Group\" \/>\n<meta property=\"og:description\" content=\"MAHLE Behr Senica Ein f\u00fchrendes Zentrum f\u00fcr Forschung, Entwicklung und Produktion in der Automobilindustrie 0 m\u00b2 Gesamtfl\u00e4che 0 m\u00b2 Produktionshalle 0 + Neue Arbeitspl\u00e4tze Der deutsche Konzern MAHLE Behr ist ein weltweit f\u00fchrender Automobilzulieferer und ein Vorreiter f\u00fcr zuk\u00fcnftige Mobilit\u00e4tsl\u00f6sungen. Seit mehr als 20 Jahren ist die IPEC-Gruppe die treibende Kraft hinter der Entwicklung des [&hellip;]\" \/>\n<meta property=\"og:url\" content=\"https:\/\/ipec2025.ipec-group.com\/de\/mahle\/\" \/>\n<meta property=\"og:site_name\" content=\"IPEC-Group\" \/>\n<meta property=\"article:modified_time\" content=\"2025-08-15T10:46:22+00:00\" \/>\n<meta property=\"og:image\" content=\"https:\/\/ipec2025.ipec-group.com\/wp-content\/uploads\/2025\/06\/mahle_logo_2020.png\" \/>\n\t<meta property=\"og:image:width\" content=\"113\" \/>\n\t<meta property=\"og:image:height\" content=\"25\" \/>\n\t<meta property=\"og:image:type\" content=\"image\/png\" \/>\n<meta name=\"twitter:card\" content=\"summary_large_image\" \/>\n<meta name=\"twitter:label1\" content=\"Gesch\u00e4tzte Lesezeit\" \/>\n\t<meta name=\"twitter:data1\" content=\"1\u00a0Minute\" \/>\n<script type=\"application\/ld+json\" class=\"yoast-schema-graph\">{\"@context\":\"https:\/\/schema.org\",\"@graph\":[{\"@type\":\"WebPage\",\"@id\":\"https:\/\/ipec2025.ipec-group.com\/de\/mahle\/\",\"url\":\"https:\/\/ipec2025.ipec-group.com\/de\/mahle\/\",\"name\":\"MAHLE - IPEC-Group\",\"isPartOf\":{\"@id\":\"https:\/\/ipec2025.ipec-group.com\/de\/#website\"},\"primaryImageOfPage\":{\"@id\":\"https:\/\/ipec2025.ipec-group.com\/de\/mahle\/#primaryimage\"},\"image\":{\"@id\":\"https:\/\/ipec2025.ipec-group.com\/de\/mahle\/#primaryimage\"},\"thumbnailUrl\":\"https:\/\/ipec2025.ipec-group.com\/wp-content\/uploads\/2025\/06\/mahle_logo_2020.png\",\"datePublished\":\"2025-06-05T10:20:10+00:00\",\"dateModified\":\"2025-08-15T10:46:22+00:00\",\"breadcrumb\":{\"@id\":\"https:\/\/ipec2025.ipec-group.com\/de\/mahle\/#breadcrumb\"},\"inLanguage\":\"de\",\"potentialAction\":[{\"@type\":\"ReadAction\",\"target\":[\"https:\/\/ipec2025.ipec-group.com\/de\/mahle\/\"]}]},{\"@type\":\"ImageObject\",\"inLanguage\":\"de\",\"@id\":\"https:\/\/ipec2025.ipec-group.com\/de\/mahle\/#primaryimage\",\"url\":\"https:\/\/ipec2025.ipec-group.com\/wp-content\/uploads\/2025\/06\/mahle_logo_2020.png\",\"contentUrl\":\"https:\/\/ipec2025.ipec-group.com\/wp-content\/uploads\/2025\/06\/mahle_logo_2020.png\"},{\"@type\":\"BreadcrumbList\",\"@id\":\"https:\/\/ipec2025.ipec-group.com\/de\/mahle\/#breadcrumb\",\"itemListElement\":[{\"@type\":\"ListItem\",\"position\":1,\"name\":\"Startseite\",\"item\":\"https:\/\/ipec2025.ipec-group.com\/de\/\"},{\"@type\":\"ListItem\",\"position\":2,\"name\":\"MAHLE\"}]},{\"@type\":\"WebSite\",\"@id\":\"https:\/\/ipec2025.ipec-group.com\/de\/#website\",\"url\":\"https:\/\/ipec2025.ipec-group.com\/de\/\",\"name\":\"IPEC-Group\",\"description\":\"\",\"potentialAction\":[{\"@type\":\"SearchAction\",\"target\":{\"@type\":\"EntryPoint\",\"urlTemplate\":\"https:\/\/ipec2025.ipec-group.com\/de\/?s={search_term_string}\"},\"query-input\":{\"@type\":\"PropertyValueSpecification\",\"valueRequired\":true,\"valueName\":\"search_term_string\"}}],\"inLanguage\":\"de\"}]}<\/script>\n<!-- \/ Yoast SEO plugin. -->","yoast_head_json":{"title":"MAHLE - IPEC-Group","robots":{"index":"index","follow":"follow","max-snippet":"max-snippet:-1","max-image-preview":"max-image-preview:large","max-video-preview":"max-video-preview:-1"},"canonical":"https:\/\/ipec2025.ipec-group.com\/de\/mahle\/","og_locale":"de_DE","og_type":"article","og_title":"MAHLE - IPEC-Group","og_description":"MAHLE Behr Senica Ein f\u00fchrendes Zentrum f\u00fcr Forschung, Entwicklung und Produktion in der Automobilindustrie 0 m\u00b2 Gesamtfl\u00e4che 0 m\u00b2 Produktionshalle 0 + Neue Arbeitspl\u00e4tze Der deutsche Konzern MAHLE Behr ist ein weltweit f\u00fchrender Automobilzulieferer und ein Vorreiter f\u00fcr zuk\u00fcnftige Mobilit\u00e4tsl\u00f6sungen. Seit mehr als 20 Jahren ist die IPEC-Gruppe die treibende Kraft hinter der Entwicklung des [&hellip;]","og_url":"https:\/\/ipec2025.ipec-group.com\/de\/mahle\/","og_site_name":"IPEC-Group","article_modified_time":"2025-08-15T10:46:22+00:00","og_image":[{"width":113,"height":25,"url":"https:\/\/ipec2025.ipec-group.com\/wp-content\/uploads\/2025\/06\/mahle_logo_2020.png","type":"image\/png"}],"twitter_card":"summary_large_image","twitter_misc":{"Gesch\u00e4tzte Lesezeit":"1\u00a0Minute"},"schema":{"@context":"https:\/\/schema.org","@graph":[{"@type":"WebPage","@id":"https:\/\/ipec2025.ipec-group.com\/de\/mahle\/","url":"https:\/\/ipec2025.ipec-group.com\/de\/mahle\/","name":"MAHLE - IPEC-Group","isPartOf":{"@id":"https:\/\/ipec2025.ipec-group.com\/de\/#website"},"primaryImageOfPage":{"@id":"https:\/\/ipec2025.ipec-group.com\/de\/mahle\/#primaryimage"},"image":{"@id":"https:\/\/ipec2025.ipec-group.com\/de\/mahle\/#primaryimage"},"thumbnailUrl":"https:\/\/ipec2025.ipec-group.com\/wp-content\/uploads\/2025\/06\/mahle_logo_2020.png","datePublished":"2025-06-05T10:20:10+00:00","dateModified":"2025-08-15T10:46:22+00:00","breadcrumb":{"@id":"https:\/\/ipec2025.ipec-group.com\/de\/mahle\/#breadcrumb"},"inLanguage":"de","potentialAction":[{"@type":"ReadAction","target":["https:\/\/ipec2025.ipec-group.com\/de\/mahle\/"]}]},{"@type":"ImageObject","inLanguage":"de","@id":"https:\/\/ipec2025.ipec-group.com\/de\/mahle\/#primaryimage","url":"https:\/\/ipec2025.ipec-group.com\/wp-content\/uploads\/2025\/06\/mahle_logo_2020.png","contentUrl":"https:\/\/ipec2025.ipec-group.com\/wp-content\/uploads\/2025\/06\/mahle_logo_2020.png"},{"@type":"BreadcrumbList","@id":"https:\/\/ipec2025.ipec-group.com\/de\/mahle\/#breadcrumb","itemListElement":[{"@type":"ListItem","position":1,"name":"Startseite","item":"https:\/\/ipec2025.ipec-group.com\/de\/"},{"@type":"ListItem","position":2,"name":"MAHLE"}]},{"@type":"WebSite","@id":"https:\/\/ipec2025.ipec-group.com\/de\/#website","url":"https:\/\/ipec2025.ipec-group.com\/de\/","name":"IPEC-Group","description":"","potentialAction":[{"@type":"SearchAction","target":{"@type":"EntryPoint","urlTemplate":"https:\/\/ipec2025.ipec-group.com\/de\/?s={search_term_string}"},"query-input":{"@type":"PropertyValueSpecification","valueRequired":true,"valueName":"search_term_string"}}],"inLanguage":"de"}]}},"_links":{"self":[{"href":"https:\/\/ipec2025.ipec-group.com\/de\/wp-json\/wp\/v2\/pages\/8591","targetHints":{"allow":["GET"]}}],"collection":[{"href":"https:\/\/ipec2025.ipec-group.com\/de\/wp-json\/wp\/v2\/pages"}],"about":[{"href":"https:\/\/ipec2025.ipec-group.com\/de\/wp-json\/wp\/v2\/types\/page"}],"author":[{"embeddable":true,"href":"https:\/\/ipec2025.ipec-group.com\/de\/wp-json\/wp\/v2\/users\/1"}],"replies":[{"embeddable":true,"href":"https:\/\/ipec2025.ipec-group.com\/de\/wp-json\/wp\/v2\/comments?post=8591"}],"version-history":[{"count":1,"href":"https:\/\/ipec2025.ipec-group.com\/de\/wp-json\/wp\/v2\/pages\/8591\/revisions"}],"predecessor-version":[{"id":8592,"href":"https:\/\/ipec2025.ipec-group.com\/de\/wp-json\/wp\/v2\/pages\/8591\/revisions\/8592"}],"wp:attachment":[{"href":"https:\/\/ipec2025.ipec-group.com\/de\/wp-json\/wp\/v2\/media?parent=8591"}],"curies":[{"name":"wp","href":"https:\/\/api.w.org\/{rel}","templated":true}]}}