{"id":8582,"date":"2025-08-11T19:48:49","date_gmt":"2025-08-11T17:48:49","guid":{"rendered":"https:\/\/ipec2025.ipec-group.com\/grundstueck-b-senec\/"},"modified":"2025-08-15T12:53:51","modified_gmt":"2025-08-15T10:53:51","slug":"property-b-senec","status":"publish","type":"page","link":"https:\/\/ipec2025.ipec-group.com\/de\/d1-park\/property-b-senec\/","title":{"rendered":"Grundst\u00fcck B, Senec"},"content":{"rendered":"\t\t<div data-elementor-type=\"wp-page\" data-elementor-id=\"8582\" class=\"elementor elementor-8582 elementor-7983\" data-elementor-post-type=\"page\">\n\t\t\t\t<div class=\"elementor-element elementor-element-78bb07d e-con-full e-flex e-con e-parent\" data-id=\"78bb07d\" data-element_type=\"container\" data-settings=\"{&quot;background_background&quot;:&quot;classic&quot;}\">\n\t\t<div class=\"elementor-element elementor-element-7691659 animated-fast e-flex e-con-boxed elementor-invisible e-con e-child\" data-id=\"7691659\" data-element_type=\"container\" data-settings=\"{&quot;animation&quot;:&quot;fadeIn&quot;,&quot;animation_delay&quot;:300}\">\n\t\t\t\t\t<div class=\"e-con-inner\">\n\t\t\t\t<div class=\"elementor-element elementor-element-7ba205c elementor-widget elementor-widget-heading\" data-id=\"7ba205c\" data-element_type=\"widget\" data-widget_type=\"heading.default\">\n\t\t\t\t<div class=\"elementor-widget-container\">\n\t\t\t\t\t<h2 class=\"elementor-heading-title elementor-size-default\">Baugrundst\u00fcck mit 2000m\u00b2<\/h2>\t\t\t\t<\/div>\n\t\t\t\t<\/div>\n\t\t\t\t<div class=\"elementor-element elementor-element-44a731d elementor-widget elementor-widget-heading\" data-id=\"44a731d\" data-element_type=\"widget\" data-widget_type=\"heading.default\">\n\t\t\t\t<div class=\"elementor-widget-container\">\n\t\t\t\t\t<span class=\"elementor-heading-title elementor-size-default\">Prime Opportunity f\u00fcr Bauherren und Investoren. Intelligentes Land. Starke Renditen.    <\/span>\t\t\t\t<\/div>\n\t\t\t\t<\/div>\n\t\t\t\t<div class=\"elementor-element elementor-element-02f7ed6 elementor-hidden-desktop elementor-hidden-tablet elementor-hidden-mobile elementor-widget elementor-widget-heading\" data-id=\"02f7ed6\" data-element_type=\"widget\" data-widget_type=\"heading.default\">\n\t\t\t\t<div class=\"elementor-widget-container\">\n\t\t\t\t\t<h3 class=\"elementor-heading-title elementor-size-default\">\u20ac 600.000<\/h3>\t\t\t\t<\/div>\n\t\t\t\t<\/div>\n\t\t\t\t\t<\/div>\n\t\t\t\t<\/div>\n\t\t\t\t<\/div>\n\t\t<div class=\"elementor-element elementor-element-a33d56 e-flex e-con-boxed e-con e-parent\" data-id=\"a33d56\" data-element_type=\"container\" data-settings=\"{&quot;background_background&quot;:&quot;classic&quot;}\">\n\t\t\t\t\t<div class=\"e-con-inner\">\n\t\t<div class=\"elementor-element elementor-element-273b4d45 e-con-full animated-fast e-flex elementor-invisible e-con e-child\" data-id=\"273b4d45\" data-element_type=\"container\" data-settings=\"{&quot;animation&quot;:&quot;fadeIn&quot;,&quot;animation_delay&quot;:500}\">\n\t\t\t\t<div class=\"elementor-element elementor-element-954be4d elementor-widget elementor-widget-html\" data-id=\"954be4d\" data-element_type=\"widget\" data-widget_type=\"html.default\">\n\t\t\t\t<div class=\"elementor-widget-container\">\n\t\t\t\t\t<!-- Property Details -->\r\n            <div class=\"grid grid-cols-1 lg:grid-cols-2 gap-12 items-center\">\r\n                <div>\r\n                    <h2 class=\"text-3xl md:text-4xl font-bold text-gray-900 mb-6\">Grundst\u00fcck B, Senec<\/h2>\r\n                    <div class=\"space-y-4 text-lg text-gray-700\">\r\n                        <p class=\"leading-relaxed\">\r\n  Dieses kompakte <strong>2.730 m\u00b2 gro\u00dfe Grundst\u00fcck<\/strong> im <strong>D1 Park Senec<\/strong> ist eine seltene Gelegenheit f\u00fcr Entwickler, Bauherren und Investoren, sich einen strategischen Standort in einem der am schnellsten wachsenden Wirtschaftszentren der Slowakei zu sichern.\r\n                        <\/p>\r\n                        <p class=\"leading-relaxed\">\r\n  Der Standort ist ideal f\u00fcr <strong>B\u00fcrogeb\u00e4ude, kleinere Einrichtungen, Dienstleistungsgeb\u00e4ude oder individuelle Investitionsprojekte<\/strong>. Mit dem direkten Zugang zur <strong>Autobahn D1<\/strong>, der guten Sichtbarkeit und der N\u00e4he zu wichtigen Mietern und der Infrastruktur befindet sich Ihr Projekt in bester Gesellschaft. \r\n                        <\/p>\r\n                    <\/div>\r\n                <\/div>\r\n                \r\n                <!-- Key Stats -->\r\n                <div class=\"bg-gray-50 rounded-2xl p-8\">\r\n                    <h3 class=\"text-2xl font-bold text-gray-900 mb-6\">Wichtige Details<\/h3>\r\n                    <div class=\"space-y-6\">\r\n                        <div class=\"flex items-center space-x-4\">\r\n                            <div class=\"flex-shrink-0\">\r\n                                <svg class=\"w-8 h-8 text-blue-600\" fill=\"none\" stroke=\"currentColor\" viewbox=\"0 0 24 24\">\r\n                                    <path stroke-linecap=\"round\" stroke-linejoin=\"round\" stroke-width=\"2\" d=\"M4 8V6a2 2 0 012-2h2M4 16v2a2 2 0 002 2h2M20 8V6a2 2 0 00-2-2h-2M20 16v2a2 2 0 01-2 2h-2\"><\/path>\r\n                                <\/svg>\r\n                            <\/div>\r\n                            <div>\r\n                                <div class=\"font-semibold text-gray-500\">Gesamtfl\u00e4che<\/div>\r\n                                <div class=\"text-xl font-bold\">2.730 m\u00b2<\/div>\r\n                            <\/div>\r\n                        <\/div>\r\n                        \r\n                        <div class=\"flex items-center space-x-4\">\r\n                            <div class=\"flex-shrink-0\">\r\n                                <svg class=\"w-8 h-8 text-blue-600\" fill=\"none\" stroke=\"currentColor\" viewbox=\"0 0 24 24\">\r\n                                    <path stroke-linecap=\"round\" stroke-linejoin=\"round\" stroke-width=\"2\" d=\"M17.657 16.657L13.414 20.9a1.998 1.998 0 01-2.827 0l-4.244-4.243a8 8 0 1111.314 0z\"><\/path>\r\n                                    <path stroke-linecap=\"round\" stroke-linejoin=\"round\" stroke-width=\"2\" d=\"M15 11a3 3 0 11-6 0 3 3 0 016 0z\"><\/path>\r\n                                <\/svg>\r\n                            <\/div>\r\n                            <div>\r\n                                <div class=\"font-semibold text-gray-500\">Standort<\/div>\r\n                                <div class=\"text-xl font-bold\">D1 Park Senec<\/div>\r\n                            <\/div>\r\n                        <\/div>\r\n                        \r\n                        <div class=\"flex items-center space-x-4\">\r\n                            <div class=\"flex-shrink-0\">\r\n                                <svg class=\"w-8 h-8 text-blue-600\" fill=\"none\" stroke=\"currentColor\" viewbox=\"0 0 24 24\">\r\n                                    <path stroke-linecap=\"round\" stroke-linejoin=\"round\" stroke-width=\"2\" d=\"M12 8c-1.657 0-3 .895-3 2s1.343 2 3 2 3 .895 3 2-1.343 2-3 2m0-8c1.11 0 2.08.402 2.599 1M12 8V7m0 1v8m0 0v1m0-1c-1.11 0-2.08-.402-2.599-1M21 12a9 9 0 11-18 0 9 9 0 0118 0z\"><\/path>\r\n                                <\/svg>\r\n                            <\/div>\r\n                            <div>\r\n                                <div class=\"font-semibold text-gray-500\">Preis<\/div>\r\n                                <div class=\"text-xl font-bold\">\u20ac 600.000<\/div>\r\n                            <\/div>\r\n                        <\/div>\r\n                    <\/div>\r\n                <\/div>\r\n            <\/div>\t\t\t\t<\/div>\n\t\t\t\t<\/div>\n\t\t\t\t<div class=\"elementor-element elementor-element-b2a74df elementor-widget elementor-widget-html\" data-id=\"b2a74df\" data-element_type=\"widget\" data-widget_type=\"html.default\">\n\t\t\t\t<div class=\"elementor-widget-container\">\n\t\t\t\t\t<div class=\"bg-blue-50 border-l-4 border-blue-400 p-6\">\r\n    <p class=\"text-lg font-medium text-blue-800\">\r\n  Verpassen Sie nicht Ihre Chance, in einem der vielversprechendsten Logistikkorridore in der Region Bratislava zu bauen - anpassbar, zug\u00e4nglich und investitionsbereit.\r\n    <\/p>\r\n    \r\n    <div class=\"flex flex-wrap justify-center pt-8\">\r\n        <a href=\"#contact\" class=\"w-full sm:w-auto\">\r\n            <button class=\"button-default w-full sm:w-auto text-wrap\" data-topic=\"property-b-senec\">\r\n  Kontaktieren Sie uns noch heute f\u00fcr Details, Grundrisspl\u00e4ne oder einen Vor-Ort-Termin\r\n            <\/button>\r\n        <\/a>\r\n    <\/div>\r\n<\/div>\t\t\t\t<\/div>\n\t\t\t\t<\/div>\n\t\t\t\t<\/div>\n\t\t\t\t\t<\/div>\n\t\t\t\t<\/div>\n\t\t<div class=\"elementor-element elementor-element-0143878 e-con-full e-flex e-con e-parent\" data-id=\"0143878\" data-element_type=\"container\" data-settings=\"{&quot;background_background&quot;:&quot;classic&quot;}\">\n\t\t\t\t<\/div>\n\t\t<div class=\"elementor-element elementor-element-d90a744 e-flex e-con-boxed e-con e-parent\" data-id=\"d90a744\" data-element_type=\"container\" data-settings=\"{&quot;background_background&quot;:&quot;classic&quot;}\">\n\t\t\t\t\t<div class=\"e-con-inner\">\n\t\t<div class=\"elementor-element elementor-element-f6f7946 e-con-full animated-fast e-flex elementor-invisible e-con e-child\" data-id=\"f6f7946\" data-element_type=\"container\" data-settings=\"{&quot;animation&quot;:&quot;fadeIn&quot;,&quot;animation_delay&quot;:500}\">\n\t\t\t\t<div class=\"elementor-element elementor-element-a7a7ab1 elementor-widget elementor-widget-html\" data-id=\"a7a7ab1\" data-element_type=\"widget\" data-widget_type=\"html.default\">\n\t\t\t\t<div class=\"elementor-widget-container\">\n\t\t\t\t\t<div class=\"bg-blue-50 rounded-2xl p-8 md:p-12\">\r\n                <h3 class=\"text-3xl font-bold text-gray-900 mb-8 text-center\">Warum dieses Grundst\u00fcck?<\/h3>\r\n                <div class=\"grid grid-cols-1 md:grid-cols-2 gap-8\">\r\n                    <div class=\"space-y-6\">\r\n                        <div class=\"flex items-start space-x-4\">\r\n                            <div class=\"flex-shrink-0 w-3 h-3 bg-blue-500 rounded-full mt-2\"><\/div>\r\n                            <div>\r\n                                <h4 class=\"font-semibold text-gray-900 mb-2\">Hohe Sichtbarkeit und Zug\u00e4nglichkeit<\/h4>\r\n                                <p class=\"text-gray-700\">Erstklassige Lage mit hervorragender Sichtbarkeit und leichtem Zugang<\/p>\r\n                            <\/div>\r\n                        <\/div>\r\n                        \r\n                        <div class=\"flex items-start space-x-4\">\r\n                            <div class=\"flex-shrink-0 w-3 h-3 bg-blue-500 rounded-full mt-2\"><\/div>\r\n                            <div>\r\n                                <h4 class=\"font-semibold text-gray-900 mb-2\">Bereit f\u00fcr schnelle Genehmigungen<\/h4>\r\n                                <p class=\"text-gray-700\">Straffes Genehmigungsverfahren f\u00fcr schnellen Projektstart<\/p>\r\n                            <\/div>\r\n                        <\/div>\r\n                        \r\n                        <div class=\"flex items-start space-x-4\">\r\n                            <div class=\"flex-shrink-0 w-3 h-3 bg-blue-500 rounded-full mt-2\"><\/div>\r\n                            <div>\r\n                                <h4 class=\"font-semibold text-gray-900 mb-2\">Vollst\u00e4ndig gewarteter Bereich<\/h4>\r\n                                <p class=\"text-gray-700\">Vollst\u00e4ndige Infrastruktur ist bereits vorhanden<\/p>\r\n                            <\/div>\r\n                        <\/div>\r\n                    <\/div>\r\n                    \r\n                    <div class=\"space-y-6\">\r\n                        <div class=\"flex items-start space-x-4\">\r\n                            <div class=\"flex-shrink-0 w-3 h-3 bg-blue-500 rounded-full mt-2\"><\/div>\r\n                            <div>\r\n                                <h4 class=\"font-semibold text-gray-900 mb-2\">In einem aktiven Industriegebiet gelegen<\/h4>\r\n                                <p class=\"text-gray-700\">Teil eines florierenden Business-\u00d6kosystems<\/p>\r\n                            <\/div>\r\n                        <\/div>\r\n                        \r\n                        <div class=\"flex items-start space-x-4\">\r\n                            <div class=\"flex-shrink-0 w-3 h-3 bg-blue-500 rounded-full mt-2\"><\/div>\r\n                            <div>\r\n                                <h4 class=\"font-semibold text-gray-900 mb-2\">Umgeben von wachsender Nachfrage<\/h4>\r\n                                <p class=\"text-gray-700\">Profitieren Sie von der expandierenden Wirtschaftst\u00e4tigkeit<\/p>\r\n                            <\/div>\r\n                        <\/div>\r\n                        \r\n                        <div class=\"flex items-start space-x-4\">\r\n                            <div class=\"flex-shrink-0 w-3 h-3 bg-blue-500 rounded-full mt-2\"><\/div>\r\n                            <div>\r\n                                <h4 class=\"font-semibold text-gray-900 mb-2\">Zuverl\u00e4ssiger Entwicklungspartner<\/h4>\r\n                                <p class=\"text-gray-700\">Wir liefern Ihr Projekt p\u00fcnktlich und mit Pr\u00e4zision<\/p>\r\n                            <\/div>\r\n                        <\/div>\r\n                    <\/div>\r\n                <\/div>\r\n            <\/div>\t\t\t\t<\/div>\n\t\t\t\t<\/div>\n\t\t\t\t<div class=\"elementor-element elementor-element-9ad9d0c elementor-widget elementor-widget-heading\" data-id=\"9ad9d0c\" data-element_type=\"widget\" data-widget_type=\"heading.default\">\n\t\t\t\t<div class=\"elementor-widget-container\">\n\t\t\t\t\t<h3 class=\"elementor-heading-title elementor-size-default\">Ihr Grundst\u00fcck, Ihre Ideen. Jetzt mit der Vision beginnen <\/h3>\t\t\t\t<\/div>\n\t\t\t\t<\/div>\n\t\t\t\t<div class=\"elementor-element elementor-element-1052d28 elementor-widget elementor-widget-html\" data-id=\"1052d28\" data-element_type=\"widget\" data-widget_type=\"html.default\">\n\t\t\t\t<div class=\"elementor-widget-container\">\n\t\t\t\t\t\r\n<div class=\"flex flex-wrap justify-center\">\r\n    <a href=\"#contact\" class=\"w-full sm:w-auto\">\r\n        <button class=\"button-default w-full sm:w-auto text-wrap\" data-topic=\"property-b-senec\">\r\n  Kontaktieren Sie uns jetzt f\u00fcr Preise, Entwicklungsberatung oder eine pers\u00f6nliche Beratung\r\n        <\/button>\r\n    <\/a>\r\n<\/div>\t\t\t\t<\/div>\n\t\t\t\t<\/div>\n\t\t\t\t<\/div>\n\t\t\t\t\t<\/div>\n\t\t\t\t<\/div>\n\t\t<div class=\"elementor-element elementor-element-3619c5a e-con-full e-flex e-con e-parent\" data-id=\"3619c5a\" data-element_type=\"container\">\n\t\t\t\t<div class=\"elementor-element elementor-element-35cb62e elementor-widget elementor-widget-html\" data-id=\"35cb62e\" data-element_type=\"widget\" data-widget_type=\"html.default\">\n\t\t\t\t<div class=\"elementor-widget-container\">\n\t\t\t\t\t<!-- Contact CTA -->\r\n    <section class=\"py-20 bg-ipec-blue\">\r\n        <div class=\"container mx-auto px-6 text-center mb-20\">\r\n            <h2 class=\"text-4xl font-bold text-white mb-6\">Sind Sie bereit, Ihren strategischen Standort zu sichern?<\/h2>\r\n            <p class=\"text-xl text-blue-200 mb-8 max-w-4xl mx-auto\">\r\n  Schlie\u00dfen Sie sich den \u00fcber 70 internationalen Unternehmen an, die D1 Park f\u00fcr ihre mitteleurop\u00e4ischen Niederlassungen gew\u00e4hlt haben.\r\n            <\/p>\r\n            <div class=\"flex flex-wrap gap-4 justify-center\">\r\n                <a href=\"#contact\">\r\n                    <button class=\"button-success\" data-topic=\"schedule-visit\">\r\n  Planen Sie noch heute einen Besuch\r\n                    <\/button>\r\n                <\/a>\r\n            <\/div>\r\n        <\/div>\r\n        \r\n        <div class=\"container mx-auto px-6\">\r\n            <div class=\"grid lg:grid-cols-2 gap-8 max-w-4xl mx-auto\">\r\n                \r\n                <!-- D1 Park Link -->\r\n                <a href=\"https:\/\/ipec2025.ipec-group.com\/de\/d1-park\/\" class=\"bg-white rounded-2xl !shadow-lg hover:shadow-xl transition-all duration-300 overflow-hidden group\">\r\n                    <div class=\"aspect-video bg-gradient-to-br from-green-500 to-blue-600 flex items-center justify-center\">\r\n                        <div class=\"text-center text-white\">\r\n                            <i class=\"fas fa-industry text-4xl mb-4\"><\/i>\r\n                            <h3 class=\"text-2xl font-bold\">D1 Park erkunden<\/h3>\r\n                        <\/div>\r\n                    <\/div>\r\n                    <div class=\"p-6\">\r\n                        <h4 class=\"text-xl font-bold text-gray-800 mb-2\">Erfahren Sie mehr \u00fcber D1 Park<\/h4>\r\n                        <p class=\"text-gray-600 mb-4\">Entdecken Sie die ganze Bandbreite von Mitteleuropas wichtigstem Logistikzentrum<\/p>\r\n                        <div class=\"flex items-center text-ipec-blue font-semibold group-hover:text-blue-800 transition-colors\">\r\n                            <span>Mehr lesen<\/span>\r\n                            <i class=\"fas fa-arrow-right ml-2 transform group-hover:translate-x-1 transition-transform\"><\/i>\r\n                        <\/div>\r\n                    <\/div>\r\n                <\/a>\r\n\r\n                <!-- IPEC Group Link -->\r\n                <a href=\"https:\/\/ipec2025.ipec-group.com\/de\/\" class=\"bg-white rounded-2xl !shadow-lg hover:shadow-xl transition-all duration-300 overflow-hidden group\">\r\n                    <div class=\"aspect-video bg-gradient-to-br from-green-500 to-blue-600 flex items-center justify-center\">\r\n                        <div class=\"text-center text-white\">\r\n                            <i class=\"fas fa-building text-4xl mb-4\"><\/i>\r\n                            <h3 class=\"text-2xl font-bold\">\u00dcber die IPEC-Gruppe<\/h3>\r\n                        <\/div>\r\n                    <\/div>\r\n                    <div class=\"p-6\">\r\n                        <h4 class=\"text-xl font-bold text-gray-800 mb-2\">Treffen Sie Ihren Entwicklungspartner<\/h4>\r\n                        <p class=\"text-gray-600 mb-4\">Mehr als 30 Jahre Erfahrung in der mitteleurop\u00e4ischen Immobilienbranche<\/p>\r\n                        <div class=\"flex items-center text-ipec-blue font-semibold group-hover:text-blue-800 transition-colors\">\r\n                            <span>Erfahren Sie mehr \u00fcber uns<\/span>\r\n                            <i class=\"fas fa-arrow-right ml-2 transform group-hover:translate-x-1 transition-transform\"><\/i>\r\n                        <\/div>\r\n                    <\/div>\r\n                <\/a>\r\n\r\n            <\/div>\r\n        <\/div>\r\n    <\/section>\t\t\t\t<\/div>\n\t\t\t\t<\/div>\n\t\t\t\t<\/div>\n\t\t\t\t<\/div>\n\t\t","protected":false},"excerpt":{"rendered":"<p>Baugrundst\u00fcck mit 2000m\u00b2 Prime Opportunity f\u00fcr Bauherren und Investoren. Intelligentes Land. Starke Renditen. \u20ac 600.000 Grundst\u00fcck B, Senec Dieses kompakte 2.730 m\u00b2 gro\u00dfe Grundst\u00fcck im D1 Park Senec ist eine seltene Gelegenheit f\u00fcr Entwickler, Bauherren und Investoren, sich einen strategischen Standort in einem der am schnellsten wachsenden Wirtschaftszentren der Slowakei zu sichern. Der Standort ist [&hellip;]<\/p>\n","protected":false},"author":1,"featured_media":0,"parent":8599,"menu_order":0,"comment_status":"closed","ping_status":"closed","template":"","meta":{"footnotes":""},"class_list":["post-8582","page","type-page","status-publish","hentry"],"yoast_head":"<!-- This site is optimized with the Yoast SEO plugin v25.3 - https:\/\/yoast.com\/wordpress\/plugins\/seo\/ -->\n<title>Grundst\u00fcck B, Senec - IPEC-Group<\/title>\n<meta name=\"robots\" content=\"index, follow, max-snippet:-1, max-image-preview:large, max-video-preview:-1\" \/>\n<link rel=\"canonical\" href=\"https:\/\/ipec2025.ipec-group.com\/de\/d1-park\/property-b-senec\/\" \/>\n<meta property=\"og:locale\" content=\"de_DE\" \/>\n<meta property=\"og:type\" content=\"article\" \/>\n<meta property=\"og:title\" content=\"Grundst\u00fcck B, Senec - IPEC-Group\" \/>\n<meta property=\"og:description\" content=\"Baugrundst\u00fcck mit 2000m\u00b2 Prime Opportunity f\u00fcr Bauherren und Investoren. Intelligentes Land. Starke Renditen. \u20ac 600.000 Grundst\u00fcck B, Senec Dieses kompakte 2.730 m\u00b2 gro\u00dfe Grundst\u00fcck im D1 Park Senec ist eine seltene Gelegenheit f\u00fcr Entwickler, Bauherren und Investoren, sich einen strategischen Standort in einem der am schnellsten wachsenden Wirtschaftszentren der Slowakei zu sichern. Der Standort ist [&hellip;]\" \/>\n<meta property=\"og:url\" content=\"https:\/\/ipec2025.ipec-group.com\/de\/d1-park\/property-b-senec\/\" \/>\n<meta property=\"og:site_name\" content=\"IPEC-Group\" \/>\n<meta property=\"article:modified_time\" content=\"2025-08-15T10:53:51+00:00\" \/>\n<meta name=\"twitter:card\" content=\"summary_large_image\" \/>\n<meta name=\"twitter:label1\" content=\"Gesch\u00e4tzte Lesezeit\" \/>\n\t<meta name=\"twitter:data1\" content=\"2\u00a0Minuten\" \/>\n<script type=\"application\/ld+json\" class=\"yoast-schema-graph\">{\"@context\":\"https:\/\/schema.org\",\"@graph\":[{\"@type\":\"WebPage\",\"@id\":\"https:\/\/ipec2025.ipec-group.com\/de\/d1-park\/property-b-senec\/\",\"url\":\"https:\/\/ipec2025.ipec-group.com\/de\/d1-park\/property-b-senec\/\",\"name\":\"Grundst\u00fcck B, Senec - IPEC-Group\",\"isPartOf\":{\"@id\":\"https:\/\/ipec2025.ipec-group.com\/de\/#website\"},\"datePublished\":\"2025-08-11T17:48:49+00:00\",\"dateModified\":\"2025-08-15T10:53:51+00:00\",\"breadcrumb\":{\"@id\":\"https:\/\/ipec2025.ipec-group.com\/de\/d1-park\/property-b-senec\/#breadcrumb\"},\"inLanguage\":\"de\",\"potentialAction\":[{\"@type\":\"ReadAction\",\"target\":[\"https:\/\/ipec2025.ipec-group.com\/de\/d1-park\/property-b-senec\/\"]}]},{\"@type\":\"BreadcrumbList\",\"@id\":\"https:\/\/ipec2025.ipec-group.com\/de\/d1-park\/property-b-senec\/#breadcrumb\",\"itemListElement\":[{\"@type\":\"ListItem\",\"position\":1,\"name\":\"Startseite\",\"item\":\"https:\/\/ipec2025.ipec-group.com\/de\/\"},{\"@type\":\"ListItem\",\"position\":2,\"name\":\"D1 Park\",\"item\":\"https:\/\/ipec2025.ipec-group.com\/de\/d1-park\/\"},{\"@type\":\"ListItem\",\"position\":3,\"name\":\"Grundst\u00fcck B, Senec\"}]},{\"@type\":\"WebSite\",\"@id\":\"https:\/\/ipec2025.ipec-group.com\/de\/#website\",\"url\":\"https:\/\/ipec2025.ipec-group.com\/de\/\",\"name\":\"IPEC-Group\",\"description\":\"\",\"potentialAction\":[{\"@type\":\"SearchAction\",\"target\":{\"@type\":\"EntryPoint\",\"urlTemplate\":\"https:\/\/ipec2025.ipec-group.com\/de\/?s={search_term_string}\"},\"query-input\":{\"@type\":\"PropertyValueSpecification\",\"valueRequired\":true,\"valueName\":\"search_term_string\"}}],\"inLanguage\":\"de\"}]}<\/script>\n<!-- \/ Yoast SEO plugin. -->","yoast_head_json":{"title":"Grundst\u00fcck B, Senec - IPEC-Group","robots":{"index":"index","follow":"follow","max-snippet":"max-snippet:-1","max-image-preview":"max-image-preview:large","max-video-preview":"max-video-preview:-1"},"canonical":"https:\/\/ipec2025.ipec-group.com\/de\/d1-park\/property-b-senec\/","og_locale":"de_DE","og_type":"article","og_title":"Grundst\u00fcck B, Senec - IPEC-Group","og_description":"Baugrundst\u00fcck mit 2000m\u00b2 Prime Opportunity f\u00fcr Bauherren und Investoren. Intelligentes Land. Starke Renditen. \u20ac 600.000 Grundst\u00fcck B, Senec Dieses kompakte 2.730 m\u00b2 gro\u00dfe Grundst\u00fcck im D1 Park Senec ist eine seltene Gelegenheit f\u00fcr Entwickler, Bauherren und Investoren, sich einen strategischen Standort in einem der am schnellsten wachsenden Wirtschaftszentren der Slowakei zu sichern. Der Standort ist [&hellip;]","og_url":"https:\/\/ipec2025.ipec-group.com\/de\/d1-park\/property-b-senec\/","og_site_name":"IPEC-Group","article_modified_time":"2025-08-15T10:53:51+00:00","twitter_card":"summary_large_image","twitter_misc":{"Gesch\u00e4tzte Lesezeit":"2\u00a0Minuten"},"schema":{"@context":"https:\/\/schema.org","@graph":[{"@type":"WebPage","@id":"https:\/\/ipec2025.ipec-group.com\/de\/d1-park\/property-b-senec\/","url":"https:\/\/ipec2025.ipec-group.com\/de\/d1-park\/property-b-senec\/","name":"Grundst\u00fcck B, Senec - IPEC-Group","isPartOf":{"@id":"https:\/\/ipec2025.ipec-group.com\/de\/#website"},"datePublished":"2025-08-11T17:48:49+00:00","dateModified":"2025-08-15T10:53:51+00:00","breadcrumb":{"@id":"https:\/\/ipec2025.ipec-group.com\/de\/d1-park\/property-b-senec\/#breadcrumb"},"inLanguage":"de","potentialAction":[{"@type":"ReadAction","target":["https:\/\/ipec2025.ipec-group.com\/de\/d1-park\/property-b-senec\/"]}]},{"@type":"BreadcrumbList","@id":"https:\/\/ipec2025.ipec-group.com\/de\/d1-park\/property-b-senec\/#breadcrumb","itemListElement":[{"@type":"ListItem","position":1,"name":"Startseite","item":"https:\/\/ipec2025.ipec-group.com\/de\/"},{"@type":"ListItem","position":2,"name":"D1 Park","item":"https:\/\/ipec2025.ipec-group.com\/de\/d1-park\/"},{"@type":"ListItem","position":3,"name":"Grundst\u00fcck B, Senec"}]},{"@type":"WebSite","@id":"https:\/\/ipec2025.ipec-group.com\/de\/#website","url":"https:\/\/ipec2025.ipec-group.com\/de\/","name":"IPEC-Group","description":"","potentialAction":[{"@type":"SearchAction","target":{"@type":"EntryPoint","urlTemplate":"https:\/\/ipec2025.ipec-group.com\/de\/?s={search_term_string}"},"query-input":{"@type":"PropertyValueSpecification","valueRequired":true,"valueName":"search_term_string"}}],"inLanguage":"de"}]}},"_links":{"self":[{"href":"https:\/\/ipec2025.ipec-group.com\/de\/wp-json\/wp\/v2\/pages\/8582","targetHints":{"allow":["GET"]}}],"collection":[{"href":"https:\/\/ipec2025.ipec-group.com\/de\/wp-json\/wp\/v2\/pages"}],"about":[{"href":"https:\/\/ipec2025.ipec-group.com\/de\/wp-json\/wp\/v2\/types\/page"}],"author":[{"embeddable":true,"href":"https:\/\/ipec2025.ipec-group.com\/de\/wp-json\/wp\/v2\/users\/1"}],"replies":[{"embeddable":true,"href":"https:\/\/ipec2025.ipec-group.com\/de\/wp-json\/wp\/v2\/comments?post=8582"}],"version-history":[{"count":3,"href":"https:\/\/ipec2025.ipec-group.com\/de\/wp-json\/wp\/v2\/pages\/8582\/revisions"}],"predecessor-version":[{"id":8655,"href":"https:\/\/ipec2025.ipec-group.com\/de\/wp-json\/wp\/v2\/pages\/8582\/revisions\/8655"}],"up":[{"embeddable":true,"href":"https:\/\/ipec2025.ipec-group.com\/de\/wp-json\/wp\/v2\/pages\/8599"}],"wp:attachment":[{"href":"https:\/\/ipec2025.ipec-group.com\/de\/wp-json\/wp\/v2\/media?parent=8582"}],"curies":[{"name":"wp","href":"https:\/\/api.w.org\/{rel}","templated":true}]}}