{"id":8580,"date":"2025-08-13T10:22:31","date_gmt":"2025-08-13T08:22:31","guid":{"rendered":"https:\/\/ipec2025.ipec-group.com\/grundstueck-d-senec\/"},"modified":"2025-08-15T12:54:04","modified_gmt":"2025-08-15T10:54:04","slug":"property-d-senec","status":"publish","type":"page","link":"https:\/\/ipec2025.ipec-group.com\/de\/d1-park\/property-d-senec\/","title":{"rendered":"Grundst\u00fcck D, Senec"},"content":{"rendered":"\t\t<div data-elementor-type=\"wp-page\" data-elementor-id=\"8580\" class=\"elementor elementor-8580 elementor-8060\" data-elementor-post-type=\"page\">\n\t\t\t\t<div class=\"elementor-element elementor-element-78bb07d e-con-full e-flex e-con e-parent\" data-id=\"78bb07d\" data-element_type=\"container\" data-settings=\"{&quot;background_background&quot;:&quot;classic&quot;}\">\n\t\t<div class=\"elementor-element elementor-element-7691659 animated-fast e-flex e-con-boxed elementor-invisible e-con e-child\" data-id=\"7691659\" data-element_type=\"container\" data-settings=\"{&quot;animation&quot;:&quot;fadeIn&quot;,&quot;animation_delay&quot;:300}\">\n\t\t\t\t\t<div class=\"e-con-inner\">\n\t\t\t\t<div class=\"elementor-element elementor-element-7ba205c elementor-widget elementor-widget-heading\" data-id=\"7ba205c\" data-element_type=\"widget\" data-widget_type=\"heading.default\">\n\t\t\t\t<div class=\"elementor-widget-container\">\n\t\t\t\t\t<h2 class=\"elementor-heading-title elementor-size-default\">Entwicklung bereit<\/h2>\t\t\t\t<\/div>\n\t\t\t\t<\/div>\n\t\t\t\t<div class=\"elementor-element elementor-element-44a731d elementor-widget elementor-widget-heading\" data-id=\"44a731d\" data-element_type=\"widget\" data-widget_type=\"heading.default\">\n\t\t\t\t<div class=\"elementor-widget-container\">\n\t\t\t\t\t<span class=\"elementor-heading-title elementor-size-default\">3.000 m\u00b2 Halle | Fast-Track Development Opportunity. \u00dcberspringen Sie die Genehmigungen. Beginnen Sie sofort mit dem Bau.<\/span>\t\t\t\t<\/div>\n\t\t\t\t<\/div>\n\t\t\t\t<div class=\"elementor-element elementor-element-02f7ed6 elementor-hidden-desktop elementor-hidden-tablet elementor-hidden-mobile elementor-widget elementor-widget-heading\" data-id=\"02f7ed6\" data-element_type=\"widget\" data-widget_type=\"heading.default\">\n\t\t\t\t<div class=\"elementor-widget-container\">\n\t\t\t\t\t<h3 class=\"elementor-heading-title elementor-size-default\">\u20ac 1.500.000<\/h3>\t\t\t\t<\/div>\n\t\t\t\t<\/div>\n\t\t\t\t\t<\/div>\n\t\t\t\t<\/div>\n\t\t\t\t<\/div>\n\t\t<div class=\"elementor-element elementor-element-a33d56 e-flex e-con-boxed e-con e-parent\" data-id=\"a33d56\" data-element_type=\"container\" data-settings=\"{&quot;background_background&quot;:&quot;classic&quot;}\">\n\t\t\t\t\t<div class=\"e-con-inner\">\n\t\t<div class=\"elementor-element elementor-element-273b4d45 e-con-full animated-fast e-flex elementor-invisible e-con e-child\" data-id=\"273b4d45\" data-element_type=\"container\" data-settings=\"{&quot;animation&quot;:&quot;fadeIn&quot;,&quot;animation_delay&quot;:500}\">\n\t\t\t\t<div class=\"elementor-element elementor-element-954be4d elementor-widget elementor-widget-html\" data-id=\"954be4d\" data-element_type=\"widget\" data-widget_type=\"html.default\">\n\t\t\t\t<div class=\"elementor-widget-container\">\n\t\t\t\t\t<div class=\"grid grid-cols-1 lg:grid-cols-2 gap-12 items-center\">\r\n                <div>\r\n                    <h2 class=\"text-3xl md:text-4xl font-bold text-gray-900 mb-6\">Grundst\u00fcck D, Senec<\/h2>\r\n                    <div class=\"space-y-4 text-lg text-gray-700\">\r\n                        <p class=\"leading-relaxed\">\r\n  Diese au\u00dfergew\u00f6hnliche Gelegenheit bietet eine <strong>g\u00fcltige Baugenehmigung f\u00fcr eine 3.000 m\u00b2 gro\u00dfe Halle<\/strong> in bester Lage von <strong>D1 Park Senec<\/strong>. Wenn alle Genehmigungen vorliegen, k\u00f6nnen Sie das langwierige Genehmigungsverfahren umgehen und sofort mit dem Bau beginnen.\r\n                        <\/p>\r\n                        <p class=\"leading-relaxed\">\r\n  Ideal f\u00fcr <strong>Logistikunternehmen, Fertigungsbetriebe oder Investoren<\/strong>, die eine ma\u00dfgeschneiderte Anlage entwickeln wollen. Die Genehmigung erm\u00f6glicht eine flexible Gestaltung innerhalb der genehmigten Parameter und gibt Ihnen die Freiheit, genau das zu schaffen, was Ihr Unternehmen braucht.\r\n                        <\/p>\r\n                        <p class=\"leading-relaxed\">\r\n  Im dynamischsten Industriepark der Slowakei mit direktem Zugang zur <strong>Autobahn D1<\/strong> gelegen, ist dies Ihre Chance, Ihre Expansionspl\u00e4ne mit garantierten, bereits erteilten Genehmigungen zu beschleunigen.\r\n                        <\/p>\r\n                    <\/div>\r\n                <\/div>\r\n                \r\n                <!-- Key Stats -->\r\n                <div class=\"bg-gray-50 rounded-2xl p-8\">\r\n                    <h3 class=\"text-2xl font-bold text-gray-900 mb-6\">Wichtige Details<\/h3>\r\n                    <div class=\"space-y-6\">\r\n                        <div class=\"flex items-center space-x-4\">\r\n                            <div class=\"flex-shrink-0\">\r\n                                <svg class=\"w-8 h-8 text-blue-600\" fill=\"none\" stroke=\"currentColor\" viewbox=\"0 0 24 24\">\r\n                                    <path stroke-linecap=\"round\" stroke-linejoin=\"round\" stroke-width=\"2\" d=\"M9 12h6m-6 4h6m2 5H7a2 2 0 01-2-2V5a2 2 0 012-2h5.586a1 1 0 01.707.293l5.414 5.414a1 1 0 01.293.707V19a2 2 0 01-2 2z\"><\/path>\r\n                                <\/svg>\r\n                            <\/div>\r\n                            <div>\r\n                                <div class=\"font-semibold text-gray-500\">Baugenehmigung<\/div>\r\n                                <div class=\"text-xl font-bold\">3.000 m\u00b2 Halle<\/div>\r\n                                <div class=\"text-sm text-gray-600\">Bereit zum Bauen<\/div>\r\n                            <\/div>\r\n                        <\/div>\r\n                        \r\n                        <div class=\"flex items-center space-x-4\">\r\n                            <div class=\"flex-shrink-0\">\r\n                                <svg class=\"w-8 h-8 text-blue-600\" fill=\"none\" stroke=\"currentColor\" viewbox=\"0 0 24 24\">\r\n                                    <path stroke-linecap=\"round\" stroke-linejoin=\"round\" stroke-width=\"2\" d=\"M17.657 16.657L13.414 20.9a1.998 1.998 0 01-2.827 0l-4.244-4.243a8 8 0 1111.314 0z\"><\/path>\r\n                                    <path stroke-linecap=\"round\" stroke-linejoin=\"round\" stroke-width=\"2\" d=\"M15 11a3 3 0 11-6 0 3 3 0 016 0z\"><\/path>\r\n                                <\/svg>\r\n                            <\/div>\r\n                            <div>\r\n                                <div class=\"font-semibold text-gray-500\">Standort<\/div>\r\n                                <div class=\"text-xl font-bold\">D1 Park Senec<\/div>\r\n                            <\/div>\r\n                        <\/div>\r\n                        \r\n                        <div class=\"flex items-center space-x-4\">\r\n                            <div class=\"flex-shrink-0\">\r\n                                <svg class=\"w-8 h-8 text-blue-600\" fill=\"none\" stroke=\"currentColor\" viewbox=\"0 0 24 24\">\r\n                                    <path stroke-linecap=\"round\" stroke-linejoin=\"round\" stroke-width=\"2\" d=\"M13 10V3L4 14h7v7l9-11h-7z\"><\/path>\r\n                                <\/svg>\r\n                            <\/div>\r\n                            <div>\r\n                                <div class=\"font-semibold text-gray-500\">Vorteil<\/div>\r\n                                <div class=\"text-xl font-bold\">Fast-Track bereit<\/div>\r\n                            <\/div>\r\n                        <\/div>\r\n                    <\/div>\r\n                <\/div>\r\n            <\/div>\t\t\t\t<\/div>\n\t\t\t\t<\/div>\n\t\t\t\t<div class=\"elementor-element elementor-element-b2a74df elementor-widget elementor-widget-html\" data-id=\"b2a74df\" data-element_type=\"widget\" data-widget_type=\"html.default\">\n\t\t\t\t<div class=\"elementor-widget-container\">\n\t\t\t\t\t<div class=\"bg-blue-50 border-l-4 border-blue-400 p-6\">\r\n    <p class=\"text-lg font-medium text-blue-800\">\r\n  Verpassen Sie nicht Ihre Chance, in einem der vielversprechendsten Logistikkorridore in der Region Bratislava zu bauen - anpassbar, zug\u00e4nglich und investitionsbereit.\r\n    <\/p>\r\n    \r\n    <div class=\"flex flex-wrap justify-center pt-8\">\r\n        <a href=\"#contact\" class=\"w-full sm:w-auto\">\r\n            <button class=\"button-default w-full sm:w-auto text-wrap\" data-topic=\"property-d-senec\">\r\n  Wenden Sie sich noch heute an uns, um Einzelheiten zu Genehmigungen, Baupl\u00e4nen und Konstruktionen zu erfahren.\r\n            <\/button>\r\n        <\/a>\r\n    <\/div>\r\n<\/div>\t\t\t\t<\/div>\n\t\t\t\t<\/div>\n\t\t\t\t<\/div>\n\t\t\t\t\t<\/div>\n\t\t\t\t<\/div>\n\t\t<div class=\"elementor-element elementor-element-0143878 e-con-full e-flex e-con e-parent\" data-id=\"0143878\" data-element_type=\"container\" data-settings=\"{&quot;background_background&quot;:&quot;classic&quot;}\">\n\t\t\t\t<\/div>\n\t\t<div class=\"elementor-element elementor-element-d90a744 e-flex e-con-boxed e-con e-parent\" data-id=\"d90a744\" data-element_type=\"container\" data-settings=\"{&quot;background_background&quot;:&quot;classic&quot;}\">\n\t\t\t\t\t<div class=\"e-con-inner\">\n\t\t<div class=\"elementor-element elementor-element-f6f7946 e-con-full animated-fast e-flex elementor-invisible e-con e-child\" data-id=\"f6f7946\" data-element_type=\"container\" data-settings=\"{&quot;animation&quot;:&quot;fadeIn&quot;,&quot;animation_delay&quot;:500}\">\n\t\t\t\t<div class=\"elementor-element elementor-element-a7a7ab1 elementor-widget elementor-widget-html\" data-id=\"a7a7ab1\" data-element_type=\"widget\" data-widget_type=\"html.default\">\n\t\t\t\t<div class=\"elementor-widget-container\">\n\t\t\t\t\t<div class=\"bg-blue-50 rounded-2xl p-8 md:p-12\">\r\n                <h3 class=\"text-3xl font-bold text-gray-900 mb-8 text-center\">Warum dieses Grundst\u00fcck?<\/h3>\r\n                <div class=\"grid grid-cols-1 md:grid-cols-2 gap-8\">\r\n                    <div class=\"space-y-6\">\r\n                        <div class=\"flex items-start space-x-4\">\r\n                            <div class=\"flex-shrink-0 w-3 h-3 bg-blue-500 rounded-full mt-2\"><\/div>\r\n                            <div>\r\n                                <h4 class=\"font-semibold text-gray-900 mb-2\">G\u00fcltige Baugenehmigung f\u00fcr 3.000 m\u00b2<\/h4>\r\n                                <p class=\"text-gray-700\">Alle Genehmigungen gesichert - monatelanger b\u00fcrokratischer Aufwand entf\u00e4llt<\/p>\r\n                            <\/div>\r\n                        <\/div>\r\n                        \r\n                        <div class=\"flex items-start space-x-4\">\r\n                            <div class=\"flex-shrink-0 w-3 h-3 bg-blue-500 rounded-full mt-2\"><\/div>\r\n                            <div>\r\n                                <h4 class=\"font-semibold text-gray-900 mb-2\">Sofortiger Baubeginn m\u00f6glich<\/h4>\r\n                                <p class=\"text-gray-700\">Baubeginn, sobald die Finanzierung gesichert ist<\/p>\r\n                            <\/div>\r\n                        <\/div>\r\n                        \r\n                        <div class=\"flex items-start space-x-4\">\r\n                            <div class=\"flex-shrink-0 w-3 h-3 bg-blue-500 rounded-full mt-2\"><\/div>\r\n                            <div>\r\n                                <h4 class=\"font-semibold text-gray-900 mb-2\">Flexibler Entwurf innerhalb genehmigter Parameter<\/h4>\r\n                                <p class=\"text-gray-700\">Anpassen des Layouts an Ihre spezifischen Gesch\u00e4ftsanforderungen<\/p>\r\n                            <\/div>\r\n                        <\/div>\r\n                    <\/div>\r\n                    \r\n                    <div class=\"space-y-6\">\r\n                        <div class=\"flex items-start space-x-4\">\r\n                            <div class=\"flex-shrink-0 w-3 h-3 bg-blue-500 rounded-full mt-2\"><\/div>\r\n                            <div>\r\n                                <h4 class=\"font-semibold text-gray-900 mb-2\">Erstklassige Lage des D1 Park Senec<\/h4>\r\n                                <p class=\"text-gray-700\">Strategische Lage in der f\u00fchrenden Industriezone der Slowakei<\/p>\r\n                            <\/div>\r\n                        <\/div>\r\n                        \r\n                        <div class=\"flex items-start space-x-4\">\r\n                            <div class=\"flex-shrink-0 w-3 h-3 bg-blue-500 rounded-full mt-2\"><\/div>\r\n                            <div>\r\n                                <h4 class=\"font-semibold text-gray-900 mb-2\">Vollst\u00e4ndiger Zugang zur Infrastruktur<\/h4>\r\n                                <p class=\"text-gray-700\">Alle Versorgungseinrichtungen und Anschl\u00fcsse sind leicht zug\u00e4nglich<\/p>\r\n                            <\/div>\r\n                        <\/div>\r\n                        \r\n                        <div class=\"flex items-start space-x-4\">\r\n                            <div class=\"flex-shrink-0 w-3 h-3 bg-blue-500 rounded-full mt-2\"><\/div>\r\n                            <div>\r\n                                <h4 class=\"font-semibold text-gray-900 mb-2\">Erhebliche Zeit- und Kosteneinsparungen<\/h4>\r\n                                <p class=\"text-gray-700\">Vermeidung von Genehmigungsverz\u00f6gerungen und damit verbundenen Kosten<\/p>\r\n                            <\/div>\r\n                        <\/div>\r\n                    <\/div>\r\n                <\/div>\r\n            <\/div>\t\t\t\t<\/div>\n\t\t\t\t<\/div>\n\t\t\t\t<div class=\"elementor-element elementor-element-9ad9d0c elementor-widget elementor-widget-heading\" data-id=\"9ad9d0c\" data-element_type=\"widget\" data-widget_type=\"heading.default\">\n\t\t\t\t<div class=\"elementor-widget-container\">\n\t\t\t\t\t<h3 class=\"elementor-heading-title elementor-size-default\">Warten Sie nicht auf Genehmigungen. Beginnen Sie jetzt mit der Entwicklung Ihrer Vision.<\/h3>\t\t\t\t<\/div>\n\t\t\t\t<\/div>\n\t\t\t\t<div class=\"elementor-element elementor-element-1052d28 elementor-widget elementor-widget-html\" data-id=\"1052d28\" data-element_type=\"widget\" data-widget_type=\"html.default\">\n\t\t\t\t<div class=\"elementor-widget-container\">\n\t\t\t\t\t\r\n<div class=\"flex flex-wrap justify-center\">\r\n    <a href=\"#contact\" class=\"w-full sm:w-auto\">\r\n        <button class=\"button-default w-full sm:w-auto text-wrap\" data-topic=\"property-d-senec\">\r\n  Wenden Sie sich noch heute an uns, um Einzelheiten zu Genehmigungen, Baupl\u00e4nen und Konstruktionen zu erfahren.\r\n        <\/button>\r\n    <\/a>\r\n<\/div>\t\t\t\t<\/div>\n\t\t\t\t<\/div>\n\t\t\t\t<\/div>\n\t\t\t\t\t<\/div>\n\t\t\t\t<\/div>\n\t\t<div class=\"elementor-element elementor-element-3619c5a e-con-full e-flex e-con e-parent\" data-id=\"3619c5a\" data-element_type=\"container\">\n\t\t\t\t<div class=\"elementor-element elementor-element-35cb62e elementor-widget elementor-widget-html\" data-id=\"35cb62e\" data-element_type=\"widget\" data-widget_type=\"html.default\">\n\t\t\t\t<div class=\"elementor-widget-container\">\n\t\t\t\t\t<!-- Contact CTA -->\r\n    <section class=\"py-20 bg-ipec-blue\">\r\n        <div class=\"container mx-auto px-6 text-center mb-20\">\r\n            <h2 class=\"text-4xl font-bold text-white mb-6\">Sind Sie bereit, Ihren strategischen Standort zu sichern?<\/h2>\r\n            <p class=\"text-xl text-blue-200 mb-8 max-w-4xl mx-auto\">\r\n  Schlie\u00dfen Sie sich den \u00fcber 70 internationalen Unternehmen an, die D1 Park f\u00fcr ihre mitteleurop\u00e4ischen Niederlassungen gew\u00e4hlt haben.\r\n            <\/p>\r\n            <div class=\"flex flex-wrap gap-4 justify-center\">\r\n                <a href=\"#contact\">\r\n                    <button class=\"button-success\" data-topic=\"schedule-visit\">\r\n  Planen Sie noch heute einen Besuch\r\n                    <\/button>\r\n                <\/a>\r\n            <\/div>\r\n        <\/div>\r\n        \r\n        <div class=\"container mx-auto px-6\">\r\n            <div class=\"grid lg:grid-cols-2 gap-8 max-w-4xl mx-auto\">\r\n                \r\n                <!-- D1 Park Link -->\r\n                <a href=\"https:\/\/ipec2025.ipec-group.com\/de\/d1-park\/\" class=\"bg-white rounded-2xl !shadow-lg hover:shadow-xl transition-all duration-300 overflow-hidden group\">\r\n                    <div class=\"aspect-video bg-gradient-to-br from-green-500 to-blue-600 flex items-center justify-center\">\r\n                        <div class=\"text-center text-white\">\r\n                            <i class=\"fas fa-industry text-4xl mb-4\"><\/i>\r\n                            <h3 class=\"text-2xl font-bold\">D1 Park erkunden<\/h3>\r\n                        <\/div>\r\n                    <\/div>\r\n                    <div class=\"p-6\">\r\n                        <h4 class=\"text-xl font-bold text-gray-800 mb-2\">Erfahren Sie mehr \u00fcber D1 Park<\/h4>\r\n                        <p class=\"text-gray-600 mb-4\">Entdecken Sie die ganze Bandbreite von Mitteleuropas wichtigstem Logistikzentrum<\/p>\r\n                        <div class=\"flex items-center text-ipec-blue font-semibold group-hover:text-blue-800 transition-colors\">\r\n                            <span>Mehr lesen<\/span>\r\n                            <i class=\"fas fa-arrow-right ml-2 transform group-hover:translate-x-1 transition-transform\"><\/i>\r\n                        <\/div>\r\n                    <\/div>\r\n                <\/a>\r\n\r\n                <!-- IPEC Group Link -->\r\n                <a href=\"https:\/\/ipec2025.ipec-group.com\/de\/\" class=\"bg-white rounded-2xl !shadow-lg hover:shadow-xl transition-all duration-300 overflow-hidden group\">\r\n                    <div class=\"aspect-video bg-gradient-to-br from-green-500 to-blue-600 flex items-center justify-center\">\r\n                        <div class=\"text-center text-white\">\r\n                            <i class=\"fas fa-building text-4xl mb-4\"><\/i>\r\n                            <h3 class=\"text-2xl font-bold\">\u00dcber die IPEC-Gruppe<\/h3>\r\n                        <\/div>\r\n                    <\/div>\r\n                    <div class=\"p-6\">\r\n                        <h4 class=\"text-xl font-bold text-gray-800 mb-2\">Treffen Sie Ihren Entwicklungspartner<\/h4>\r\n                        <p class=\"text-gray-600 mb-4\">Mehr als 30 Jahre Erfahrung in der mitteleurop\u00e4ischen Immobilienbranche<\/p>\r\n                        <div class=\"flex items-center text-ipec-blue font-semibold group-hover:text-blue-800 transition-colors\">\r\n                            <span>Erfahren Sie mehr \u00fcber uns<\/span>\r\n                            <i class=\"fas fa-arrow-right ml-2 transform group-hover:translate-x-1 transition-transform\"><\/i>\r\n                        <\/div>\r\n                    <\/div>\r\n                <\/a>\r\n\r\n            <\/div>\r\n        <\/div>\r\n    <\/section>\t\t\t\t<\/div>\n\t\t\t\t<\/div>\n\t\t\t\t<\/div>\n\t\t\t\t<\/div>\n\t\t","protected":false},"excerpt":{"rendered":"<p>Entwicklung bereit 3.000 m\u00b2 Halle | Fast-Track Development Opportunity. \u00dcberspringen Sie die Genehmigungen. Beginnen Sie sofort mit dem Bau. \u20ac 1.500.000 Grundst\u00fcck D, Senec Diese au\u00dfergew\u00f6hnliche Gelegenheit bietet eine g\u00fcltige Baugenehmigung f\u00fcr eine 3.000 m\u00b2 gro\u00dfe Halle in bester Lage von D1 Park Senec. Wenn alle Genehmigungen vorliegen, k\u00f6nnen Sie das langwierige Genehmigungsverfahren umgehen und [&hellip;]<\/p>\n","protected":false},"author":1,"featured_media":0,"parent":8599,"menu_order":0,"comment_status":"closed","ping_status":"closed","template":"","meta":{"footnotes":""},"class_list":["post-8580","page","type-page","status-publish","hentry"],"yoast_head":"<!-- This site is optimized with the Yoast SEO plugin v25.3 - https:\/\/yoast.com\/wordpress\/plugins\/seo\/ -->\n<title>Grundst\u00fcck D, Senec - IPEC-Group<\/title>\n<meta name=\"robots\" content=\"index, follow, max-snippet:-1, max-image-preview:large, max-video-preview:-1\" \/>\n<link rel=\"canonical\" href=\"https:\/\/ipec2025.ipec-group.com\/de\/d1-park\/property-d-senec\/\" \/>\n<meta property=\"og:locale\" content=\"de_DE\" \/>\n<meta property=\"og:type\" content=\"article\" \/>\n<meta property=\"og:title\" content=\"Grundst\u00fcck D, Senec - IPEC-Group\" \/>\n<meta property=\"og:description\" content=\"Entwicklung bereit 3.000 m\u00b2 Halle | Fast-Track Development Opportunity. \u00dcberspringen Sie die Genehmigungen. Beginnen Sie sofort mit dem Bau. \u20ac 1.500.000 Grundst\u00fcck D, Senec Diese au\u00dfergew\u00f6hnliche Gelegenheit bietet eine g\u00fcltige Baugenehmigung f\u00fcr eine 3.000 m\u00b2 gro\u00dfe Halle in bester Lage von D1 Park Senec. Wenn alle Genehmigungen vorliegen, k\u00f6nnen Sie das langwierige Genehmigungsverfahren umgehen und [&hellip;]\" \/>\n<meta property=\"og:url\" content=\"https:\/\/ipec2025.ipec-group.com\/de\/d1-park\/property-d-senec\/\" \/>\n<meta property=\"og:site_name\" content=\"IPEC-Group\" \/>\n<meta property=\"article:modified_time\" content=\"2025-08-15T10:54:04+00:00\" \/>\n<meta name=\"twitter:card\" content=\"summary_large_image\" \/>\n<meta name=\"twitter:label1\" content=\"Gesch\u00e4tzte Lesezeit\" \/>\n\t<meta name=\"twitter:data1\" content=\"2\u00a0Minuten\" \/>\n<script type=\"application\/ld+json\" class=\"yoast-schema-graph\">{\"@context\":\"https:\/\/schema.org\",\"@graph\":[{\"@type\":\"WebPage\",\"@id\":\"https:\/\/ipec2025.ipec-group.com\/de\/d1-park\/property-d-senec\/\",\"url\":\"https:\/\/ipec2025.ipec-group.com\/de\/d1-park\/property-d-senec\/\",\"name\":\"Grundst\u00fcck D, Senec - IPEC-Group\",\"isPartOf\":{\"@id\":\"https:\/\/ipec2025.ipec-group.com\/de\/#website\"},\"datePublished\":\"2025-08-13T08:22:31+00:00\",\"dateModified\":\"2025-08-15T10:54:04+00:00\",\"breadcrumb\":{\"@id\":\"https:\/\/ipec2025.ipec-group.com\/de\/d1-park\/property-d-senec\/#breadcrumb\"},\"inLanguage\":\"de\",\"potentialAction\":[{\"@type\":\"ReadAction\",\"target\":[\"https:\/\/ipec2025.ipec-group.com\/de\/d1-park\/property-d-senec\/\"]}]},{\"@type\":\"BreadcrumbList\",\"@id\":\"https:\/\/ipec2025.ipec-group.com\/de\/d1-park\/property-d-senec\/#breadcrumb\",\"itemListElement\":[{\"@type\":\"ListItem\",\"position\":1,\"name\":\"Startseite\",\"item\":\"https:\/\/ipec2025.ipec-group.com\/de\/\"},{\"@type\":\"ListItem\",\"position\":2,\"name\":\"D1 Park\",\"item\":\"https:\/\/ipec2025.ipec-group.com\/de\/d1-park\/\"},{\"@type\":\"ListItem\",\"position\":3,\"name\":\"Grundst\u00fcck D, Senec\"}]},{\"@type\":\"WebSite\",\"@id\":\"https:\/\/ipec2025.ipec-group.com\/de\/#website\",\"url\":\"https:\/\/ipec2025.ipec-group.com\/de\/\",\"name\":\"IPEC-Group\",\"description\":\"\",\"potentialAction\":[{\"@type\":\"SearchAction\",\"target\":{\"@type\":\"EntryPoint\",\"urlTemplate\":\"https:\/\/ipec2025.ipec-group.com\/de\/?s={search_term_string}\"},\"query-input\":{\"@type\":\"PropertyValueSpecification\",\"valueRequired\":true,\"valueName\":\"search_term_string\"}}],\"inLanguage\":\"de\"}]}<\/script>\n<!-- \/ Yoast SEO plugin. -->","yoast_head_json":{"title":"Grundst\u00fcck D, Senec - IPEC-Group","robots":{"index":"index","follow":"follow","max-snippet":"max-snippet:-1","max-image-preview":"max-image-preview:large","max-video-preview":"max-video-preview:-1"},"canonical":"https:\/\/ipec2025.ipec-group.com\/de\/d1-park\/property-d-senec\/","og_locale":"de_DE","og_type":"article","og_title":"Grundst\u00fcck D, Senec - IPEC-Group","og_description":"Entwicklung bereit 3.000 m\u00b2 Halle | Fast-Track Development Opportunity. \u00dcberspringen Sie die Genehmigungen. Beginnen Sie sofort mit dem Bau. \u20ac 1.500.000 Grundst\u00fcck D, Senec Diese au\u00dfergew\u00f6hnliche Gelegenheit bietet eine g\u00fcltige Baugenehmigung f\u00fcr eine 3.000 m\u00b2 gro\u00dfe Halle in bester Lage von D1 Park Senec. Wenn alle Genehmigungen vorliegen, k\u00f6nnen Sie das langwierige Genehmigungsverfahren umgehen und [&hellip;]","og_url":"https:\/\/ipec2025.ipec-group.com\/de\/d1-park\/property-d-senec\/","og_site_name":"IPEC-Group","article_modified_time":"2025-08-15T10:54:04+00:00","twitter_card":"summary_large_image","twitter_misc":{"Gesch\u00e4tzte Lesezeit":"2\u00a0Minuten"},"schema":{"@context":"https:\/\/schema.org","@graph":[{"@type":"WebPage","@id":"https:\/\/ipec2025.ipec-group.com\/de\/d1-park\/property-d-senec\/","url":"https:\/\/ipec2025.ipec-group.com\/de\/d1-park\/property-d-senec\/","name":"Grundst\u00fcck D, Senec - IPEC-Group","isPartOf":{"@id":"https:\/\/ipec2025.ipec-group.com\/de\/#website"},"datePublished":"2025-08-13T08:22:31+00:00","dateModified":"2025-08-15T10:54:04+00:00","breadcrumb":{"@id":"https:\/\/ipec2025.ipec-group.com\/de\/d1-park\/property-d-senec\/#breadcrumb"},"inLanguage":"de","potentialAction":[{"@type":"ReadAction","target":["https:\/\/ipec2025.ipec-group.com\/de\/d1-park\/property-d-senec\/"]}]},{"@type":"BreadcrumbList","@id":"https:\/\/ipec2025.ipec-group.com\/de\/d1-park\/property-d-senec\/#breadcrumb","itemListElement":[{"@type":"ListItem","position":1,"name":"Startseite","item":"https:\/\/ipec2025.ipec-group.com\/de\/"},{"@type":"ListItem","position":2,"name":"D1 Park","item":"https:\/\/ipec2025.ipec-group.com\/de\/d1-park\/"},{"@type":"ListItem","position":3,"name":"Grundst\u00fcck D, Senec"}]},{"@type":"WebSite","@id":"https:\/\/ipec2025.ipec-group.com\/de\/#website","url":"https:\/\/ipec2025.ipec-group.com\/de\/","name":"IPEC-Group","description":"","potentialAction":[{"@type":"SearchAction","target":{"@type":"EntryPoint","urlTemplate":"https:\/\/ipec2025.ipec-group.com\/de\/?s={search_term_string}"},"query-input":{"@type":"PropertyValueSpecification","valueRequired":true,"valueName":"search_term_string"}}],"inLanguage":"de"}]}},"_links":{"self":[{"href":"https:\/\/ipec2025.ipec-group.com\/de\/wp-json\/wp\/v2\/pages\/8580","targetHints":{"allow":["GET"]}}],"collection":[{"href":"https:\/\/ipec2025.ipec-group.com\/de\/wp-json\/wp\/v2\/pages"}],"about":[{"href":"https:\/\/ipec2025.ipec-group.com\/de\/wp-json\/wp\/v2\/types\/page"}],"author":[{"embeddable":true,"href":"https:\/\/ipec2025.ipec-group.com\/de\/wp-json\/wp\/v2\/users\/1"}],"replies":[{"embeddable":true,"href":"https:\/\/ipec2025.ipec-group.com\/de\/wp-json\/wp\/v2\/comments?post=8580"}],"version-history":[{"count":3,"href":"https:\/\/ipec2025.ipec-group.com\/de\/wp-json\/wp\/v2\/pages\/8580\/revisions"}],"predecessor-version":[{"id":8666,"href":"https:\/\/ipec2025.ipec-group.com\/de\/wp-json\/wp\/v2\/pages\/8580\/revisions\/8666"}],"up":[{"embeddable":true,"href":"https:\/\/ipec2025.ipec-group.com\/de\/wp-json\/wp\/v2\/pages\/8599"}],"wp:attachment":[{"href":"https:\/\/ipec2025.ipec-group.com\/de\/wp-json\/wp\/v2\/media?parent=8580"}],"curies":[{"name":"wp","href":"https:\/\/api.w.org\/{rel}","templated":true}]}}