{"id":8451,"date":"2025-06-05T12:43:26","date_gmt":"2025-06-05T10:43:26","guid":{"rendered":"https:\/\/ipec2025.ipec-group.com\/oeffentlich-rechtlicher-wert\/"},"modified":"2025-08-13T20:16:54","modified_gmt":"2025-08-13T18:16:54","slug":"public-value","status":"publish","type":"page","link":"https:\/\/ipec2025.ipec-group.com\/de\/public-value\/","title":{"rendered":"Public-Value Projekte"},"content":{"rendered":"\t\t<div data-elementor-type=\"wp-page\" data-elementor-id=\"8451\" class=\"elementor elementor-8451 elementor-7235\" data-elementor-post-type=\"page\">\n\t\t\t\t<div class=\"elementor-element elementor-element-5338a8c1 e-flex e-con-boxed e-con e-parent\" data-id=\"5338a8c1\" data-element_type=\"container\" data-settings=\"{&quot;background_background&quot;:&quot;classic&quot;}\">\n\t\t\t\t\t<div class=\"e-con-inner\">\n\t\t<div class=\"elementor-element elementor-element-4c78effd e-con-full e-flex e-con e-child\" data-id=\"4c78effd\" data-element_type=\"container\">\n\t\t\t\t<div class=\"elementor-element elementor-element-6b9b7166 elementor-widget elementor-widget-heading\" data-id=\"6b9b7166\" data-element_type=\"widget\" data-widget_type=\"heading.default\">\n\t\t\t\t<div class=\"elementor-widget-container\">\n\t\t\t\t\t<h2 class=\"elementor-heading-title elementor-size-default\">Public-Value Projekte<\/h2>\t\t\t\t<\/div>\n\t\t\t\t<\/div>\n\t\t\t\t<div class=\"elementor-element elementor-element-1b7f5316 elementor-widget elementor-widget-heading\" data-id=\"1b7f5316\" data-element_type=\"widget\" data-widget_type=\"heading.default\">\n\t\t\t\t<div class=\"elementor-widget-container\">\n\t\t\t\t\t<h5 class=\"elementor-heading-title elementor-size-default\">Soziale Verantwortung durch Public-Value-Projekte<\/h5>\t\t\t\t<\/div>\n\t\t\t\t<\/div>\n\t\t\t\t<\/div>\n\t\t<div class=\"elementor-element elementor-element-e52a397 e-con-full e-flex e-con e-child\" data-id=\"e52a397\" data-element_type=\"container\">\n\t\t\t\t<div class=\"elementor-element elementor-element-772964c elementor-widget elementor-widget-text-editor\" data-id=\"772964c\" data-element_type=\"widget\" data-widget_type=\"text-editor.default\">\n\t\t\t\t<div class=\"elementor-widget-container\">\n\t\t\t\t\t\t\t\t\t<p>Bei der IPEC GROUP sind wir uns bewusst, dass nachhaltiger Erfolg mit sozialer Verantwortung Hand in Hand geht. Unsere Public-Value-Projekte sind ein zentraler Bestandteil unserer Unternehmensphilosophie und zielen darauf ab, einen positiven Beitrag f\u00fcr die Gemeinden zu leisten, in denen wir t\u00e4tig sind.<\/p>\t\t\t\t\t\t\t\t<\/div>\n\t\t\t\t<\/div>\n\t\t\t\t<\/div>\n\t\t\t\t<div class=\"elementor-element elementor-element-da9641c animated-fast elementor-invisible elementor-widget elementor-widget-html\" data-id=\"da9641c\" data-element_type=\"widget\" data-settings=\"{&quot;_animation&quot;:&quot;fadeIn&quot;,&quot;_animation_delay&quot;:300}\" data-widget_type=\"html.default\">\n\t\t\t\t<div class=\"elementor-widget-container\">\n\t\t\t\t\t<!-- Current Initiatives -->\r\n<div class=\"mb-16\">\r\n    <div class=\"bg-white rounded-2xl shadow-xl p-8 lg:p-12 mb-8\">\r\n        <h3 class=\"text-2xl lg:text-3xl font-bold text-gray-800 mb-8 flex items-center justify-center\">\r\n            <!--\r\n            <div class=\"w-12 h-12 bg-gradient-to-r from-green-500 to-green-600 rounded-full flex items-center justify-center mr-4\">\r\n                <i class=\"fas fa-seedling text-white text-xl\"><\/i>\r\n            <\/div>-->\r\n  Aktuelle Initiativen\r\n        <\/h3>\r\n\r\n        <!-- Environmental Protection -->\r\n        <div class=\"mb-10\">\r\n            <h4 class=\"text-xl font-bold text-gray-700 mb-6 flex items-center\">\r\n                <i class=\"fas fa-leaf text-green-500 mr-3\"><\/i>\r\n  Umweltschutz und Nachhaltigkeit\r\n            <\/h4>\r\n            <div class=\"space-y-4\">\r\n                <div class=\"flex items-center space-x-4 p-4 bg-green-50 rounded-lg hover:bg-green-100 transition-colors duration-300\">\r\n                    <div class=\"w-6 h-6 bg-green-500 rounded-full flex items-center justify-center flex-shrink-0\">\r\n                        <i class=\"fas fa-check text-white text-xs\"><\/i>\r\n                    <\/div>\r\n                    <p class=\"text-gray-700 leading-relaxed\">Integration von Gr\u00fcnfl\u00e4chen und Parks in unsere Entwicklungsprojekte<\/p>\r\n                <\/div>\r\n                <div class=\"flex items-center space-x-4 p-4 bg-green-50 rounded-lg hover:bg-green-100 transition-colors duration-300\">\r\n                    <div class=\"w-6 h-6 bg-green-500 rounded-full flex items-center justify-center flex-shrink-0\">\r\n                        <i class=\"fas fa-check text-white text-xs\"><\/i>\r\n                    <\/div>\r\n                    <p class=\"text-gray-700 leading-relaxed\">Einf\u00fchrung energieeffizienter Technologien in allen neuen Geb\u00e4uden<\/p>\r\n                <\/div>\r\n                <div class=\"flex items-center space-x-4 p-4 bg-green-50 rounded-lg hover:bg-green-100 transition-colors duration-300\">\r\n                    <div class=\"w-6 h-6 bg-green-500 rounded-full flex items-center justify-center flex-shrink-0\">\r\n                        <i class=\"fas fa-check text-white text-xs\"><\/i>\r\n                    <\/div>\r\n                    <p class=\"text-gray-700 leading-relaxed\">F\u00f6rderung nachhaltiger Bauweisen<\/p>\r\n                <\/div>\r\n            <\/div>\r\n        <\/div>\r\n\r\n        <!-- Local Economic Development -->\r\n        <div class=\"mb-10\">\r\n            <h4 class=\"text-xl font-bold text-gray-700 mb-6 flex items-center\">\r\n                <i class=\"fas fa-chart-line text-blue-500 mr-3\"><\/i>\r\n  Lokale wirtschaftliche Entwicklung\r\n            <\/h4>\r\n            <div class=\"space-y-4\">\r\n                <div class=\"flex items-center space-x-4 p-4 bg-blue-50 rounded-lg hover:bg-blue-100 transition-colors duration-300\">\r\n                    <div class=\"w-6 h-6 bg-blue-500 rounded-full flex items-center justify-center flex-shrink-0\">\r\n                        <i class=\"fas fa-check text-white text-xs\"><\/i>\r\n                    <\/div>\r\n                    <p class=\"text-gray-700 leading-relaxed\">Unterst\u00fctzung f\u00fcr lokale Unternehmen durch bevorzugte Partnerschaften<\/p>\r\n                <\/div>\r\n                <div class=\"flex items-center space-x-4 p-4 bg-blue-50 rounded-lg hover:bg-blue-100 transition-colors duration-300\">\r\n                    <div class=\"w-6 h-6 bg-blue-500 rounded-full flex items-center justify-center flex-shrink-0\">\r\n                        <i class=\"fas fa-check text-white text-xs\"><\/i>\r\n                    <\/div>\r\n                    <p class=\"text-gray-700 leading-relaxed\">Schaffung von Arbeitspl\u00e4tzen in strukturschwachen Regionen<\/p>\r\n                <\/div>\r\n            <\/div>\r\n        <\/div>\r\n\r\n        <!-- Social Initiatives -->\r\n        <div>\r\n            <h4 class=\"text-xl font-bold text-gray-700 mb-6 flex items-center\">\r\n                <i class=\"fas fa-heart text-purple-500 mr-3\"><\/i>\r\n  Soziale Initiativen\r\n            <\/h4>\r\n            <div class=\"space-y-4\">\r\n                <div class=\"flex items-center space-x-4 p-4 bg-purple-50 rounded-lg hover:bg-purple-100 transition-colors duration-300\">\r\n                    <div class=\"w-6 h-6 bg-purple-500 rounded-full flex items-center justify-center flex-shrink-0\">\r\n                        <i class=\"fas fa-check text-white text-xs\"><\/i>\r\n                    <\/div>\r\n                    <p class=\"text-gray-700 leading-relaxed\">Laufende Unterst\u00fctzung f\u00fcr gemeinn\u00fctzige Organisationen in den Projektregionen<\/p>\r\n                <\/div>\r\n                <div class=\"flex items-center space-x-4 p-4 bg-purple-50 rounded-lg hover:bg-purple-100 transition-colors duration-300\">\r\n                    <div class=\"w-6 h-6 bg-purple-500 rounded-full flex items-center justify-center flex-shrink-0\">\r\n                        <i class=\"fas fa-star text-white text-xs\"><\/i>\r\n                    <\/div>\r\n                    <div class=\"text-gray-700 leading-relaxed\">\r\n                        <span class=\"font-semibold\">Zogrod Festival<\/span> - initiiert und finanziert von IPEC, jetzt unabh\u00e4ngig von den Anwohnern auf einem IPEC-eigenen Grundst\u00fcck mit einem kleinen Amphitheater fortgef\u00fchrt.\r\n                    <\/div>\r\n                <\/div>\r\n            <\/div>\r\n        <\/div>\r\n    <\/div>\r\n<\/div>\r\n\r\n<!-- Past Initiatives -->\r\n<div class=\"mb-16\">\r\n    <div class=\"bg-white rounded-2xl shadow-xl p-8 lg:p-12\">\r\n        <h3 class=\"text-2xl lg:text-3xl font-bold text-gray-800 mb-8 flex items-center justify-center\">\r\n            <!--\r\n            <div class=\"w-12 h-12 bg-gradient-to-r from-orange-500 to-red-500 rounded-full flex items-center justify-center mr-4\">\r\n                <i class=\"fas fa-history text-white text-xl\"><\/i>\r\n            <\/div>-->\r\n  Fr\u00fchere Initiativen\r\n        <\/h3>\r\n\r\n        <div class=\"space-y-6\">\r\n            <div class=\"flex items-center space-x-4 p-6 bg-orange-50 rounded-lg hover:bg-orange-100 transition-colors duration-300\">\r\n                <div class=\"w-8 h-8 bg-orange-500 rounded-full flex items-center justify-center flex-shrink-0\">\r\n                    <i class=\"fas fa-landmark text-white text-sm\"><\/i>\r\n                <\/div>\r\n                <p class=\"text-gray-700 leading-relaxed text-lg\">Restaurierung von historischen Geb\u00e4uden<\/p>\r\n            <\/div>\r\n            <div class=\"flex items-center space-x-4 p-6 bg-orange-50 rounded-lg hover:bg-orange-100 transition-colors duration-300\">\r\n                <div class=\"w-8 h-8 bg-orange-500 rounded-full flex items-center justify-center flex-shrink-0\">\r\n                    <i class=\"fas fa-music text-white text-sm\"><\/i>\r\n                <\/div>\r\n                <div class=\"text-gray-700 leading-relaxed text-lg\">\r\n                    <span class=\"font-semibold\">Gypsy Night<\/span> - F\u00f6rderung des kulturellen Ausdrucks und der Sichtbarkeit der Sinti- und Roma-Gemeinschaften\r\n                <\/div>\r\n            <\/div>\r\n        <\/div>\r\n    <\/div>\r\n<\/div>\r\n\r\n<!-- Mission Statement -->\r\n<div class=\"bg-gradient-to-r from-blue-600 to-purple-600 rounded-2xl shadow-2xl p-8 lg:p-12 text-center text-white\">\r\n    <div class=\"max-w-4xl mx-auto\">\r\n        <div class=\"w-16 h-16 bg-white\/20 rounded-full flex items-center justify-center mx-auto mb-6\">\r\n            <i class=\"fas fa-globe-europe text-3xl\"><\/i>\r\n        <\/div>\r\n        <h3 class=\"text-2xl lg:text-3xl font-bold mb-6\">Unser Auftrag<\/h3>\r\n        <p class=\"text-xl lg:text-2xl leading-relaxed font-light\">\r\n  Mit unseren Public-Value-Projekten wollen wir nicht nur wirtschaftlichen Wert schaffen, sondern auch einen \r\n <span class=\"font-semibold\">nachhaltigen Beitrag zur sozialen und \u00f6kologischen Entwicklung leisten.<\/span>\r\n        <\/p>\r\n    <\/div>\r\n<\/div>\t\t\t\t<\/div>\n\t\t\t\t<\/div>\n\t\t\t\t\t<\/div>\n\t\t\t\t<\/div>\n\t\t\t\t<\/div>\n\t\t","protected":false},"excerpt":{"rendered":"<p>Public-Value Projekte Soziale Verantwortung durch Public-Value-Projekte Bei der IPEC GROUP sind wir uns bewusst, dass nachhaltiger Erfolg mit sozialer Verantwortung Hand in Hand geht. Unsere Public-Value-Projekte sind ein zentraler Bestandteil unserer Unternehmensphilosophie und zielen darauf ab, einen positiven Beitrag f\u00fcr die Gemeinden zu leisten, in denen wir t\u00e4tig sind. Aktuelle Initiativen Umweltschutz und Nachhaltigkeit Integration [&hellip;]<\/p>\n","protected":false},"author":1,"featured_media":0,"parent":0,"menu_order":0,"comment_status":"closed","ping_status":"closed","template":"","meta":{"footnotes":""},"class_list":["post-8451","page","type-page","status-publish","hentry"],"yoast_head":"<!-- This site is optimized with the Yoast SEO plugin v25.3 - https:\/\/yoast.com\/wordpress\/plugins\/seo\/ -->\n<title>Public-Value Projekte - IPEC-Group<\/title>\n<meta name=\"robots\" content=\"index, follow, max-snippet:-1, max-image-preview:large, max-video-preview:-1\" \/>\n<link rel=\"canonical\" href=\"https:\/\/ipec2025.ipec-group.com\/de\/public-value\/\" \/>\n<meta property=\"og:locale\" content=\"de_DE\" \/>\n<meta property=\"og:type\" content=\"article\" \/>\n<meta property=\"og:title\" content=\"Public-Value Projekte - IPEC-Group\" \/>\n<meta property=\"og:description\" content=\"Public-Value Projekte Soziale Verantwortung durch Public-Value-Projekte Bei der IPEC GROUP sind wir uns bewusst, dass nachhaltiger Erfolg mit sozialer Verantwortung Hand in Hand geht. Unsere Public-Value-Projekte sind ein zentraler Bestandteil unserer Unternehmensphilosophie und zielen darauf ab, einen positiven Beitrag f\u00fcr die Gemeinden zu leisten, in denen wir t\u00e4tig sind. Aktuelle Initiativen Umweltschutz und Nachhaltigkeit Integration [&hellip;]\" \/>\n<meta property=\"og:url\" content=\"https:\/\/ipec2025.ipec-group.com\/de\/public-value\/\" \/>\n<meta property=\"og:site_name\" content=\"IPEC-Group\" \/>\n<meta property=\"article:modified_time\" content=\"2025-08-13T18:16:54+00:00\" \/>\n<meta name=\"twitter:card\" content=\"summary_large_image\" \/>\n<meta name=\"twitter:label1\" content=\"Gesch\u00e4tzte Lesezeit\" \/>\n\t<meta name=\"twitter:data1\" content=\"1\u00a0Minute\" \/>\n<script type=\"application\/ld+json\" class=\"yoast-schema-graph\">{\"@context\":\"https:\/\/schema.org\",\"@graph\":[{\"@type\":\"WebPage\",\"@id\":\"https:\/\/ipec2025.ipec-group.com\/de\/public-value\/\",\"url\":\"https:\/\/ipec2025.ipec-group.com\/de\/public-value\/\",\"name\":\"Public-Value Projekte - IPEC-Group\",\"isPartOf\":{\"@id\":\"https:\/\/ipec2025.ipec-group.com\/de\/#website\"},\"datePublished\":\"2025-06-05T10:43:26+00:00\",\"dateModified\":\"2025-08-13T18:16:54+00:00\",\"breadcrumb\":{\"@id\":\"https:\/\/ipec2025.ipec-group.com\/de\/public-value\/#breadcrumb\"},\"inLanguage\":\"de\",\"potentialAction\":[{\"@type\":\"ReadAction\",\"target\":[\"https:\/\/ipec2025.ipec-group.com\/de\/public-value\/\"]}]},{\"@type\":\"BreadcrumbList\",\"@id\":\"https:\/\/ipec2025.ipec-group.com\/de\/public-value\/#breadcrumb\",\"itemListElement\":[{\"@type\":\"ListItem\",\"position\":1,\"name\":\"Startseite\",\"item\":\"https:\/\/ipec2025.ipec-group.com\/de\/\"},{\"@type\":\"ListItem\",\"position\":2,\"name\":\"Public-Value Projekte\"}]},{\"@type\":\"WebSite\",\"@id\":\"https:\/\/ipec2025.ipec-group.com\/de\/#website\",\"url\":\"https:\/\/ipec2025.ipec-group.com\/de\/\",\"name\":\"IPEC-Group\",\"description\":\"\",\"potentialAction\":[{\"@type\":\"SearchAction\",\"target\":{\"@type\":\"EntryPoint\",\"urlTemplate\":\"https:\/\/ipec2025.ipec-group.com\/de\/?s={search_term_string}\"},\"query-input\":{\"@type\":\"PropertyValueSpecification\",\"valueRequired\":true,\"valueName\":\"search_term_string\"}}],\"inLanguage\":\"de\"}]}<\/script>\n<!-- \/ Yoast SEO plugin. -->","yoast_head_json":{"title":"Public-Value Projekte - IPEC-Group","robots":{"index":"index","follow":"follow","max-snippet":"max-snippet:-1","max-image-preview":"max-image-preview:large","max-video-preview":"max-video-preview:-1"},"canonical":"https:\/\/ipec2025.ipec-group.com\/de\/public-value\/","og_locale":"de_DE","og_type":"article","og_title":"Public-Value Projekte - IPEC-Group","og_description":"Public-Value Projekte Soziale Verantwortung durch Public-Value-Projekte Bei der IPEC GROUP sind wir uns bewusst, dass nachhaltiger Erfolg mit sozialer Verantwortung Hand in Hand geht. Unsere Public-Value-Projekte sind ein zentraler Bestandteil unserer Unternehmensphilosophie und zielen darauf ab, einen positiven Beitrag f\u00fcr die Gemeinden zu leisten, in denen wir t\u00e4tig sind. Aktuelle Initiativen Umweltschutz und Nachhaltigkeit Integration [&hellip;]","og_url":"https:\/\/ipec2025.ipec-group.com\/de\/public-value\/","og_site_name":"IPEC-Group","article_modified_time":"2025-08-13T18:16:54+00:00","twitter_card":"summary_large_image","twitter_misc":{"Gesch\u00e4tzte Lesezeit":"1\u00a0Minute"},"schema":{"@context":"https:\/\/schema.org","@graph":[{"@type":"WebPage","@id":"https:\/\/ipec2025.ipec-group.com\/de\/public-value\/","url":"https:\/\/ipec2025.ipec-group.com\/de\/public-value\/","name":"Public-Value Projekte - IPEC-Group","isPartOf":{"@id":"https:\/\/ipec2025.ipec-group.com\/de\/#website"},"datePublished":"2025-06-05T10:43:26+00:00","dateModified":"2025-08-13T18:16:54+00:00","breadcrumb":{"@id":"https:\/\/ipec2025.ipec-group.com\/de\/public-value\/#breadcrumb"},"inLanguage":"de","potentialAction":[{"@type":"ReadAction","target":["https:\/\/ipec2025.ipec-group.com\/de\/public-value\/"]}]},{"@type":"BreadcrumbList","@id":"https:\/\/ipec2025.ipec-group.com\/de\/public-value\/#breadcrumb","itemListElement":[{"@type":"ListItem","position":1,"name":"Startseite","item":"https:\/\/ipec2025.ipec-group.com\/de\/"},{"@type":"ListItem","position":2,"name":"Public-Value Projekte"}]},{"@type":"WebSite","@id":"https:\/\/ipec2025.ipec-group.com\/de\/#website","url":"https:\/\/ipec2025.ipec-group.com\/de\/","name":"IPEC-Group","description":"","potentialAction":[{"@type":"SearchAction","target":{"@type":"EntryPoint","urlTemplate":"https:\/\/ipec2025.ipec-group.com\/de\/?s={search_term_string}"},"query-input":{"@type":"PropertyValueSpecification","valueRequired":true,"valueName":"search_term_string"}}],"inLanguage":"de"}]}},"_links":{"self":[{"href":"https:\/\/ipec2025.ipec-group.com\/de\/wp-json\/wp\/v2\/pages\/8451","targetHints":{"allow":["GET"]}}],"collection":[{"href":"https:\/\/ipec2025.ipec-group.com\/de\/wp-json\/wp\/v2\/pages"}],"about":[{"href":"https:\/\/ipec2025.ipec-group.com\/de\/wp-json\/wp\/v2\/types\/page"}],"author":[{"embeddable":true,"href":"https:\/\/ipec2025.ipec-group.com\/de\/wp-json\/wp\/v2\/users\/1"}],"replies":[{"embeddable":true,"href":"https:\/\/ipec2025.ipec-group.com\/de\/wp-json\/wp\/v2\/comments?post=8451"}],"version-history":[{"count":3,"href":"https:\/\/ipec2025.ipec-group.com\/de\/wp-json\/wp\/v2\/pages\/8451\/revisions"}],"predecessor-version":[{"id":8478,"href":"https:\/\/ipec2025.ipec-group.com\/de\/wp-json\/wp\/v2\/pages\/8451\/revisions\/8478"}],"wp:attachment":[{"href":"https:\/\/ipec2025.ipec-group.com\/de\/wp-json\/wp\/v2\/media?parent=8451"}],"curies":[{"name":"wp","href":"https:\/\/api.w.org\/{rel}","templated":true}]}}