{"id":8437,"date":"2025-06-03T20:22:44","date_gmt":"2025-06-03T18:22:44","guid":{"rendered":"https:\/\/ipec2025.ipec-group.com\/nachrichten\/"},"modified":"2025-08-13T19:54:59","modified_gmt":"2025-08-13T17:54:59","slug":"news","status":"publish","type":"page","link":"https:\/\/ipec2025.ipec-group.com\/de\/news\/","title":{"rendered":"Neuigkeiten"},"content":{"rendered":"\t\t<div data-elementor-type=\"wp-page\" data-elementor-id=\"8437\" class=\"elementor elementor-8437 elementor-6679\" data-elementor-post-type=\"page\">\n\t\t\t\t<div class=\"elementor-element elementor-element-2ef4a690 e-flex e-con-boxed e-con e-parent\" data-id=\"2ef4a690\" data-element_type=\"container\" data-settings=\"{&quot;background_background&quot;:&quot;classic&quot;}\">\n\t\t\t\t\t<div class=\"e-con-inner\">\n\t\t<div class=\"elementor-element elementor-element-57ce313c e-con-full e-flex e-con e-child\" data-id=\"57ce313c\" data-element_type=\"container\">\n\t\t\t\t<div class=\"elementor-element elementor-element-4cea5670 elementor-widget elementor-widget-heading\" data-id=\"4cea5670\" data-element_type=\"widget\" data-widget_type=\"heading.default\">\n\t\t\t\t<div class=\"elementor-widget-container\">\n\t\t\t\t\t<h2 class=\"elementor-heading-title elementor-size-default\">Neuigkeiten<\/h2>\t\t\t\t<\/div>\n\t\t\t\t<\/div>\n\t\t\t\t<div class=\"elementor-element elementor-element-17157a5 elementor-widget elementor-widget-heading\" data-id=\"17157a5\" data-element_type=\"widget\" data-widget_type=\"heading.default\">\n\t\t\t\t<div class=\"elementor-widget-container\">\n\t\t\t\t\t<h5 class=\"elementor-heading-title elementor-size-default\">Aktuelle Entwicklungen bei IPEC GROUP<\/h5>\t\t\t\t<\/div>\n\t\t\t\t<\/div>\n\t\t\t\t<\/div>\n\t\t<div class=\"elementor-element elementor-element-7eb66af e-con-full e-flex e-con e-child\" data-id=\"7eb66af\" data-element_type=\"container\">\n\t\t\t\t<div class=\"elementor-element elementor-element-60dbb16 elementor-widget elementor-widget-text-editor\" data-id=\"60dbb16\" data-element_type=\"widget\" data-widget_type=\"text-editor.default\">\n\t\t\t\t<div class=\"elementor-widget-container\">\n\t\t\t\t\t\t\t\t\t<p>Bleiben Sie auf dem Laufenden mit den neuesten Nachrichten, Projektfortschritten und Meilensteinen der IPEC Group. Hier finden Sie regelm\u00e4\u00dfig aktuelle Informationen \u00fcber unsere laufenden und geplanten Entwicklungen.<\/p>\t\t\t\t\t\t\t\t<\/div>\n\t\t\t\t<\/div>\n\t\t\t\t<\/div>\n\t\t\t\t\t<\/div>\n\t\t\t\t<\/div>\n\t\t\t\t<\/div>\n\t\t","protected":false},"excerpt":{"rendered":"<p>Neuigkeiten Aktuelle Entwicklungen bei IPEC GROUP Bleiben Sie auf dem Laufenden mit den neuesten Nachrichten, Projektfortschritten und Meilensteinen der IPEC Group. Hier finden Sie regelm\u00e4\u00dfig aktuelle Informationen \u00fcber unsere laufenden und geplanten Entwicklungen.<\/p>\n","protected":false},"author":1,"featured_media":0,"parent":0,"menu_order":0,"comment_status":"closed","ping_status":"closed","template":"","meta":{"footnotes":""},"class_list":["post-8437","page","type-page","status-publish","hentry"],"yoast_head":"<!-- This site is optimized with the Yoast SEO plugin v25.3 - https:\/\/yoast.com\/wordpress\/plugins\/seo\/ -->\n<title>Neuigkeiten - IPEC-Group<\/title>\n<meta name=\"robots\" content=\"index, follow, max-snippet:-1, max-image-preview:large, max-video-preview:-1\" \/>\n<link rel=\"canonical\" href=\"https:\/\/ipec2025.ipec-group.com\/de\/news\/\" \/>\n<meta property=\"og:locale\" content=\"de_DE\" \/>\n<meta property=\"og:type\" content=\"article\" \/>\n<meta property=\"og:title\" content=\"Neuigkeiten - IPEC-Group\" \/>\n<meta property=\"og:description\" content=\"Neuigkeiten Aktuelle Entwicklungen bei IPEC GROUP Bleiben Sie auf dem Laufenden mit den neuesten Nachrichten, Projektfortschritten und Meilensteinen der IPEC Group. Hier finden Sie regelm\u00e4\u00dfig aktuelle Informationen \u00fcber unsere laufenden und geplanten Entwicklungen.\" \/>\n<meta property=\"og:url\" content=\"https:\/\/ipec2025.ipec-group.com\/de\/news\/\" \/>\n<meta property=\"og:site_name\" content=\"IPEC-Group\" \/>\n<meta property=\"article:modified_time\" content=\"2025-08-13T17:54:59+00:00\" \/>\n<meta name=\"twitter:card\" content=\"summary_large_image\" \/>\n<script type=\"application\/ld+json\" class=\"yoast-schema-graph\">{\"@context\":\"https:\/\/schema.org\",\"@graph\":[{\"@type\":\"WebPage\",\"@id\":\"https:\/\/ipec2025.ipec-group.com\/de\/news\/\",\"url\":\"https:\/\/ipec2025.ipec-group.com\/de\/news\/\",\"name\":\"Neuigkeiten - IPEC-Group\",\"isPartOf\":{\"@id\":\"https:\/\/ipec2025.ipec-group.com\/de\/#website\"},\"datePublished\":\"2025-06-03T18:22:44+00:00\",\"dateModified\":\"2025-08-13T17:54:59+00:00\",\"breadcrumb\":{\"@id\":\"https:\/\/ipec2025.ipec-group.com\/de\/news\/#breadcrumb\"},\"inLanguage\":\"de\",\"potentialAction\":[{\"@type\":\"ReadAction\",\"target\":[\"https:\/\/ipec2025.ipec-group.com\/de\/news\/\"]}]},{\"@type\":\"BreadcrumbList\",\"@id\":\"https:\/\/ipec2025.ipec-group.com\/de\/news\/#breadcrumb\",\"itemListElement\":[{\"@type\":\"ListItem\",\"position\":1,\"name\":\"Startseite\",\"item\":\"https:\/\/ipec2025.ipec-group.com\/de\/\"},{\"@type\":\"ListItem\",\"position\":2,\"name\":\"Neuigkeiten\"}]},{\"@type\":\"WebSite\",\"@id\":\"https:\/\/ipec2025.ipec-group.com\/de\/#website\",\"url\":\"https:\/\/ipec2025.ipec-group.com\/de\/\",\"name\":\"IPEC-Group\",\"description\":\"\",\"potentialAction\":[{\"@type\":\"SearchAction\",\"target\":{\"@type\":\"EntryPoint\",\"urlTemplate\":\"https:\/\/ipec2025.ipec-group.com\/de\/?s={search_term_string}\"},\"query-input\":{\"@type\":\"PropertyValueSpecification\",\"valueRequired\":true,\"valueName\":\"search_term_string\"}}],\"inLanguage\":\"de\"}]}<\/script>\n<!-- \/ Yoast SEO plugin. -->","yoast_head_json":{"title":"Neuigkeiten - IPEC-Group","robots":{"index":"index","follow":"follow","max-snippet":"max-snippet:-1","max-image-preview":"max-image-preview:large","max-video-preview":"max-video-preview:-1"},"canonical":"https:\/\/ipec2025.ipec-group.com\/de\/news\/","og_locale":"de_DE","og_type":"article","og_title":"Neuigkeiten - IPEC-Group","og_description":"Neuigkeiten Aktuelle Entwicklungen bei IPEC GROUP Bleiben Sie auf dem Laufenden mit den neuesten Nachrichten, Projektfortschritten und Meilensteinen der IPEC Group. Hier finden Sie regelm\u00e4\u00dfig aktuelle Informationen \u00fcber unsere laufenden und geplanten Entwicklungen.","og_url":"https:\/\/ipec2025.ipec-group.com\/de\/news\/","og_site_name":"IPEC-Group","article_modified_time":"2025-08-13T17:54:59+00:00","twitter_card":"summary_large_image","schema":{"@context":"https:\/\/schema.org","@graph":[{"@type":"WebPage","@id":"https:\/\/ipec2025.ipec-group.com\/de\/news\/","url":"https:\/\/ipec2025.ipec-group.com\/de\/news\/","name":"Neuigkeiten - IPEC-Group","isPartOf":{"@id":"https:\/\/ipec2025.ipec-group.com\/de\/#website"},"datePublished":"2025-06-03T18:22:44+00:00","dateModified":"2025-08-13T17:54:59+00:00","breadcrumb":{"@id":"https:\/\/ipec2025.ipec-group.com\/de\/news\/#breadcrumb"},"inLanguage":"de","potentialAction":[{"@type":"ReadAction","target":["https:\/\/ipec2025.ipec-group.com\/de\/news\/"]}]},{"@type":"BreadcrumbList","@id":"https:\/\/ipec2025.ipec-group.com\/de\/news\/#breadcrumb","itemListElement":[{"@type":"ListItem","position":1,"name":"Startseite","item":"https:\/\/ipec2025.ipec-group.com\/de\/"},{"@type":"ListItem","position":2,"name":"Neuigkeiten"}]},{"@type":"WebSite","@id":"https:\/\/ipec2025.ipec-group.com\/de\/#website","url":"https:\/\/ipec2025.ipec-group.com\/de\/","name":"IPEC-Group","description":"","potentialAction":[{"@type":"SearchAction","target":{"@type":"EntryPoint","urlTemplate":"https:\/\/ipec2025.ipec-group.com\/de\/?s={search_term_string}"},"query-input":{"@type":"PropertyValueSpecification","valueRequired":true,"valueName":"search_term_string"}}],"inLanguage":"de"}]}},"_links":{"self":[{"href":"https:\/\/ipec2025.ipec-group.com\/de\/wp-json\/wp\/v2\/pages\/8437","targetHints":{"allow":["GET"]}}],"collection":[{"href":"https:\/\/ipec2025.ipec-group.com\/de\/wp-json\/wp\/v2\/pages"}],"about":[{"href":"https:\/\/ipec2025.ipec-group.com\/de\/wp-json\/wp\/v2\/types\/page"}],"author":[{"embeddable":true,"href":"https:\/\/ipec2025.ipec-group.com\/de\/wp-json\/wp\/v2\/users\/1"}],"replies":[{"embeddable":true,"href":"https:\/\/ipec2025.ipec-group.com\/de\/wp-json\/wp\/v2\/comments?post=8437"}],"version-history":[{"count":3,"href":"https:\/\/ipec2025.ipec-group.com\/de\/wp-json\/wp\/v2\/pages\/8437\/revisions"}],"predecessor-version":[{"id":8469,"href":"https:\/\/ipec2025.ipec-group.com\/de\/wp-json\/wp\/v2\/pages\/8437\/revisions\/8469"}],"wp:attachment":[{"href":"https:\/\/ipec2025.ipec-group.com\/de\/wp-json\/wp\/v2\/media?parent=8437"}],"curies":[{"name":"wp","href":"https:\/\/api.w.org\/{rel}","templated":true}]}}