{"id":8426,"date":"2024-02-15T10:55:01","date_gmt":"2024-02-15T08:55:01","guid":{"rendered":"https:\/\/ipec2025.ipec-group.com\/impressum\/"},"modified":"2025-08-13T19:57:30","modified_gmt":"2025-08-13T17:57:30","slug":"imprint","status":"publish","type":"page","link":"https:\/\/ipec2025.ipec-group.com\/de\/imprint\/","title":{"rendered":"Impressum"},"content":{"rendered":"\t\t<div data-elementor-type=\"wp-page\" data-elementor-id=\"8426\" class=\"elementor elementor-8426 elementor-1262\" data-elementor-post-type=\"page\">\n\t\t\t\t<div class=\"elementor-element elementor-element-32bd3fba e-flex e-con-boxed e-con e-parent\" data-id=\"32bd3fba\" data-element_type=\"container\" data-settings=\"{&quot;background_background&quot;:&quot;classic&quot;}\">\n\t\t\t\t\t<div class=\"e-con-inner\">\n\t\t<div class=\"elementor-element elementor-element-612739ef e-con-full e-flex e-con e-child\" data-id=\"612739ef\" data-element_type=\"container\">\n\t\t\t\t<div class=\"elementor-element elementor-element-3e36fb25 elementor-widget elementor-widget-heading\" data-id=\"3e36fb25\" data-element_type=\"widget\" data-widget_type=\"heading.default\">\n\t\t\t\t<div class=\"elementor-widget-container\">\n\t\t\t\t\t<h2 class=\"elementor-heading-title elementor-size-default\">Impressum<\/h2>\t\t\t\t<\/div>\n\t\t\t\t<\/div>\n\t\t\t\t<div class=\"elementor-element elementor-element-5349ff80 elementor-widget elementor-widget-heading\" data-id=\"5349ff80\" data-element_type=\"widget\" data-widget_type=\"heading.default\">\n\t\t\t\t<div class=\"elementor-widget-container\">\n\t\t\t\t\t<h5 class=\"elementor-heading-title elementor-size-default\">Rechtliche Informationen und Kontaktdaten gem\u00e4\u00df den gesetzlichen Anforderungen<\/h5>\t\t\t\t<\/div>\n\t\t\t\t<\/div>\n\t\t\t\t<\/div>\n\t\t\t\t<div class=\"elementor-element elementor-element-1226b2b elementor-widget elementor-widget-html\" data-id=\"1226b2b\" data-element_type=\"widget\" data-widget_type=\"html.default\">\n\t\t\t\t<div class=\"elementor-widget-container\">\n\t\t\t\t\t<div class=\"container mx-auto\">\r\n\r\n    <!-- Main Content -->\r\n    <div class=\"space-y-8\">\r\n        <!-- Company Information -->\r\n        <div class=\"bg-white rounded-2xl shadow-xl p-8 lg:p-12\">\r\n            <h2 class=\"text-2xl lg:text-3xl font-bold text-gray-800 mb-8 flex items-center justify-center\"><!--\r\n                <div class=\"w-12 h-12 bg-gradient-to-r from-blue-500 to-blue-600 rounded-full flex items-center justify-center mr-4\">\r\n                    <i class=\"fas fa-building text-white text-xl\"><\/i>\r\n                <\/div>-->\r\n  Informationen zum Unternehmen\r\n            <\/h2>\r\n\r\n            <div class=\"grid md:grid-cols-2 gap-8\">\r\n                <!-- Company Details -->\r\n                <div class=\"space-y-6\">\r\n                    <div class=\"flex items-center\">\r\n                        <i class=\"fas fa-industry text-blue-600 mr-4 ml-[-5px] text-xl\"><\/i>\r\n                        <div>\r\n                            <span class=\"text-lg font-bold text-gray-800\">Unternehmen<\/span>\r\n                            <p class=\"text-gray-700\">IPEC (s), spol. s.r.o.<\/p>\r\n                        <\/div>\r\n                    <\/div>\r\n\r\n                    <div class=\"flex items-start\">\r\n                        <i class=\"fas fa-map-marker-alt text-blue-600 mr-4 text-xl mt-1\"><\/i>\r\n                        <div>\r\n                            <span class=\"text-lg font-bold text-gray-800\">Adresse<\/span>\r\n                            <p class=\"text-gray-700\">Dia\u013eni\u010dn\u00e1 cesta 22B, Senec, 903 01, Slowakei<\/p>\r\n                        <\/div>\r\n                    <\/div>\r\n                <\/div>\r\n\r\n                <!-- Contact Information -->\r\n                <div class=\"space-y-6\">\r\n                    <div class=\"flex items-center\">\r\n                        <i class=\"fas fa-phone text-blue-600 mr-4 text-xl\"><\/i>\r\n                        <div>\r\n                            <span class=\"text-lg font-bold text-gray-800\">Telefon<\/span>\r\n                            <p>\r\n                                <a href=\"tel:+421240100200\" class=\"text-blue-700 hover:text-blue-900 font-semibold transition-colors\">\r\n  +421 240 100 200\r\n                                <\/a>\r\n                            <\/p>\r\n                        <\/div>\r\n                    <\/div>\r\n\r\n                    <div class=\"flex items-center\">\r\n                        <i class=\"fas fa-envelope text-blue-600 mr-4 text-xl\"><\/i>\r\n                        <div>\r\n                            <span class=\"text-lg font-bold text-gray-800\">E-Mail<\/span>\r\n                            <p>\r\n                                <a href=\"mailto:info@ipec-group.com\" class=\"text-blue-700 hover:text-blue-900 font-semibold transition-colors\">\r\n  info@ipec-group.com\r\n                                <\/a>\r\n                            <\/p>\r\n                        <\/div>\r\n                    <\/div>\r\n                <\/div>\r\n            <\/div>\r\n        <\/div>\r\n\r\n        <!-- Legal Information -->\r\n        <div class=\"bg-white rounded-2xl shadow-xl p-8 lg:p-12\">\r\n            <h2 class=\"text-2xl lg:text-3xl font-bold text-gray-800 mb-8 flex items-center justify-center\"><!--\r\n                <div class=\"w-12 h-12 bg-gradient-to-r from-red-500 to-red-600 rounded-full flex items-center justify-center mr-4\">\r\n                    <i class=\"fas fa-gavel text-white text-xl\"><\/i>\r\n                <\/div>-->\r\n  Rechtliche Informationen\r\n            <\/h2>\r\n\r\n            <div class=\"grid md:grid-cols-2 gap-8\">\r\n                <div class=\"space-y-6\">\r\n                    <div class=\"flex items-center\">\r\n                        <i class=\"fas fa-certificate text-blue-600 mr-4 ml-[-3px] text-xl\"><\/i>\r\n                        <div>\r\n                            <span class=\"text-lg font-bold text-gray-800\">Verantwortlich f\u00fcr den Inhalt<\/span>\r\n                            <p class=\"text-gray-700\">IPEC (s), spol. s.r.o.<\/p>\r\n                        <\/div>\r\n                    <\/div>\r\n\r\n                    <div class=\"flex items-center\">\r\n                        <i class=\"fas fa-user-tie text-blue-600 mr-4 text-xl\"><\/i>\r\n                        <div>\r\n                            <span class=\"text-lg font-bold text-gray-800\">Gesch\u00e4ftsf\u00fchrender Direktor<\/span>\r\n                            <p class=\"text-gray-700\">Ing. Jana \u010carnogursk\u00e1<\/p>\r\n                        <\/div>\r\n                    <\/div>\r\n                <\/div>\r\n\r\n                <div class=\"space-y-6\">\r\n                    <div class=\"flex items-center\">\r\n                        <i class=\"fas fa-file-contract text-blue-600 ml-1 mr-5 text-xl\"><\/i>\r\n                        <div>\r\n                            <span class=\"text-lg font-bold text-gray-800\">UMSATZSTEUERIDENTIFIKATIONSNUMMER<\/span>\r\n                            <p class=\"text-gray-700\">SK2022500447<\/p>\r\n                        <\/div>\r\n                    <\/div>\r\n\r\n                    <div class=\"flex items-center\">\r\n                        <i class=\"fas fa-balance-scale text-blue-600 mr-4 text-xl\"><\/i>\r\n                        <div>\r\n                            <span class=\"text-lg font-bold text-gray-800\">Handelsregister<\/span>\r\n                            <p class=\"text-gray-700\">Unternehmensregister des Stadtgerichts Bratislava III<br>Beilage Nr. 49405\/B<\/p>\r\n                        <\/div>\r\n                    <\/div>\r\n                <\/div>\r\n            <\/div>\r\n        <\/div>\r\n\r\n        <!-- Disclaimer -->\r\n        <div class=\"bg-gradient-to-r from-gray-800 to-gray-900 rounded-2xl shadow-xl p-8 lg:p-12 text-white\">\r\n            <h2 class=\"text-2xl lg:text-3xl font-bold mb-8 flex items-center justify-center\">\r\n                <div class=\"w-12 h-12 bg-white\/20 rounded-full flex items-center justify-center mr-4\">\r\n                    <i class=\"fas fa-exclamation-triangle text-2xl\"><\/i>\r\n                <\/div>\r\n  Haftungsausschluss\r\n            <\/h2>\r\n\r\n            <div class=\"grid md:grid-cols-2 gap-8\">\r\n                <div>\r\n                    <h3 class=\"text-xl font-bold mb-4 flex items-center\">\r\n                        <i class=\"fas fa-shield-alt text-blue-400 mr-3\"><\/i>\r\n  Haftung f\u00fcr Inhalte\r\n                    <\/h3>\r\n                    <p class=\"text-gray-300 leading-relaxed\">\r\n  Die Inhalte unserer Seiten wurden mit gr\u00f6\u00dfter Sorgfalt erstellt. F\u00fcr die Richtigkeit, Vollst\u00e4ndigkeit und Aktualit\u00e4t der Inhalte k\u00f6nnen wir jedoch keine Gew\u00e4hr \u00fcbernehmen. Gem\u00e4\u00df den gesetzlichen Bestimmungen sind wir dar\u00fcber hinaus f\u00fcr eigene Inhalte auf diesen Seiten verantwortlich.\r\n                    <\/p>\r\n                <\/div>\r\n\r\n                <div>\r\n                    <h3 class=\"text-xl font-bold mb-4 flex items-center\">\r\n                        <i class=\"fas fa-link text-green-400 mr-3\"><\/i>\r\n  Haftung f\u00fcr Links\r\n                    <\/h3>\r\n                    <p class=\"text-gray-300 leading-relaxed\">\r\n  Unser Angebot enth\u00e4lt Links zu externen Webseiten Dritter. Auf die Inhalte dieser Websites haben wir keinen Einfluss, daher k\u00f6nnen wir f\u00fcr diese Inhalte auch keine Gew\u00e4hr \u00fcbernehmen. F\u00fcr die Inhalte der verlinkten Seiten ist stets der jeweilige Anbieter oder Betreiber der Seiten verantwortlich.\r\n                    <\/p>\r\n                <\/div>\r\n            <\/div>\r\n\r\n            <div class=\"mt-8 text-center\">\r\n                <p class=\"text-gray-400 text-sm\">\r\n  Das Impressum ist g\u00fcltig ab dem Datum der letzten Aktualisierung der Website und kann \u00c4nderungen unterliegen.\r\n                <\/p>\r\n            <\/div>\r\n        <\/div>\r\n    <\/div>\r\n<\/div>\t\t\t\t<\/div>\n\t\t\t\t<\/div>\n\t\t\t\t\t<\/div>\n\t\t\t\t<\/div>\n\t\t\t\t<\/div>\n\t\t","protected":false},"excerpt":{"rendered":"<p>Impressum Rechtliche Informationen und Kontaktdaten gem\u00e4\u00df den gesetzlichen Anforderungen Informationen zum Unternehmen Unternehmen IPEC (s), spol. s.r.o. Adresse Dia\u013eni\u010dn\u00e1 cesta 22B, Senec, 903 01, Slowakei Telefon +421 240 100 200 E-Mail info@ipec-group.com Rechtliche Informationen Verantwortlich f\u00fcr den Inhalt IPEC (s), spol. s.r.o. Gesch\u00e4ftsf\u00fchrender Direktor Ing. Jana \u010carnogursk\u00e1 UMSATZSTEUERIDENTIFIKATIONSNUMMER SK2022500447 Handelsregister Unternehmensregister des Stadtgerichts Bratislava IIIBeilage [&hellip;]<\/p>\n","protected":false},"author":1,"featured_media":0,"parent":0,"menu_order":0,"comment_status":"closed","ping_status":"closed","template":"","meta":{"footnotes":""},"class_list":["post-8426","page","type-page","status-publish","hentry"],"yoast_head":"<!-- This site is optimized with the Yoast SEO plugin v25.3 - https:\/\/yoast.com\/wordpress\/plugins\/seo\/ -->\n<title>Impressum - IPEC-Group<\/title>\n<meta name=\"robots\" content=\"index, follow, max-snippet:-1, max-image-preview:large, max-video-preview:-1\" \/>\n<link rel=\"canonical\" href=\"https:\/\/ipec2025.ipec-group.com\/de\/imprint\/\" \/>\n<meta property=\"og:locale\" content=\"de_DE\" \/>\n<meta property=\"og:type\" content=\"article\" \/>\n<meta property=\"og:title\" content=\"Impressum - IPEC-Group\" \/>\n<meta property=\"og:description\" content=\"Impressum Rechtliche Informationen und Kontaktdaten gem\u00e4\u00df den gesetzlichen Anforderungen Informationen zum Unternehmen Unternehmen IPEC (s), spol. s.r.o. Adresse Dia\u013eni\u010dn\u00e1 cesta 22B, Senec, 903 01, Slowakei Telefon +421 240 100 200 E-Mail info@ipec-group.com Rechtliche Informationen Verantwortlich f\u00fcr den Inhalt IPEC (s), spol. s.r.o. Gesch\u00e4ftsf\u00fchrender Direktor Ing. Jana \u010carnogursk\u00e1 UMSATZSTEUERIDENTIFIKATIONSNUMMER SK2022500447 Handelsregister Unternehmensregister des Stadtgerichts Bratislava IIIBeilage [&hellip;]\" \/>\n<meta property=\"og:url\" content=\"https:\/\/ipec2025.ipec-group.com\/de\/imprint\/\" \/>\n<meta property=\"og:site_name\" content=\"IPEC-Group\" \/>\n<meta property=\"article:modified_time\" content=\"2025-08-13T17:57:30+00:00\" \/>\n<meta name=\"twitter:card\" content=\"summary_large_image\" \/>\n<meta name=\"twitter:label1\" content=\"Gesch\u00e4tzte Lesezeit\" \/>\n\t<meta name=\"twitter:data1\" content=\"1\u00a0Minute\" \/>\n<script type=\"application\/ld+json\" class=\"yoast-schema-graph\">{\"@context\":\"https:\/\/schema.org\",\"@graph\":[{\"@type\":\"WebPage\",\"@id\":\"https:\/\/ipec2025.ipec-group.com\/de\/imprint\/\",\"url\":\"https:\/\/ipec2025.ipec-group.com\/de\/imprint\/\",\"name\":\"Impressum - IPEC-Group\",\"isPartOf\":{\"@id\":\"https:\/\/ipec2025.ipec-group.com\/de\/#website\"},\"datePublished\":\"2024-02-15T08:55:01+00:00\",\"dateModified\":\"2025-08-13T17:57:30+00:00\",\"breadcrumb\":{\"@id\":\"https:\/\/ipec2025.ipec-group.com\/de\/imprint\/#breadcrumb\"},\"inLanguage\":\"de\",\"potentialAction\":[{\"@type\":\"ReadAction\",\"target\":[\"https:\/\/ipec2025.ipec-group.com\/de\/imprint\/\"]}]},{\"@type\":\"BreadcrumbList\",\"@id\":\"https:\/\/ipec2025.ipec-group.com\/de\/imprint\/#breadcrumb\",\"itemListElement\":[{\"@type\":\"ListItem\",\"position\":1,\"name\":\"Startseite\",\"item\":\"https:\/\/ipec2025.ipec-group.com\/de\/\"},{\"@type\":\"ListItem\",\"position\":2,\"name\":\"Impressum\"}]},{\"@type\":\"WebSite\",\"@id\":\"https:\/\/ipec2025.ipec-group.com\/de\/#website\",\"url\":\"https:\/\/ipec2025.ipec-group.com\/de\/\",\"name\":\"IPEC-Group\",\"description\":\"\",\"potentialAction\":[{\"@type\":\"SearchAction\",\"target\":{\"@type\":\"EntryPoint\",\"urlTemplate\":\"https:\/\/ipec2025.ipec-group.com\/de\/?s={search_term_string}\"},\"query-input\":{\"@type\":\"PropertyValueSpecification\",\"valueRequired\":true,\"valueName\":\"search_term_string\"}}],\"inLanguage\":\"de\"}]}<\/script>\n<!-- \/ Yoast SEO plugin. -->","yoast_head_json":{"title":"Impressum - IPEC-Group","robots":{"index":"index","follow":"follow","max-snippet":"max-snippet:-1","max-image-preview":"max-image-preview:large","max-video-preview":"max-video-preview:-1"},"canonical":"https:\/\/ipec2025.ipec-group.com\/de\/imprint\/","og_locale":"de_DE","og_type":"article","og_title":"Impressum - IPEC-Group","og_description":"Impressum Rechtliche Informationen und Kontaktdaten gem\u00e4\u00df den gesetzlichen Anforderungen Informationen zum Unternehmen Unternehmen IPEC (s), spol. s.r.o. Adresse Dia\u013eni\u010dn\u00e1 cesta 22B, Senec, 903 01, Slowakei Telefon +421 240 100 200 E-Mail info@ipec-group.com Rechtliche Informationen Verantwortlich f\u00fcr den Inhalt IPEC (s), spol. s.r.o. Gesch\u00e4ftsf\u00fchrender Direktor Ing. Jana \u010carnogursk\u00e1 UMSATZSTEUERIDENTIFIKATIONSNUMMER SK2022500447 Handelsregister Unternehmensregister des Stadtgerichts Bratislava IIIBeilage [&hellip;]","og_url":"https:\/\/ipec2025.ipec-group.com\/de\/imprint\/","og_site_name":"IPEC-Group","article_modified_time":"2025-08-13T17:57:30+00:00","twitter_card":"summary_large_image","twitter_misc":{"Gesch\u00e4tzte Lesezeit":"1\u00a0Minute"},"schema":{"@context":"https:\/\/schema.org","@graph":[{"@type":"WebPage","@id":"https:\/\/ipec2025.ipec-group.com\/de\/imprint\/","url":"https:\/\/ipec2025.ipec-group.com\/de\/imprint\/","name":"Impressum - IPEC-Group","isPartOf":{"@id":"https:\/\/ipec2025.ipec-group.com\/de\/#website"},"datePublished":"2024-02-15T08:55:01+00:00","dateModified":"2025-08-13T17:57:30+00:00","breadcrumb":{"@id":"https:\/\/ipec2025.ipec-group.com\/de\/imprint\/#breadcrumb"},"inLanguage":"de","potentialAction":[{"@type":"ReadAction","target":["https:\/\/ipec2025.ipec-group.com\/de\/imprint\/"]}]},{"@type":"BreadcrumbList","@id":"https:\/\/ipec2025.ipec-group.com\/de\/imprint\/#breadcrumb","itemListElement":[{"@type":"ListItem","position":1,"name":"Startseite","item":"https:\/\/ipec2025.ipec-group.com\/de\/"},{"@type":"ListItem","position":2,"name":"Impressum"}]},{"@type":"WebSite","@id":"https:\/\/ipec2025.ipec-group.com\/de\/#website","url":"https:\/\/ipec2025.ipec-group.com\/de\/","name":"IPEC-Group","description":"","potentialAction":[{"@type":"SearchAction","target":{"@type":"EntryPoint","urlTemplate":"https:\/\/ipec2025.ipec-group.com\/de\/?s={search_term_string}"},"query-input":{"@type":"PropertyValueSpecification","valueRequired":true,"valueName":"search_term_string"}}],"inLanguage":"de"}]}},"_links":{"self":[{"href":"https:\/\/ipec2025.ipec-group.com\/de\/wp-json\/wp\/v2\/pages\/8426","targetHints":{"allow":["GET"]}}],"collection":[{"href":"https:\/\/ipec2025.ipec-group.com\/de\/wp-json\/wp\/v2\/pages"}],"about":[{"href":"https:\/\/ipec2025.ipec-group.com\/de\/wp-json\/wp\/v2\/types\/page"}],"author":[{"embeddable":true,"href":"https:\/\/ipec2025.ipec-group.com\/de\/wp-json\/wp\/v2\/users\/1"}],"replies":[{"embeddable":true,"href":"https:\/\/ipec2025.ipec-group.com\/de\/wp-json\/wp\/v2\/comments?post=8426"}],"version-history":[{"count":1,"href":"https:\/\/ipec2025.ipec-group.com\/de\/wp-json\/wp\/v2\/pages\/8426\/revisions"}],"predecessor-version":[{"id":8427,"href":"https:\/\/ipec2025.ipec-group.com\/de\/wp-json\/wp\/v2\/pages\/8426\/revisions\/8427"}],"wp:attachment":[{"href":"https:\/\/ipec2025.ipec-group.com\/de\/wp-json\/wp\/v2\/media?parent=8426"}],"curies":[{"name":"wp","href":"https:\/\/api.w.org\/{rel}","templated":true}]}}